{"id":476,"date":"2023-06-27T20:08:10","date_gmt":"2023-06-27T20:08:10","guid":{"rendered":"https:\/\/camposenentrerios.com\/?post_type=product&#038;p=476"},"modified":"2024-05-03T18:56:23","modified_gmt":"2024-05-03T21:56:23","slug":"campo-agricola-ganadero-en-venta-60-hectareas-las-guachas-tala-entre-rios","status":"publish","type":"product","link":"https:\/\/camposenentrerios.com\/en\/product\/campo-agricola-ganadero-en-venta-60-hectareas-las-guachas-tala-entre-rios\/","title":{"rendered":"SOLD. AGRICULTURAL-LIVESTOCK field for sale. 60 ha. Las Guachas, Tala, Entre Rios"},"content":{"rendered":"<p>FIELD SOLD!<\/p>\n<p>LOCATION: Las Guachas, TALA, Entre Rios, Argentina.<\/p>\n<p>DISTANCES:<br \/>\n20km from Rosario del Tala<\/p>\n<p>ACCESSES:<br \/>\nGood access, via asphalt and gravel roads on Provincial Route No. 15.<\/p>\n<p>FITNESS FOR USE:<br \/>\nLIVESTOCK: Breeding, Rearing, Pastures<br \/>\nAGRICULTURE: suitable for extensive crop rotation, Wheat, Soybeans, Corn.<\/p>\n<p>SURFACE:<br \/>\n60 hectares in total<br \/>\n70% use for AGRICULTURE<br \/>\n30% use for LIVESTOCK<\/p>\n<p>INFRASTRUCTURE:<br \/>\nWater tank<br \/>\nWater pump to windmill, house to be refurbished<br \/>\nShed for storing equipment and tools<br \/>\nDrinking fountains<br \/>\nElectric Light<\/p>","protected":false},"excerpt":{"rendered":"<p>FIELD SOLD! LOCATION: Las Guachas, TALA, Entre R\u00edos, Argentina. DISTANCES: 20km from Rosario del Tala ACCESS: Good access, via asphalt and gravel road on Provincial Route No. 15. SUITABLE FOR USE: LIVESTOCK: Breeding, Rearing, Pastures AGRICULTURE: Suitable for extensive crop rotation, Wheat, Soybeans, Corn. AREA: 60 total hectares 70% used for AGRICULTURE 30% used\u2026&nbsp;<a href=\"https:\/\/camposenentrerios.com\/en\/product\/campo-agricola-ganadero-en-venta-60-hectareas-las-guachas-tala-entre-rios\/\" rel=\"bookmark\">Read More \u00bb<span class=\"screen-reader-text\">SOLD. AGRICULTURAL-LIVESTOCK field for sale. 60 ha. Las Guachas, Tala, Entre Rios<\/span><\/a><\/p>","protected":false},"featured_media":973,"comment_status":"closed","ping_status":"closed","template":"","meta":{"_uag_custom_page_level_css":"","neve_meta_sidebar":"","neve_meta_container":"","neve_meta_enable_content_width":"off","neve_meta_content_width":100,"neve_meta_title_alignment":"","neve_meta_author_avatar":"","neve_post_elements_order":"","neve_meta_disable_header":"","neve_meta_disable_footer":"","neve_meta_disable_title":"","_themeisle_gutenberg_block_has_review":false},"product_brand":[],"product_cat":[18],"product_tag":[],"class_list":{"0":"post-476","1":"product","2":"type-product","3":"status-publish","4":"has-post-thumbnail","6":"product_cat-campo-mixto","8":"first","9":"outofstock","10":"shipping-taxable","11":"purchasable","12":"product-type-simple"},"yoast_head":"<!-- This site is optimized with the Yoast SEO plugin v27.3 - https:\/\/yoast.com\/product\/yoast-seo-wordpress\/ -->\n<title>VENDIDO. Campo AGRICOLA-GANADERO en Venta. 60 ha. Las Guachas, Tala, Entre Rios<\/title>\n<meta name=\"robots\" content=\"index, follow, max-snippet:-1, max-image-preview:large, max-video-preview:-1\" \/>\n<link rel=\"canonical\" href=\"https:\/\/camposenentrerios.com\/en\/product\/campo-agricola-ganadero-en-venta-60-hectareas-las-guachas-tala-entre-rios\/\" \/>\n<meta property=\"og:locale\" content=\"en_US\" \/>\n<meta property=\"og:type\" content=\"article\" \/>\n<meta property=\"og:title\" content=\"VENDIDO. Campo AGRICOLA-GANADERO en Venta. 60 ha. Las Guachas, Tala, Entre Rios\" \/>\n<meta property=\"og:description\" content=\"CAMPO VENDIDO ! UBICACI\u00d3N: Las Guachas, TALA, Entre R\u00edos, Argentina. DISTANCIAS: a 20km de Rosario del Tala ACCESOS: Buen acceso, por asfalto y ripio de Ruta Provincial N\u00b015. APTITUD DE USO: GANADERIA: Cr\u00eda, Recr\u00eda, Pasturas AGRICULTURA: apto para rotaci\u00f3n de cultivos extensivos, Trigo, Soja, Ma\u00edz. SUPERFICIE: 60 hect\u00e1reas totales 70% uso para AGRICULTURA 30% uso&hellip;&nbsp;Read More &raquo;VENDIDO. Campo AGRICOLA-GANADERO en Venta. 60 ha. Las Guachas, Tala, Entre Rios\" \/>\n<meta property=\"og:url\" content=\"https:\/\/camposenentrerios.com\/en\/product\/campo-agricola-ganadero-en-venta-60-hectareas-las-guachas-tala-entre-rios\/\" \/>\n<meta property=\"og:site_name\" content=\"Campos en Entre Rios\" \/>\n<meta property=\"article:publisher\" content=\"https:\/\/www.facebook.com\/camposenentrerios\/\" \/>\n<meta property=\"article:modified_time\" content=\"2024-05-03T21:56:23+00:00\" \/>\n<meta property=\"og:image\" content=\"https:\/\/camposenentrerios.com\/wp-content\/uploads\/2023\/06\/1.1_DESCRIPCION_VENTAS_2024-1.png\" \/>\n\t<meta property=\"og:image:width\" content=\"1080\" \/>\n\t<meta property=\"og:image:height\" content=\"1080\" \/>\n\t<meta property=\"og:image:type\" content=\"image\/png\" \/>\n<meta name=\"twitter:card\" content=\"summary_large_image\" \/>\n<meta name=\"twitter:label1\" content=\"Est. reading time\" \/>\n\t<meta name=\"twitter:data1\" content=\"1 minute\" \/>\n<script type=\"application\/ld+json\" class=\"yoast-schema-graph\">{\"@context\":\"https:\\\/\\\/schema.org\",\"@graph\":[{\"@type\":[\"WebPage\",\"RealEstateListing\"],\"@id\":\"https:\\\/\\\/camposenentrerios.com\\\/producto\\\/campo-agricola-ganadero-en-venta-60-hectareas-las-guachas-tala-entre-rios\\\/\",\"url\":\"https:\\\/\\\/camposenentrerios.com\\\/producto\\\/campo-agricola-ganadero-en-venta-60-hectareas-las-guachas-tala-entre-rios\\\/\",\"name\":\"VENDIDO. Campo AGRICOLA-GANADERO en Venta. 60 ha. Las Guachas, Tala, Entre Rios\",\"isPartOf\":{\"@id\":\"https:\\\/\\\/camposenentrerios.com\\\/#website\"},\"primaryImageOfPage\":{\"@id\":\"https:\\\/\\\/camposenentrerios.com\\\/producto\\\/campo-agricola-ganadero-en-venta-60-hectareas-las-guachas-tala-entre-rios\\\/#primaryimage\"},\"image\":{\"@id\":\"https:\\\/\\\/camposenentrerios.com\\\/producto\\\/campo-agricola-ganadero-en-venta-60-hectareas-las-guachas-tala-entre-rios\\\/#primaryimage\"},\"thumbnailUrl\":\"https:\\\/\\\/camposenentrerios.com\\\/wp-content\\\/uploads\\\/2023\\\/06\\\/1.1_DESCRIPCION_VENTAS_2024-1.png\",\"datePublished\":\"2023-06-27T20:08:10+00:00\",\"dateModified\":\"2024-05-03T21:56:23+00:00\",\"breadcrumb\":{\"@id\":\"https:\\\/\\\/camposenentrerios.com\\\/producto\\\/campo-agricola-ganadero-en-venta-60-hectareas-las-guachas-tala-entre-rios\\\/#breadcrumb\"},\"inLanguage\":\"en-US\",\"potentialAction\":[{\"@type\":\"ReadAction\",\"target\":[\"https:\\\/\\\/camposenentrerios.com\\\/producto\\\/campo-agricola-ganadero-en-venta-60-hectareas-las-guachas-tala-entre-rios\\\/\"]}]},{\"@type\":\"ImageObject\",\"inLanguage\":\"en-US\",\"@id\":\"https:\\\/\\\/camposenentrerios.com\\\/producto\\\/campo-agricola-ganadero-en-venta-60-hectareas-las-guachas-tala-entre-rios\\\/#primaryimage\",\"url\":\"https:\\\/\\\/camposenentrerios.com\\\/wp-content\\\/uploads\\\/2023\\\/06\\\/1.1_DESCRIPCION_VENTAS_2024-1.png\",\"contentUrl\":\"https:\\\/\\\/camposenentrerios.com\\\/wp-content\\\/uploads\\\/2023\\\/06\\\/1.1_DESCRIPCION_VENTAS_2024-1.png\",\"width\":1080,\"height\":1080},{\"@type\":\"BreadcrumbList\",\"@id\":\"https:\\\/\\\/camposenentrerios.com\\\/producto\\\/campo-agricola-ganadero-en-venta-60-hectareas-las-guachas-tala-entre-rios\\\/#breadcrumb\",\"itemListElement\":[{\"@type\":\"ListItem\",\"position\":1,\"name\":\"Inicio\",\"item\":\"https:\\\/\\\/camposenentrerios.com\\\/\"},{\"@type\":\"ListItem\",\"position\":2,\"name\":\"Tienda\",\"item\":\"https:\\\/\\\/camposenentrerios.com\\\/tienda\\\/\"},{\"@type\":\"ListItem\",\"position\":3,\"name\":\"VENDIDO. Campo AGRICOLA-GANADERO en Venta. 60 ha. Las Guachas, Tala, Entre Rios\"}]},{\"@type\":\"WebSite\",\"@id\":\"https:\\\/\\\/camposenentrerios.com\\\/#website\",\"url\":\"https:\\\/\\\/camposenentrerios.com\\\/\",\"name\":\"Campos en Entre R\u00edos\u00ae\",\"description\":\"Inmobiliaria rural l\u00edder en Entre R\u00edos. Venta de campos agr\u00edcolas, mixtos y ganaderos. Asesoramiento t\u00e9cnico especializado. Marca Registrada\u00ae con respaldo profesional.\",\"publisher\":{\"@id\":\"https:\\\/\\\/camposenentrerios.com\\\/#organization\"},\"alternateName\":\"Campos en Entre Rios\",\"potentialAction\":[{\"@type\":\"SearchAction\",\"target\":{\"@type\":\"EntryPoint\",\"urlTemplate\":\"https:\\\/\\\/camposenentrerios.com\\\/?s={search_term_string}\"},\"query-input\":{\"@type\":\"PropertyValueSpecification\",\"valueRequired\":true,\"valueName\":\"search_term_string\"}}],\"inLanguage\":\"en-US\"},{\"@type\":\"Organization\",\"@id\":\"https:\\\/\\\/camposenentrerios.com\\\/#organization\",\"name\":\"Campos en Entre R\u00edos\u00ae\",\"alternateName\":\"Campos en Entre Rios\",\"url\":\"https:\\\/\\\/camposenentrerios.com\\\/\",\"logo\":{\"@type\":\"ImageObject\",\"inLanguage\":\"en-US\",\"@id\":\"https:\\\/\\\/camposenentrerios.com\\\/#\\\/schema\\\/logo\\\/image\\\/\",\"url\":\"https:\\\/\\\/camposenentrerios.com\\\/wp-content\\\/uploads\\\/2025\\\/03\\\/Logo-campos-en-entre-rios.webp\",\"contentUrl\":\"https:\\\/\\\/camposenentrerios.com\\\/wp-content\\\/uploads\\\/2025\\\/03\\\/Logo-campos-en-entre-rios.webp\",\"width\":324,\"height\":324,\"caption\":\"Campos en Entre R\u00edos\u00ae\"},\"image\":{\"@id\":\"https:\\\/\\\/camposenentrerios.com\\\/#\\\/schema\\\/logo\\\/image\\\/\"},\"sameAs\":[\"https:\\\/\\\/www.facebook.com\\\/camposenentrerios\\\/\",\"https:\\\/\\\/www.instagram.com\\\/camposenentrerios\\\/\",\"https:\\\/\\\/www.youtube.com\\\/channel\\\/UCg91gblU8Pwy_BNg8pqmDmQ\",\"https:\\\/\\\/www.tiktok.com\\\/@camposenentrerios\"]}]}<\/script>\n<!-- \/ Yoast SEO plugin. -->","yoast_head_json":{"title":"SOLD. AGRICULTURAL-LIVESTOCK field for sale. 60 ha. Las Guachas, Tala, Entre Rios","robots":{"index":"index","follow":"follow","max-snippet":"max-snippet:-1","max-image-preview":"max-image-preview:large","max-video-preview":"max-video-preview:-1"},"canonical":"https:\/\/camposenentrerios.com\/en\/product\/campo-agricola-ganadero-en-venta-60-hectareas-las-guachas-tala-entre-rios\/","og_locale":"en_US","og_type":"article","og_title":"VENDIDO. Campo AGRICOLA-GANADERO en Venta. 60 ha. Las Guachas, Tala, Entre Rios","og_description":"CAMPO VENDIDO ! UBICACI\u00d3N: Las Guachas, TALA, Entre R\u00edos, Argentina. DISTANCIAS: a 20km de Rosario del Tala ACCESOS: Buen acceso, por asfalto y ripio de Ruta Provincial N\u00b015. APTITUD DE USO: GANADERIA: Cr\u00eda, Recr\u00eda, Pasturas AGRICULTURA: apto para rotaci\u00f3n de cultivos extensivos, Trigo, Soja, Ma\u00edz. SUPERFICIE: 60 hect\u00e1reas totales 70% uso para AGRICULTURA 30% uso&hellip;&nbsp;Read More &raquo;VENDIDO. Campo AGRICOLA-GANADERO en Venta. 60 ha. Las Guachas, Tala, Entre Rios","og_url":"https:\/\/camposenentrerios.com\/en\/product\/campo-agricola-ganadero-en-venta-60-hectareas-las-guachas-tala-entre-rios\/","og_site_name":"Campos en Entre Rios","article_publisher":"https:\/\/www.facebook.com\/camposenentrerios\/","article_modified_time":"2024-05-03T21:56:23+00:00","og_image":[{"width":1080,"height":1080,"url":"https:\/\/camposenentrerios.com\/wp-content\/uploads\/2023\/06\/1.1_DESCRIPCION_VENTAS_2024-1.png","type":"image\/png"}],"twitter_card":"summary_large_image","twitter_misc":{"Est. reading time":"1 minute"},"schema":{"@context":"https:\/\/schema.org","@graph":[{"@type":["WebPage","RealEstateListing"],"@id":"https:\/\/camposenentrerios.com\/producto\/campo-agricola-ganadero-en-venta-60-hectareas-las-guachas-tala-entre-rios\/","url":"https:\/\/camposenentrerios.com\/producto\/campo-agricola-ganadero-en-venta-60-hectareas-las-guachas-tala-entre-rios\/","name":"SOLD. AGRICULTURAL-LIVESTOCK field for sale. 60 ha. Las Guachas, Tala, Entre Rios","isPartOf":{"@id":"https:\/\/camposenentrerios.com\/#website"},"primaryImageOfPage":{"@id":"https:\/\/camposenentrerios.com\/producto\/campo-agricola-ganadero-en-venta-60-hectareas-las-guachas-tala-entre-rios\/#primaryimage"},"image":{"@id":"https:\/\/camposenentrerios.com\/producto\/campo-agricola-ganadero-en-venta-60-hectareas-las-guachas-tala-entre-rios\/#primaryimage"},"thumbnailUrl":"https:\/\/camposenentrerios.com\/wp-content\/uploads\/2023\/06\/1.1_DESCRIPCION_VENTAS_2024-1.png","datePublished":"2023-06-27T20:08:10+00:00","dateModified":"2024-05-03T21:56:23+00:00","breadcrumb":{"@id":"https:\/\/camposenentrerios.com\/producto\/campo-agricola-ganadero-en-venta-60-hectareas-las-guachas-tala-entre-rios\/#breadcrumb"},"inLanguage":"en-US","potentialAction":[{"@type":"ReadAction","target":["https:\/\/camposenentrerios.com\/producto\/campo-agricola-ganadero-en-venta-60-hectareas-las-guachas-tala-entre-rios\/"]}]},{"@type":"ImageObject","inLanguage":"en-US","@id":"https:\/\/camposenentrerios.com\/producto\/campo-agricola-ganadero-en-venta-60-hectareas-las-guachas-tala-entre-rios\/#primaryimage","url":"https:\/\/camposenentrerios.com\/wp-content\/uploads\/2023\/06\/1.1_DESCRIPCION_VENTAS_2024-1.png","contentUrl":"https:\/\/camposenentrerios.com\/wp-content\/uploads\/2023\/06\/1.1_DESCRIPCION_VENTAS_2024-1.png","width":1080,"height":1080},{"@type":"BreadcrumbList","@id":"https:\/\/camposenentrerios.com\/producto\/campo-agricola-ganadero-en-venta-60-hectareas-las-guachas-tala-entre-rios\/#breadcrumb","itemListElement":[{"@type":"ListItem","position":1,"name":"Inicio","item":"https:\/\/camposenentrerios.com\/"},{"@type":"ListItem","position":2,"name":"Tienda","item":"https:\/\/camposenentrerios.com\/tienda\/"},{"@type":"ListItem","position":3,"name":"VENDIDO. Campo AGRICOLA-GANADERO en Venta. 60 ha. Las Guachas, Tala, Entre Rios"}]},{"@type":"WebSite","@id":"https:\/\/camposenentrerios.com\/#website","url":"https:\/\/camposenentrerios.com\/","name":"Fields in Entre R\u00edos\u00ae","description":"Leading rural real estate agency in Entre R\u00edos. Sale of agricultural, mixed-use, and livestock properties. Specialized technical advice. Registered Trademark\u00ae with professional support.","publisher":{"@id":"https:\/\/camposenentrerios.com\/#organization"},"alternateName":"Campos en Entre Rios","potentialAction":[{"@type":"SearchAction","target":{"@type":"EntryPoint","urlTemplate":"https:\/\/camposenentrerios.com\/?s={search_term_string}"},"query-input":{"@type":"PropertyValueSpecification","valueRequired":true,"valueName":"search_term_string"}}],"inLanguage":"en-US"},{"@type":"Organization","@id":"https:\/\/camposenentrerios.com\/#organization","name":"Fields in Entre R\u00edos\u00ae","alternateName":"Campos en Entre Rios","url":"https:\/\/camposenentrerios.com\/","logo":{"@type":"ImageObject","inLanguage":"en-US","@id":"https:\/\/camposenentrerios.com\/#\/schema\/logo\/image\/","url":"https:\/\/camposenentrerios.com\/wp-content\/uploads\/2025\/03\/Logo-campos-en-entre-rios.webp","contentUrl":"https:\/\/camposenentrerios.com\/wp-content\/uploads\/2025\/03\/Logo-campos-en-entre-rios.webp","width":324,"height":324,"caption":"Campos en Entre R\u00edos\u00ae"},"image":{"@id":"https:\/\/camposenentrerios.com\/#\/schema\/logo\/image\/"},"sameAs":["https:\/\/www.facebook.com\/camposenentrerios\/","https:\/\/www.instagram.com\/camposenentrerios\/","https:\/\/www.youtube.com\/channel\/UCg91gblU8Pwy_BNg8pqmDmQ","https:\/\/www.tiktok.com\/@camposenentrerios"]}]}},"uagb_featured_image_src":{"full":["https:\/\/camposenentrerios.com\/wp-content\/uploads\/2023\/06\/1.1_DESCRIPCION_VENTAS_2024-1.png",1080,1080,false],"thumbnail":["https:\/\/camposenentrerios.com\/wp-content\/uploads\/2023\/06\/1.1_DESCRIPCION_VENTAS_2024-1-150x150.png",150,150,true],"medium":["https:\/\/camposenentrerios.com\/wp-content\/uploads\/2023\/06\/1.1_DESCRIPCION_VENTAS_2024-1-300x300.png",300,300,true],"medium_large":["https:\/\/camposenentrerios.com\/wp-content\/uploads\/2023\/06\/1.1_DESCRIPCION_VENTAS_2024-1-768x768.png",768,768,true],"large":["https:\/\/camposenentrerios.com\/wp-content\/uploads\/2023\/06\/1.1_DESCRIPCION_VENTAS_2024-1-1024x1024.png",1024,1024,true],"1536x1536":["https:\/\/camposenentrerios.com\/wp-content\/uploads\/2023\/06\/1.1_DESCRIPCION_VENTAS_2024-1.png",1080,1080,false],"2048x2048":["https:\/\/camposenentrerios.com\/wp-content\/uploads\/2023\/06\/1.1_DESCRIPCION_VENTAS_2024-1.png",1080,1080,false],"trp-custom-language-flag":["https:\/\/camposenentrerios.com\/wp-content\/uploads\/2023\/06\/1.1_DESCRIPCION_VENTAS_2024-1.png",12,12,false],"neve-blog":["https:\/\/camposenentrerios.com\/wp-content\/uploads\/2023\/06\/1.1_DESCRIPCION_VENTAS_2024-1-930x620.png",930,620,true],"woocommerce_thumbnail":["https:\/\/camposenentrerios.com\/wp-content\/uploads\/2023\/06\/1.1_DESCRIPCION_VENTAS_2024-1-300x300.png",300,300,true],"woocommerce_single":["https:\/\/camposenentrerios.com\/wp-content\/uploads\/2023\/06\/1.1_DESCRIPCION_VENTAS_2024-1-600x600.png",600,600,true],"woocommerce_gallery_thumbnail":["https:\/\/camposenentrerios.com\/wp-content\/uploads\/2023\/06\/1.1_DESCRIPCION_VENTAS_2024-1-100x100.png",100,100,true]},"uagb_author_info":{"display_name":"Campos en Entre Rios","author_link":"https:\/\/camposenentrerios.com\/en\/author\/"},"uagb_comment_info":0,"uagb_excerpt":"CAMPO VENDIDO ! UBICACI\u00d3N: Las Guachas, TALA, Entre R\u00edos, Argentina. DISTANCIAS: a 20km de Rosario del Tala ACCESOS: Buen acceso, por asfalto y ripio de Ruta Provincial N\u00b015. APTITUD DE USO: GANADERIA: Cr\u00eda, Recr\u00eda, Pasturas AGRICULTURA: apto para rotaci\u00f3n de cultivos extensivos, Trigo, Soja, Ma\u00edz. SUPERFICIE: 60 hect\u00e1reas totales 70% uso para AGRICULTURA 30% uso&hellip;&nbsp;Read&hellip;","_links":{"self":[{"href":"https:\/\/camposenentrerios.com\/en\/wp-json\/wp\/v2\/product\/476","targetHints":{"allow":["GET"]}}],"collection":[{"href":"https:\/\/camposenentrerios.com\/en\/wp-json\/wp\/v2\/product"}],"about":[{"href":"https:\/\/camposenentrerios.com\/en\/wp-json\/wp\/v2\/types\/product"}],"replies":[{"embeddable":true,"href":"https:\/\/camposenentrerios.com\/en\/wp-json\/wp\/v2\/comments?post=476"}],"wp:featuredmedia":[{"embeddable":true,"href":"https:\/\/camposenentrerios.com\/en\/wp-json\/wp\/v2\/media\/973"}],"wp:attachment":[{"href":"https:\/\/camposenentrerios.com\/en\/wp-json\/wp\/v2\/media?parent=476"}],"wp:term":[{"taxonomy":"product_brand","embeddable":true,"href":"https:\/\/camposenentrerios.com\/en\/wp-json\/wp\/v2\/product_brand?post=476"},{"taxonomy":"product_cat","embeddable":true,"href":"https:\/\/camposenentrerios.com\/en\/wp-json\/wp\/v2\/product_cat?post=476"},{"taxonomy":"product_tag","embeddable":true,"href":"https:\/\/camposenentrerios.com\/en\/wp-json\/wp\/v2\/product_tag?post=476"}],"curies":[{"name":"wp","href":"https:\/\/api.w.org\/{rel}","templated":true}]}}