{"id":462,"date":"2023-06-27T19:00:12","date_gmt":"2023-06-27T19:00:12","guid":{"rendered":"https:\/\/camposenentrerios.com\/?post_type=product&#038;p=462"},"modified":"2025-09-04T19:14:58","modified_gmt":"2025-09-04T22:14:58","slug":"campo-agricola-ganadero-en-venta-39-ha-tezanos-pinto-parana-entre-rios","status":"publish","type":"product","link":"https:\/\/camposenentrerios.com\/en\/product\/campo-agricola-ganadero-en-venta-39-ha-tezanos-pinto-parana-entre-rios\/","title":{"rendered":"AGRICULTURAL \u2013 LIVESTOCK FIELD FOR SALE. 39 ha. Tezanos Pinto. Paran\u00e1. Entre Rios"},"content":{"rendered":"<p>LOCATION: TEZANOSPINTO, PARANA, Entre Rios, Argentina. INTA Parana area. Alberdi School.<\/p>\n<p>DISTANCES:<br \/>\n2km from Oro Verde<br \/>\n4km from Tezanos Pinto<br \/>\n9km from Villa Fontana<br \/>\n10km from Paran\u00e1<br \/>\n15km from Gov. Etchevere<br \/>\n32km from Crespo<\/p>\n<p>ACCESSES:<br \/>\nAccess, by asphalt and gravel<\/p>\n<p>FITNESS FOR USE:<br \/>\n#LIVESTOCK: Breeding, Rearing. Pastures<br \/>\n#AGRICULTURE: suitable for rotation of #extensive crops, Wheat, Soybeans, Corn.<\/p>\n<p>SURFACE:<br \/>\n39 hectares in total, cannot be divided into lots<br \/>\n75% use for AGRICULTURE (agricultural crop rotation)<br \/>\n25% use for LIVESTOCK (Native Entre R\u00edos forest, native vegetation)<\/p>\n<p>INFRASTRUCTURE:<br \/>\nPerimeter fences. Access gate on asphalt road.<\/p>\n<p>Do you want to BUY \u2013 SELL your FIELD or do you want to know the VALUE of your property?<\/p>\n<p>WE CAN HELP YOU:<br \/>\nContact us: we are at your disposal<\/p>","protected":false},"excerpt":{"rendered":"<p>UBICACI\u00d3N: TEZANOSPINTO, PARAN\u00c1, Entre R\u00edos, Argentina. Zona INTA Paran\u00e1. Escuela Alberdi. DISTANCIAS: a 2km de Oro Verde a 4km de Tezanos Pinto a 9Km de Villa Fontana a 10Km de Paran\u00e1 a 15km de Gob. Etchevere a 32km de Crespo ACCESOS: Acceso, por asfalto y broza APTITUD DE USO: #GANADERIA: Cr\u00eda, Recr\u00eda. Pasturas #AGRICULTURA: apto&hellip;&nbsp;<a href=\"https:\/\/camposenentrerios.com\/en\/product\/campo-agricola-ganadero-en-venta-39-ha-tezanos-pinto-parana-entre-rios\/\" rel=\"bookmark\">Read More \u00bb<span class=\"screen-reader-text\">AGRICULTURAL \u2013 LIVESTOCK FIELD FOR SALE. 39 ha. Tezanos Pinto. Paran\u00e1. Entre Rios<\/span><\/a><\/p>","protected":false},"featured_media":952,"comment_status":"closed","ping_status":"closed","template":"","meta":{"_uag_custom_page_level_css":"","neve_meta_sidebar":"","neve_meta_container":"","neve_meta_enable_content_width":"off","neve_meta_content_width":100,"neve_meta_title_alignment":"","neve_meta_author_avatar":"","neve_post_elements_order":"","neve_meta_disable_header":"","neve_meta_disable_footer":"","neve_meta_disable_title":"","_themeisle_gutenberg_block_has_review":false},"product_brand":[],"product_cat":[18],"product_tag":[19],"class_list":{"0":"post-462","1":"product","2":"type-product","3":"status-publish","4":"has-post-thumbnail","6":"product_cat-campo-mixto","7":"product_tag-campo-mixto","9":"first","10":"instock","11":"virtual","12":"purchasable","13":"product-type-simple"},"yoast_head":"<!-- This site is optimized with the Yoast SEO plugin v27.4 - https:\/\/yoast.com\/product\/yoast-seo-wordpress\/ -->\n<title>Campo AGRICOLA - GANADERO en VENTA. 39 ha. Tezanos Pinto. Paran\u00e1. Entre Rios - Campos en Entre Rios<\/title>\n<meta name=\"robots\" content=\"index, follow, max-snippet:-1, max-image-preview:large, max-video-preview:-1\" \/>\n<link rel=\"canonical\" href=\"https:\/\/camposenentrerios.com\/en\/product\/campo-agricola-ganadero-en-venta-39-ha-tezanos-pinto-parana-entre-rios\/\" \/>\n<meta property=\"og:locale\" content=\"en_US\" \/>\n<meta property=\"og:type\" content=\"article\" \/>\n<meta property=\"og:title\" content=\"Campo AGRICOLA - GANADERO en VENTA. 39 ha. Tezanos Pinto. Paran\u00e1. Entre Rios - Campos en Entre Rios\" \/>\n<meta property=\"og:description\" content=\"UBICACI\u00d3N: TEZANOSPINTO, PARAN\u00c1, Entre R\u00edos, Argentina. Zona INTA Paran\u00e1. Escuela Alberdi. DISTANCIAS: a 2km de Oro Verde a 4km de Tezanos Pinto a 9Km de Villa Fontana a 10Km de Paran\u00e1 a 15km de Gob. Etchevere a 32km de Crespo ACCESOS: Acceso, por asfalto y broza APTITUD DE USO: #GANADERIA: Cr\u00eda, Recr\u00eda. Pasturas #AGRICULTURA: apto&hellip;&nbsp;Read More &raquo;Campo AGRICOLA &#8211; GANADERO en VENTA. 39 ha. Tezanos Pinto. Paran\u00e1. Entre Rios\" \/>\n<meta property=\"og:url\" content=\"https:\/\/camposenentrerios.com\/en\/product\/campo-agricola-ganadero-en-venta-39-ha-tezanos-pinto-parana-entre-rios\/\" \/>\n<meta property=\"og:site_name\" content=\"Campos en Entre Rios\" \/>\n<meta property=\"article:publisher\" content=\"https:\/\/www.facebook.com\/camposenentrerios\/\" \/>\n<meta property=\"article:modified_time\" content=\"2025-09-04T22:14:58+00:00\" \/>\n<meta property=\"og:image\" content=\"https:\/\/camposenentrerios.com\/wp-content\/uploads\/2023\/06\/1.1_DESCRIPCION_VENTAS_2024.png\" \/>\n\t<meta property=\"og:image:width\" content=\"1080\" \/>\n\t<meta property=\"og:image:height\" content=\"1080\" \/>\n\t<meta property=\"og:image:type\" content=\"image\/png\" \/>\n<meta name=\"twitter:card\" content=\"summary_large_image\" \/>\n<meta name=\"twitter:label1\" content=\"Est. reading time\" \/>\n\t<meta name=\"twitter:data1\" content=\"1 minute\" \/>\n<script type=\"application\/ld+json\" class=\"yoast-schema-graph\">{\"@context\":\"https:\\\/\\\/schema.org\",\"@graph\":[{\"@type\":\"WebPage\",\"@id\":\"https:\\\/\\\/camposenentrerios.com\\\/producto\\\/campo-agricola-ganadero-en-venta-39-ha-tezanos-pinto-parana-entre-rios\\\/\",\"url\":\"https:\\\/\\\/camposenentrerios.com\\\/producto\\\/campo-agricola-ganadero-en-venta-39-ha-tezanos-pinto-parana-entre-rios\\\/\",\"name\":\"Campo AGRICOLA - GANADERO en VENTA. 39 ha. Tezanos Pinto. Paran\u00e1. Entre Rios - Campos en Entre Rios\",\"isPartOf\":{\"@id\":\"https:\\\/\\\/camposenentrerios.com\\\/#website\"},\"primaryImageOfPage\":{\"@id\":\"https:\\\/\\\/camposenentrerios.com\\\/producto\\\/campo-agricola-ganadero-en-venta-39-ha-tezanos-pinto-parana-entre-rios\\\/#primaryimage\"},\"image\":{\"@id\":\"https:\\\/\\\/camposenentrerios.com\\\/producto\\\/campo-agricola-ganadero-en-venta-39-ha-tezanos-pinto-parana-entre-rios\\\/#primaryimage\"},\"thumbnailUrl\":\"https:\\\/\\\/camposenentrerios.com\\\/wp-content\\\/uploads\\\/2023\\\/06\\\/1.1_DESCRIPCION_VENTAS_2024.png\",\"datePublished\":\"2023-06-27T19:00:12+00:00\",\"dateModified\":\"2025-09-04T22:14:58+00:00\",\"breadcrumb\":{\"@id\":\"https:\\\/\\\/camposenentrerios.com\\\/producto\\\/campo-agricola-ganadero-en-venta-39-ha-tezanos-pinto-parana-entre-rios\\\/#breadcrumb\"},\"inLanguage\":\"en-US\",\"potentialAction\":[{\"@type\":\"ReadAction\",\"target\":[\"https:\\\/\\\/camposenentrerios.com\\\/producto\\\/campo-agricola-ganadero-en-venta-39-ha-tezanos-pinto-parana-entre-rios\\\/\"]}]},{\"@type\":\"ImageObject\",\"inLanguage\":\"en-US\",\"@id\":\"https:\\\/\\\/camposenentrerios.com\\\/producto\\\/campo-agricola-ganadero-en-venta-39-ha-tezanos-pinto-parana-entre-rios\\\/#primaryimage\",\"url\":\"https:\\\/\\\/camposenentrerios.com\\\/wp-content\\\/uploads\\\/2023\\\/06\\\/1.1_DESCRIPCION_VENTAS_2024.png\",\"contentUrl\":\"https:\\\/\\\/camposenentrerios.com\\\/wp-content\\\/uploads\\\/2023\\\/06\\\/1.1_DESCRIPCION_VENTAS_2024.png\",\"width\":1080,\"height\":1080},{\"@type\":\"BreadcrumbList\",\"@id\":\"https:\\\/\\\/camposenentrerios.com\\\/producto\\\/campo-agricola-ganadero-en-venta-39-ha-tezanos-pinto-parana-entre-rios\\\/#breadcrumb\",\"itemListElement\":[{\"@type\":\"ListItem\",\"position\":1,\"name\":\"Inicio\",\"item\":\"https:\\\/\\\/camposenentrerios.com\\\/\"},{\"@type\":\"ListItem\",\"position\":2,\"name\":\"Tienda\",\"item\":\"https:\\\/\\\/camposenentrerios.com\\\/tienda\\\/\"},{\"@type\":\"ListItem\",\"position\":3,\"name\":\"Campo AGRICOLA &#8211; GANADERO en VENTA. 39 ha. Tezanos Pinto. Paran\u00e1. Entre Rios\"}]},{\"@type\":\"WebSite\",\"@id\":\"https:\\\/\\\/camposenentrerios.com\\\/#website\",\"url\":\"https:\\\/\\\/camposenentrerios.com\\\/\",\"name\":\"Campos en Entre R\u00edos\u00ae\",\"description\":\"Inmobiliaria rural l\u00edder en Entre R\u00edos. Venta de campos agr\u00edcolas, mixtos y ganaderos. Asesoramiento t\u00e9cnico especializado. Marca Registrada\u00ae con respaldo profesional.\",\"publisher\":{\"@id\":\"https:\\\/\\\/camposenentrerios.com\\\/#organization\"},\"alternateName\":\"Campos en Entre Rios\",\"potentialAction\":[{\"@type\":\"SearchAction\",\"target\":{\"@type\":\"EntryPoint\",\"urlTemplate\":\"https:\\\/\\\/camposenentrerios.com\\\/?s={search_term_string}\"},\"query-input\":{\"@type\":\"PropertyValueSpecification\",\"valueRequired\":true,\"valueName\":\"search_term_string\"}}],\"inLanguage\":\"en-US\"},{\"@type\":\"Organization\",\"@id\":\"https:\\\/\\\/camposenentrerios.com\\\/#organization\",\"name\":\"Campos en Entre R\u00edos\u00ae\",\"alternateName\":\"Campos en Entre Rios\",\"url\":\"https:\\\/\\\/camposenentrerios.com\\\/\",\"logo\":{\"@type\":\"ImageObject\",\"inLanguage\":\"en-US\",\"@id\":\"https:\\\/\\\/camposenentrerios.com\\\/#\\\/schema\\\/logo\\\/image\\\/\",\"url\":\"https:\\\/\\\/camposenentrerios.com\\\/wp-content\\\/uploads\\\/2025\\\/03\\\/Logo-campos-en-entre-rios.webp\",\"contentUrl\":\"https:\\\/\\\/camposenentrerios.com\\\/wp-content\\\/uploads\\\/2025\\\/03\\\/Logo-campos-en-entre-rios.webp\",\"width\":324,\"height\":324,\"caption\":\"Campos en Entre R\u00edos\u00ae\"},\"image\":{\"@id\":\"https:\\\/\\\/camposenentrerios.com\\\/#\\\/schema\\\/logo\\\/image\\\/\"},\"sameAs\":[\"https:\\\/\\\/www.facebook.com\\\/camposenentrerios\\\/\",\"https:\\\/\\\/www.instagram.com\\\/camposenentrerios\\\/\",\"https:\\\/\\\/www.youtube.com\\\/channel\\\/UCg91gblU8Pwy_BNg8pqmDmQ\",\"https:\\\/\\\/www.tiktok.com\\\/@camposenentrerios\"]}]}<\/script>\n<!-- \/ Yoast SEO plugin. -->","yoast_head_json":{"title":"Campo AGRICOLA - GANADERO en VENTA. 39 ha. Tezanos Pinto. Paran\u00e1. Entre Rios - Campos en Entre Rios","robots":{"index":"index","follow":"follow","max-snippet":"max-snippet:-1","max-image-preview":"max-image-preview:large","max-video-preview":"max-video-preview:-1"},"canonical":"https:\/\/camposenentrerios.com\/en\/product\/campo-agricola-ganadero-en-venta-39-ha-tezanos-pinto-parana-entre-rios\/","og_locale":"en_US","og_type":"article","og_title":"Campo AGRICOLA - GANADERO en VENTA. 39 ha. Tezanos Pinto. Paran\u00e1. Entre Rios - Campos en Entre Rios","og_description":"UBICACI\u00d3N: TEZANOSPINTO, PARAN\u00c1, Entre R\u00edos, Argentina. Zona INTA Paran\u00e1. Escuela Alberdi. DISTANCIAS: a 2km de Oro Verde a 4km de Tezanos Pinto a 9Km de Villa Fontana a 10Km de Paran\u00e1 a 15km de Gob. Etchevere a 32km de Crespo ACCESOS: Acceso, por asfalto y broza APTITUD DE USO: #GANADERIA: Cr\u00eda, Recr\u00eda. Pasturas #AGRICULTURA: apto&hellip;&nbsp;Read More &raquo;Campo AGRICOLA &#8211; GANADERO en VENTA. 39 ha. Tezanos Pinto. Paran\u00e1. Entre Rios","og_url":"https:\/\/camposenentrerios.com\/en\/product\/campo-agricola-ganadero-en-venta-39-ha-tezanos-pinto-parana-entre-rios\/","og_site_name":"Campos en Entre Rios","article_publisher":"https:\/\/www.facebook.com\/camposenentrerios\/","article_modified_time":"2025-09-04T22:14:58+00:00","og_image":[{"width":1080,"height":1080,"url":"https:\/\/camposenentrerios.com\/wp-content\/uploads\/2023\/06\/1.1_DESCRIPCION_VENTAS_2024.png","type":"image\/png"}],"twitter_card":"summary_large_image","twitter_misc":{"Est. reading time":"1 minute"},"schema":{"@context":"https:\/\/schema.org","@graph":[{"@type":"WebPage","@id":"https:\/\/camposenentrerios.com\/producto\/campo-agricola-ganadero-en-venta-39-ha-tezanos-pinto-parana-entre-rios\/","url":"https:\/\/camposenentrerios.com\/producto\/campo-agricola-ganadero-en-venta-39-ha-tezanos-pinto-parana-entre-rios\/","name":"Campo AGRICOLA - GANADERO en VENTA. 39 ha. Tezanos Pinto. Paran\u00e1. Entre Rios - Campos en Entre Rios","isPartOf":{"@id":"https:\/\/camposenentrerios.com\/#website"},"primaryImageOfPage":{"@id":"https:\/\/camposenentrerios.com\/producto\/campo-agricola-ganadero-en-venta-39-ha-tezanos-pinto-parana-entre-rios\/#primaryimage"},"image":{"@id":"https:\/\/camposenentrerios.com\/producto\/campo-agricola-ganadero-en-venta-39-ha-tezanos-pinto-parana-entre-rios\/#primaryimage"},"thumbnailUrl":"https:\/\/camposenentrerios.com\/wp-content\/uploads\/2023\/06\/1.1_DESCRIPCION_VENTAS_2024.png","datePublished":"2023-06-27T19:00:12+00:00","dateModified":"2025-09-04T22:14:58+00:00","breadcrumb":{"@id":"https:\/\/camposenentrerios.com\/producto\/campo-agricola-ganadero-en-venta-39-ha-tezanos-pinto-parana-entre-rios\/#breadcrumb"},"inLanguage":"en-US","potentialAction":[{"@type":"ReadAction","target":["https:\/\/camposenentrerios.com\/producto\/campo-agricola-ganadero-en-venta-39-ha-tezanos-pinto-parana-entre-rios\/"]}]},{"@type":"ImageObject","inLanguage":"en-US","@id":"https:\/\/camposenentrerios.com\/producto\/campo-agricola-ganadero-en-venta-39-ha-tezanos-pinto-parana-entre-rios\/#primaryimage","url":"https:\/\/camposenentrerios.com\/wp-content\/uploads\/2023\/06\/1.1_DESCRIPCION_VENTAS_2024.png","contentUrl":"https:\/\/camposenentrerios.com\/wp-content\/uploads\/2023\/06\/1.1_DESCRIPCION_VENTAS_2024.png","width":1080,"height":1080},{"@type":"BreadcrumbList","@id":"https:\/\/camposenentrerios.com\/producto\/campo-agricola-ganadero-en-venta-39-ha-tezanos-pinto-parana-entre-rios\/#breadcrumb","itemListElement":[{"@type":"ListItem","position":1,"name":"Inicio","item":"https:\/\/camposenentrerios.com\/"},{"@type":"ListItem","position":2,"name":"Tienda","item":"https:\/\/camposenentrerios.com\/tienda\/"},{"@type":"ListItem","position":3,"name":"Campo AGRICOLA &#8211; GANADERO en VENTA. 39 ha. Tezanos Pinto. Paran\u00e1. Entre Rios"}]},{"@type":"WebSite","@id":"https:\/\/camposenentrerios.com\/#website","url":"https:\/\/camposenentrerios.com\/","name":"Fields in Entre R\u00edos\u00ae","description":"Leading rural real estate agency in Entre R\u00edos. Sale of agricultural, mixed-use, and livestock properties. Specialized technical advice. Registered Trademark\u00ae with professional support.","publisher":{"@id":"https:\/\/camposenentrerios.com\/#organization"},"alternateName":"Campos en Entre Rios","potentialAction":[{"@type":"SearchAction","target":{"@type":"EntryPoint","urlTemplate":"https:\/\/camposenentrerios.com\/?s={search_term_string}"},"query-input":{"@type":"PropertyValueSpecification","valueRequired":true,"valueName":"search_term_string"}}],"inLanguage":"en-US"},{"@type":"Organization","@id":"https:\/\/camposenentrerios.com\/#organization","name":"Fields in Entre R\u00edos\u00ae","alternateName":"Campos en Entre Rios","url":"https:\/\/camposenentrerios.com\/","logo":{"@type":"ImageObject","inLanguage":"en-US","@id":"https:\/\/camposenentrerios.com\/#\/schema\/logo\/image\/","url":"https:\/\/camposenentrerios.com\/wp-content\/uploads\/2025\/03\/Logo-campos-en-entre-rios.webp","contentUrl":"https:\/\/camposenentrerios.com\/wp-content\/uploads\/2025\/03\/Logo-campos-en-entre-rios.webp","width":324,"height":324,"caption":"Campos en Entre R\u00edos\u00ae"},"image":{"@id":"https:\/\/camposenentrerios.com\/#\/schema\/logo\/image\/"},"sameAs":["https:\/\/www.facebook.com\/camposenentrerios\/","https:\/\/www.instagram.com\/camposenentrerios\/","https:\/\/www.youtube.com\/channel\/UCg91gblU8Pwy_BNg8pqmDmQ","https:\/\/www.tiktok.com\/@camposenentrerios"]}]}},"uagb_featured_image_src":{"full":["https:\/\/camposenentrerios.com\/wp-content\/uploads\/2023\/06\/1.1_DESCRIPCION_VENTAS_2024.png",1080,1080,false],"thumbnail":["https:\/\/camposenentrerios.com\/wp-content\/uploads\/2023\/06\/1.1_DESCRIPCION_VENTAS_2024-150x150.png",150,150,true],"medium":["https:\/\/camposenentrerios.com\/wp-content\/uploads\/2023\/06\/1.1_DESCRIPCION_VENTAS_2024-300x300.png",300,300,true],"medium_large":["https:\/\/camposenentrerios.com\/wp-content\/uploads\/2023\/06\/1.1_DESCRIPCION_VENTAS_2024-768x768.png",768,768,true],"large":["https:\/\/camposenentrerios.com\/wp-content\/uploads\/2023\/06\/1.1_DESCRIPCION_VENTAS_2024-1024x1024.png",1024,1024,true],"1536x1536":["https:\/\/camposenentrerios.com\/wp-content\/uploads\/2023\/06\/1.1_DESCRIPCION_VENTAS_2024.png",1080,1080,false],"2048x2048":["https:\/\/camposenentrerios.com\/wp-content\/uploads\/2023\/06\/1.1_DESCRIPCION_VENTAS_2024.png",1080,1080,false],"trp-custom-language-flag":["https:\/\/camposenentrerios.com\/wp-content\/uploads\/2023\/06\/1.1_DESCRIPCION_VENTAS_2024.png",12,12,false],"neve-blog":["https:\/\/camposenentrerios.com\/wp-content\/uploads\/2023\/06\/1.1_DESCRIPCION_VENTAS_2024-930x620.png",930,620,true],"woocommerce_thumbnail":["https:\/\/camposenentrerios.com\/wp-content\/uploads\/2023\/06\/1.1_DESCRIPCION_VENTAS_2024-300x300.png",300,300,true],"woocommerce_single":["https:\/\/camposenentrerios.com\/wp-content\/uploads\/2023\/06\/1.1_DESCRIPCION_VENTAS_2024-600x600.png",600,600,true],"woocommerce_gallery_thumbnail":["https:\/\/camposenentrerios.com\/wp-content\/uploads\/2023\/06\/1.1_DESCRIPCION_VENTAS_2024-100x100.png",100,100,true]},"uagb_author_info":{"display_name":"Campos en Entre Rios","author_link":"https:\/\/camposenentrerios.com\/en\/author\/"},"uagb_comment_info":0,"uagb_excerpt":"UBICACI\u00d3N: TEZANOSPINTO, PARAN\u00c1, Entre R\u00edos, Argentina. Zona INTA Paran\u00e1. Escuela Alberdi. DISTANCIAS: a 2km de Oro Verde a 4km de Tezanos Pinto a 9Km de Villa Fontana a 10Km de Paran\u00e1 a 15km de Gob. Etchevere a 32km de Crespo ACCESOS: Acceso, por asfalto y broza APTITUD DE USO: #GANADERIA: Cr\u00eda, Recr\u00eda. Pasturas #AGRICULTURA: apto&hellip;&nbsp;Read&hellip;","_links":{"self":[{"href":"https:\/\/camposenentrerios.com\/en\/wp-json\/wp\/v2\/product\/462","targetHints":{"allow":["GET"]}}],"collection":[{"href":"https:\/\/camposenentrerios.com\/en\/wp-json\/wp\/v2\/product"}],"about":[{"href":"https:\/\/camposenentrerios.com\/en\/wp-json\/wp\/v2\/types\/product"}],"replies":[{"embeddable":true,"href":"https:\/\/camposenentrerios.com\/en\/wp-json\/wp\/v2\/comments?post=462"}],"wp:featuredmedia":[{"embeddable":true,"href":"https:\/\/camposenentrerios.com\/en\/wp-json\/wp\/v2\/media\/952"}],"wp:attachment":[{"href":"https:\/\/camposenentrerios.com\/en\/wp-json\/wp\/v2\/media?parent=462"}],"wp:term":[{"taxonomy":"product_brand","embeddable":true,"href":"https:\/\/camposenentrerios.com\/en\/wp-json\/wp\/v2\/product_brand?post=462"},{"taxonomy":"product_cat","embeddable":true,"href":"https:\/\/camposenentrerios.com\/en\/wp-json\/wp\/v2\/product_cat?post=462"},{"taxonomy":"product_tag","embeddable":true,"href":"https:\/\/camposenentrerios.com\/en\/wp-json\/wp\/v2\/product_tag?post=462"}],"curies":[{"name":"wp","href":"https:\/\/api.w.org\/{rel}","templated":true}]}}