{"id":2974,"date":"2025-10-15T16:29:30","date_gmt":"2025-10-15T19:29:30","guid":{"rendered":"https:\/\/camposenentrerios.com\/?post_type=product&#038;p=2974"},"modified":"2026-03-26T15:06:20","modified_gmt":"2026-03-26T18:06:20","slug":"campo-agricola-venta-hernandarias-la-paz","status":"publish","type":"product","link":"https:\/\/camposenentrerios.com\/en\/product\/campo-agricola-venta-hernandarias-la-paz\/","title":{"rendered":"Agricultural Land for Sale. 221 hectares. Hernandarias, La Paz, Entre R\u00edos"},"content":{"rendered":"<p>&lt;script type=&#8221;application\/ld+json&#8221;&gt;<br \/>\n{<br \/>\n&#8220;@context&#8221;: &#8220;https:\/\/schema.org\/&#8221;,<br \/>\n&#8220;@graph&#8221;: [<br \/>\n{<br \/>\n&#8220;@type&#8221;: &#8220;RealEstateAgent&#8221;,<br \/>\n&#8220;@id&#8221;: &#8220;https:\/\/camposenentrerios.com\/#organization&#8221;,<br \/>\n&#8220;name&#8221;: &#8220;Campos en Entre R\u00edos\u00ae&#8221;,<br \/>\n&#8220;legalName&#8221;: &#8220;Campos en Entre R\u00edos\u00ae&#8221;,<br \/>\n&#8220;url&#8221;: &#8220;https:\/\/camposenentrerios.com&#8221;<br \/>\n},<br \/>\n{<br \/>\n&#8220;@type&#8221;: &#8220;RealEstateListing&#8221;,<br \/>\n&#8220;@id&#8221;: &#8220;https:\/\/camposenentrerios.com\/producto\/campo-agricola-venta-hernandarias-la-paz\/#listing&#8221;,<br \/>\n&#8220;name&#8221;: &#8220;Campo AGR\u00cdCOLA en Venta &#8211; 221 ha &#8211; Hernandarias, Entre R\u00edos&#8221;,<br \/>\n&#8220;description&#8221;: &#8220;Campo agr\u00edcola de 221 hect\u00e1reas en Hernandarias, La Paz. Aptitud para rotaci\u00f3n Trigo-Soja-Ma\u00edz. Excelente acceso por RN12.&#8221;,<br \/>\n&#8220;url&#8221;: &#8220;https:\/\/camposenentrerios.com\/producto\/campo-agricola-venta-hernandarias-la-paz\/&#8221;,<br \/>\n&#8220;image&#8221;: &#8220;<a href=\"https:\/\/camposenentrerios.com\/wp-content\/uploads\/2026\/03\/Campo-agricola-en-venta-Hernandarias-221-ha.webp\">https:\/\/camposenentrerios.com\/wp-content\/uploads\/2023\/07\/cabecera-1.webp<\/a>&#8220;,<br \/>\n&#8220;datePosted&#8221;: &#8220;2026-03-26&#8221;,<br \/>\n&#8220;dateModified&#8221;: &#8220;2026-03-26&#8221;,<br \/>\n&#8220;address&#8221;: {<br \/>\n&#8220;@type&#8221;: &#8220;PostalAddress&#8221;,<br \/>\n&#8220;addressLocality&#8221;: &#8220;Hernandarias&#8221;,<br \/>\n&#8220;addressRegion&#8221;: &#8220;Entre R\u00edos&#8221;,<br \/>\n&#8220;addressCountry&#8221;: &#8220;AR&#8221;<br \/>\n},<br \/>\n&#8220;offers&#8221;: {<br \/>\n&#8220;@type&#8221;: &#8220;Offer&#8221;,<br \/>\n&#8220;price&#8221;: &#8220;4200.00&#8221;,<br \/>\n&#8220;priceCurrency&#8221;: &#8220;USD&#8221;,<br \/>\n&#8220;availability&#8221;: &#8220;https:\/\/schema.org\/InStock&#8221;,<br \/>\n&#8220;seller&#8221;: {<br \/>\n&#8220;@id&#8221;: &#8220;https:\/\/camposenentrerios.com\/#organization&#8221;<br \/>\n}<br \/>\n}<br \/>\n},<br \/>\n{<br \/>\n&#8220;@type&#8221;: &#8220;Product&#8221;,<br \/>\n&#8220;name&#8221;: &#8220;Campo AGR\u00cdCOLA en Venta &#8211; 221 ha&#8221;,<br \/>\n&#8220;description&#8221;: &#8220;Superficie de 221 ha en Hernandarias. Aptitud agr\u00edcola actual: Trigo, Soja y Ma\u00edz.&#8221;,<br \/>\n&#8220;brand&#8221;: {<br \/>\n&#8220;@id&#8221;: &#8220;https:\/\/camposenentrerios.com\/#organization&#8221;<br \/>\n},<br \/>\n&#8220;additionalProperty&#8221;: [<br \/>\n{<br \/>\n&#8220;@type&#8221;: &#8220;PropertyValue&#8221;,<br \/>\n&#8220;name&#8221;: &#8220;Superficie&#8221;,<br \/>\n&#8220;value&#8221;: &#8220;221 Hect\u00e1reas&#8221;<br \/>\n},<br \/>\n{<br \/>\n&#8220;@type&#8221;: &#8220;PropertyValue&#8221;,<br \/>\n&#8220;name&#8221;: &#8220;Aptitud de Uso&#8221;,<br \/>\n&#8220;value&#8221;: &#8220;Agricultura (Trigo, Soja, Ma\u00edz)&#8221;<br \/>\n}<br \/>\n]<br \/>\n}<br \/>\n]<br \/>\n}<br \/>\n&lt;\/script&gt;<\/p>\n<p>\ud83c\udf3e &lt;strong&gt;Campo AGRICOLA en Venta&lt;\/strong&gt;<\/p>\n<p>\ud83d\udccd &lt;strong&gt;UBICACI\u00d3N:&lt;\/strong&gt; Hernandarias, La Paz, Entre R\u00edos<\/p>\n<p>\ud83d\udea9 &lt;strong&gt;DISTANCIAS:&lt;\/strong&gt;<br \/>\na 15km de Hernandarias<br \/>\na 17km de Piedras Blancas<\/p>\n<p>\ud83d\ude97 &lt;strong&gt;ACCESOS:&lt;\/strong&gt;<br \/>\nPor Ruta Nacional N\u00b012 y luego 11km de camino bien afirmado o por Ruta Provincial N\u00b0 3 y 5 km de camino de tierra<\/p>\n<p>\ud83d\udcaa &lt;strong&gt;APTITUD DE USO:&lt;\/strong&gt;<br \/>\nAGRICULTURA. Actualmente en rotaci\u00f3n de cultivos Trigo \u2013 Soja \u2013 Maiz<\/p>\n<p>\ud83d\udcdd &lt;strong&gt;SUPERFICIE:&lt;\/strong&gt;<br \/>\n221 hect\u00e1reas<\/p>\n<p>\ud83d\udc49 Quer\u00e9s &lt;strong&gt;\ud835\udc02\ud835\udc0e\ud835\udc0c\ud835\udc0f\ud835\udc11\ud835\udc00\ud835\udc11 \u2013 \ud835\udc15\ud835\udc04\ud835\udc0d\ud835\udc03\ud835\udc04\ud835\udc11&lt;\/strong&gt; un CAMPO o quer\u00e9s saber el &lt;strong&gt;\ud835\udc15\ud835\udc00\ud835\udc0b\ud835\udc0e\ud835\udc11&lt;\/strong&gt; de tu propiedad rural?<\/p>\n<p>&lt;strong&gt;PODEMOS AYUDARTE:&lt;\/strong&gt; \ud83d\udc47\ud83c\udffc<br \/>\n\ud83d\ude00 &lt;strong&gt;\ud835\udc02\ud835\udc28\ud835\udc27\ud835\udc2c\ud835\udc2e\ud835\udc25\ud835\udc2d\ud835\udc1a\ud835\udc27\ud835\udc28\ud835\udc2c: \ud835\udc1e\ud835\udc2c\ud835\udc2d\ud835\udc1a\ud835\udc26\ud835\udc28\ud835\udc2c \ud835\udc1a \ud835\udc2d\ud835\udc2e \ud835\udc1d\ud835\udc22\ud835\udc2c\ud835\udc29\ud835\udc28\ud835\udc2c\ud835\udc22\ud835\udc1c\ud835\udc22\ud835\udc28\ud835\udc27&lt;\/strong&gt;<\/p>\n","protected":false},"excerpt":{"rendered":"<p>&lt;script type=&#8221;application\/ld+json&#8221;&gt; { &#8220;@context&#8221;: &#8220;https:\/\/schema.org\/&#8221;, &#8220;@graph&#8221;: [ { &#8220;@type&#8221;: &#8220;RealEstateAgent&#8221;, &#8220;@id&#8221;: &#8220;https:\/\/camposenentrerios.com\/#organization&#8221;, &#8220;name&#8221;: &#8220;Campos en Entre R\u00edos\u00ae&#8221;, &#8220;legalName&#8221;: &#8220;Campos en Entre R\u00edos\u00ae&#8221;, &#8220;url&#8221;: &#8220;https:\/\/camposenentrerios.com&#8221; }, { &#8220;@type&#8221;: &#8220;RealEstateListing&#8221;, &#8220;@id&#8221;: &#8220;https:\/\/camposenentrerios.com\/producto\/campo-agricola-venta-hernandarias-la-paz\/#listing&#8221;, &#8220;name&#8221;: &#8220;Campo AGR\u00cdCOLA en Venta &#8211; 221 ha &#8211; Hernandarias, Entre R\u00edos&#8221;, &#8220;description&#8221;: &#8220;Campo agr\u00edcola de 221 hect\u00e1reas en Hernandarias, La Paz. Aptitud para rotaci\u00f3n&hellip;&nbsp;<a href=\"https:\/\/camposenentrerios.com\/en\/product\/campo-agricola-venta-hernandarias-la-paz\/\" rel=\"bookmark\">Read More \u00bb<span class=\"screen-reader-text\">Agricultural Land for Sale. 221 hectares. Hernandarias, La Paz, Entre R\u00edos<\/span><\/a><\/p>","protected":false},"featured_media":2975,"comment_status":"closed","ping_status":"closed","template":"","meta":{"_uag_custom_page_level_css":"","neve_meta_sidebar":"","neve_meta_container":"","neve_meta_enable_content_width":"off","neve_meta_content_width":100,"neve_meta_title_alignment":"","neve_meta_author_avatar":"","neve_post_elements_order":"","neve_meta_disable_header":"","neve_meta_disable_footer":"","neve_meta_disable_title":"","_themeisle_gutenberg_block_has_review":false},"product_brand":[],"product_cat":[26],"product_tag":[],"class_list":{"0":"post-2974","1":"product","2":"type-product","3":"status-publish","4":"has-post-thumbnail","6":"product_cat-campo-agricola","8":"first","9":"instock","10":"shipping-taxable","11":"purchasable","12":"product-type-simple"},"yoast_head":"<!-- This site is optimized with the Yoast SEO plugin v27.4 - https:\/\/yoast.com\/product\/yoast-seo-wordpress\/ -->\n<title>Campo AGRICOLA en Venta. 221 ha. Hernandarias, La Paz, Entre Rios<\/title>\n<meta name=\"description\" content=\"Excelente campo AGRICOLA en Venta. Ubicado en Hernandarias, La Paz. Con diferentes formas de acceso y muy buena ubiaci\u00f3n. Suelos muy aptos para agricultura\" \/>\n<meta name=\"robots\" content=\"index, follow, max-snippet:-1, max-image-preview:large, max-video-preview:-1\" \/>\n<link rel=\"canonical\" href=\"https:\/\/camposenentrerios.com\/en\/product\/campo-agricola-venta-hernandarias-la-paz\/\" \/>\n<meta property=\"og:locale\" content=\"en_US\" \/>\n<meta property=\"og:type\" content=\"article\" \/>\n<meta property=\"og:title\" content=\"Campo AGRICOLA en Venta. 221 ha. Hernandarias, La Paz, Entre Rios\" \/>\n<meta property=\"og:description\" content=\"Excelente campo AGRICOLA en Venta. Ubicado en Hernandarias, La Paz. Con diferentes formas de acceso y muy buena ubiaci\u00f3n. Suelos muy aptos para agricultura\" \/>\n<meta property=\"og:url\" content=\"https:\/\/camposenentrerios.com\/en\/product\/campo-agricola-venta-hernandarias-la-paz\/\" \/>\n<meta property=\"og:site_name\" content=\"Campos en Entre Rios\" \/>\n<meta property=\"article:publisher\" content=\"https:\/\/www.facebook.com\/camposenentrerios\/\" \/>\n<meta property=\"article:modified_time\" content=\"2026-03-26T18:06:20+00:00\" \/>\n<meta property=\"og:image\" content=\"https:\/\/camposenentrerios.com\/wp-content\/uploads\/2025\/10\/1.1_CAMPO-AGRICOLA-HERNANDARIAS.webp\" \/>\n\t<meta property=\"og:image:width\" content=\"1080\" \/>\n\t<meta property=\"og:image:height\" content=\"1080\" \/>\n\t<meta property=\"og:image:type\" content=\"image\/webp\" \/>\n<meta name=\"twitter:card\" content=\"summary_large_image\" \/>\n<meta name=\"twitter:label1\" content=\"Est. reading time\" \/>\n\t<meta name=\"twitter:data1\" content=\"2 minutes\" \/>\n<script type=\"application\/ld+json\" class=\"yoast-schema-graph\">{\"@context\":\"https:\\\/\\\/schema.org\",\"@graph\":[{\"@type\":\"WebPage\",\"@id\":\"https:\\\/\\\/camposenentrerios.com\\\/producto\\\/campo-agricola-venta-hernandarias-la-paz\\\/\",\"url\":\"https:\\\/\\\/camposenentrerios.com\\\/producto\\\/campo-agricola-venta-hernandarias-la-paz\\\/\",\"name\":\"Campo AGRICOLA en Venta. 221 ha. Hernandarias, La Paz, Entre Rios\",\"isPartOf\":{\"@id\":\"https:\\\/\\\/camposenentrerios.com\\\/#website\"},\"primaryImageOfPage\":{\"@id\":\"https:\\\/\\\/camposenentrerios.com\\\/producto\\\/campo-agricola-venta-hernandarias-la-paz\\\/#primaryimage\"},\"image\":{\"@id\":\"https:\\\/\\\/camposenentrerios.com\\\/producto\\\/campo-agricola-venta-hernandarias-la-paz\\\/#primaryimage\"},\"thumbnailUrl\":\"https:\\\/\\\/camposenentrerios.com\\\/wp-content\\\/uploads\\\/2025\\\/10\\\/1.1_CAMPO-AGRICOLA-HERNANDARIAS.webp\",\"datePublished\":\"2025-10-15T19:29:30+00:00\",\"dateModified\":\"2026-03-26T18:06:20+00:00\",\"description\":\"Excelente campo AGRICOLA en Venta. Ubicado en Hernandarias, La Paz. Con diferentes formas de acceso y muy buena ubiaci\u00f3n. Suelos muy aptos para agricultura\",\"breadcrumb\":{\"@id\":\"https:\\\/\\\/camposenentrerios.com\\\/producto\\\/campo-agricola-venta-hernandarias-la-paz\\\/#breadcrumb\"},\"inLanguage\":\"en-US\",\"potentialAction\":[{\"@type\":\"ReadAction\",\"target\":[\"https:\\\/\\\/camposenentrerios.com\\\/producto\\\/campo-agricola-venta-hernandarias-la-paz\\\/\"]}]},{\"@type\":\"ImageObject\",\"inLanguage\":\"en-US\",\"@id\":\"https:\\\/\\\/camposenentrerios.com\\\/producto\\\/campo-agricola-venta-hernandarias-la-paz\\\/#primaryimage\",\"url\":\"https:\\\/\\\/camposenentrerios.com\\\/wp-content\\\/uploads\\\/2025\\\/10\\\/1.1_CAMPO-AGRICOLA-HERNANDARIAS.webp\",\"contentUrl\":\"https:\\\/\\\/camposenentrerios.com\\\/wp-content\\\/uploads\\\/2025\\\/10\\\/1.1_CAMPO-AGRICOLA-HERNANDARIAS.webp\",\"width\":1080,\"height\":1080,\"caption\":\"CAMPO AGRICOLA EN VENTA EN HERNANDARIAS\"},{\"@type\":\"BreadcrumbList\",\"@id\":\"https:\\\/\\\/camposenentrerios.com\\\/producto\\\/campo-agricola-venta-hernandarias-la-paz\\\/#breadcrumb\",\"itemListElement\":[{\"@type\":\"ListItem\",\"position\":1,\"name\":\"Inicio\",\"item\":\"https:\\\/\\\/camposenentrerios.com\\\/\"},{\"@type\":\"ListItem\",\"position\":2,\"name\":\"Tienda\",\"item\":\"https:\\\/\\\/camposenentrerios.com\\\/tienda\\\/\"},{\"@type\":\"ListItem\",\"position\":3,\"name\":\"Campo AGRICOLA en Venta. 221 ha. Hernandarias, La Paz, Entre Rios\"}]},{\"@type\":\"WebSite\",\"@id\":\"https:\\\/\\\/camposenentrerios.com\\\/#website\",\"url\":\"https:\\\/\\\/camposenentrerios.com\\\/\",\"name\":\"Campos en Entre R\u00edos\u00ae\",\"description\":\"Inmobiliaria rural l\u00edder en Entre R\u00edos. Venta de campos agr\u00edcolas, mixtos y ganaderos. Asesoramiento t\u00e9cnico especializado. Marca Registrada\u00ae con respaldo profesional.\",\"publisher\":{\"@id\":\"https:\\\/\\\/camposenentrerios.com\\\/#organization\"},\"alternateName\":\"Campos en Entre Rios\",\"potentialAction\":[{\"@type\":\"SearchAction\",\"target\":{\"@type\":\"EntryPoint\",\"urlTemplate\":\"https:\\\/\\\/camposenentrerios.com\\\/?s={search_term_string}\"},\"query-input\":{\"@type\":\"PropertyValueSpecification\",\"valueRequired\":true,\"valueName\":\"search_term_string\"}}],\"inLanguage\":\"en-US\"},{\"@type\":\"Organization\",\"@id\":\"https:\\\/\\\/camposenentrerios.com\\\/#organization\",\"name\":\"Campos en Entre R\u00edos\u00ae\",\"alternateName\":\"Campos en Entre Rios\",\"url\":\"https:\\\/\\\/camposenentrerios.com\\\/\",\"logo\":{\"@type\":\"ImageObject\",\"inLanguage\":\"en-US\",\"@id\":\"https:\\\/\\\/camposenentrerios.com\\\/#\\\/schema\\\/logo\\\/image\\\/\",\"url\":\"https:\\\/\\\/camposenentrerios.com\\\/wp-content\\\/uploads\\\/2025\\\/03\\\/Logo-campos-en-entre-rios.webp\",\"contentUrl\":\"https:\\\/\\\/camposenentrerios.com\\\/wp-content\\\/uploads\\\/2025\\\/03\\\/Logo-campos-en-entre-rios.webp\",\"width\":324,\"height\":324,\"caption\":\"Campos en Entre R\u00edos\u00ae\"},\"image\":{\"@id\":\"https:\\\/\\\/camposenentrerios.com\\\/#\\\/schema\\\/logo\\\/image\\\/\"},\"sameAs\":[\"https:\\\/\\\/www.facebook.com\\\/camposenentrerios\\\/\",\"https:\\\/\\\/www.instagram.com\\\/camposenentrerios\\\/\",\"https:\\\/\\\/www.youtube.com\\\/channel\\\/UCg91gblU8Pwy_BNg8pqmDmQ\",\"https:\\\/\\\/www.tiktok.com\\\/@camposenentrerios\"]}]}<\/script>\n<!-- \/ Yoast SEO plugin. -->","yoast_head_json":{"title":"Agricultural Land for Sale. 221 hectares. Hernandarias, La Paz, Entre R\u00edos","description":"Excelente campo AGRICOLA en Venta. Ubicado en Hernandarias, La Paz. Con diferentes formas de acceso y muy buena ubiaci\u00f3n. Suelos muy aptos para agricultura","robots":{"index":"index","follow":"follow","max-snippet":"max-snippet:-1","max-image-preview":"max-image-preview:large","max-video-preview":"max-video-preview:-1"},"canonical":"https:\/\/camposenentrerios.com\/en\/product\/campo-agricola-venta-hernandarias-la-paz\/","og_locale":"en_US","og_type":"article","og_title":"Campo AGRICOLA en Venta. 221 ha. Hernandarias, La Paz, Entre Rios","og_description":"Excelente campo AGRICOLA en Venta. Ubicado en Hernandarias, La Paz. Con diferentes formas de acceso y muy buena ubiaci\u00f3n. Suelos muy aptos para agricultura","og_url":"https:\/\/camposenentrerios.com\/en\/product\/campo-agricola-venta-hernandarias-la-paz\/","og_site_name":"Campos en Entre Rios","article_publisher":"https:\/\/www.facebook.com\/camposenentrerios\/","article_modified_time":"2026-03-26T18:06:20+00:00","og_image":[{"width":1080,"height":1080,"url":"https:\/\/camposenentrerios.com\/wp-content\/uploads\/2025\/10\/1.1_CAMPO-AGRICOLA-HERNANDARIAS.webp","type":"image\/webp"}],"twitter_card":"summary_large_image","twitter_misc":{"Est. reading time":"2 minutes"},"schema":{"@context":"https:\/\/schema.org","@graph":[{"@type":"WebPage","@id":"https:\/\/camposenentrerios.com\/producto\/campo-agricola-venta-hernandarias-la-paz\/","url":"https:\/\/camposenentrerios.com\/producto\/campo-agricola-venta-hernandarias-la-paz\/","name":"Agricultural Land for Sale. 221 hectares. Hernandarias, La Paz, Entre R\u00edos","isPartOf":{"@id":"https:\/\/camposenentrerios.com\/#website"},"primaryImageOfPage":{"@id":"https:\/\/camposenentrerios.com\/producto\/campo-agricola-venta-hernandarias-la-paz\/#primaryimage"},"image":{"@id":"https:\/\/camposenentrerios.com\/producto\/campo-agricola-venta-hernandarias-la-paz\/#primaryimage"},"thumbnailUrl":"https:\/\/camposenentrerios.com\/wp-content\/uploads\/2025\/10\/1.1_CAMPO-AGRICOLA-HERNANDARIAS.webp","datePublished":"2025-10-15T19:29:30+00:00","dateModified":"2026-03-26T18:06:20+00:00","description":"Excelente campo AGRICOLA en Venta. Ubicado en Hernandarias, La Paz. Con diferentes formas de acceso y muy buena ubiaci\u00f3n. Suelos muy aptos para agricultura","breadcrumb":{"@id":"https:\/\/camposenentrerios.com\/producto\/campo-agricola-venta-hernandarias-la-paz\/#breadcrumb"},"inLanguage":"en-US","potentialAction":[{"@type":"ReadAction","target":["https:\/\/camposenentrerios.com\/producto\/campo-agricola-venta-hernandarias-la-paz\/"]}]},{"@type":"ImageObject","inLanguage":"en-US","@id":"https:\/\/camposenentrerios.com\/producto\/campo-agricola-venta-hernandarias-la-paz\/#primaryimage","url":"https:\/\/camposenentrerios.com\/wp-content\/uploads\/2025\/10\/1.1_CAMPO-AGRICOLA-HERNANDARIAS.webp","contentUrl":"https:\/\/camposenentrerios.com\/wp-content\/uploads\/2025\/10\/1.1_CAMPO-AGRICOLA-HERNANDARIAS.webp","width":1080,"height":1080,"caption":"CAMPO AGRICOLA EN VENTA EN HERNANDARIAS"},{"@type":"BreadcrumbList","@id":"https:\/\/camposenentrerios.com\/producto\/campo-agricola-venta-hernandarias-la-paz\/#breadcrumb","itemListElement":[{"@type":"ListItem","position":1,"name":"Inicio","item":"https:\/\/camposenentrerios.com\/"},{"@type":"ListItem","position":2,"name":"Tienda","item":"https:\/\/camposenentrerios.com\/tienda\/"},{"@type":"ListItem","position":3,"name":"Campo AGRICOLA en Venta. 221 ha. Hernandarias, La Paz, Entre Rios"}]},{"@type":"WebSite","@id":"https:\/\/camposenentrerios.com\/#website","url":"https:\/\/camposenentrerios.com\/","name":"Fields in Entre R\u00edos\u00ae","description":"Leading rural real estate agency in Entre R\u00edos. Sale of agricultural, mixed-use, and livestock properties. Specialized technical advice. Registered Trademark\u00ae with professional support.","publisher":{"@id":"https:\/\/camposenentrerios.com\/#organization"},"alternateName":"Campos en Entre Rios","potentialAction":[{"@type":"SearchAction","target":{"@type":"EntryPoint","urlTemplate":"https:\/\/camposenentrerios.com\/?s={search_term_string}"},"query-input":{"@type":"PropertyValueSpecification","valueRequired":true,"valueName":"search_term_string"}}],"inLanguage":"en-US"},{"@type":"Organization","@id":"https:\/\/camposenentrerios.com\/#organization","name":"Fields in Entre R\u00edos\u00ae","alternateName":"Campos en Entre Rios","url":"https:\/\/camposenentrerios.com\/","logo":{"@type":"ImageObject","inLanguage":"en-US","@id":"https:\/\/camposenentrerios.com\/#\/schema\/logo\/image\/","url":"https:\/\/camposenentrerios.com\/wp-content\/uploads\/2025\/03\/Logo-campos-en-entre-rios.webp","contentUrl":"https:\/\/camposenentrerios.com\/wp-content\/uploads\/2025\/03\/Logo-campos-en-entre-rios.webp","width":324,"height":324,"caption":"Campos en Entre R\u00edos\u00ae"},"image":{"@id":"https:\/\/camposenentrerios.com\/#\/schema\/logo\/image\/"},"sameAs":["https:\/\/www.facebook.com\/camposenentrerios\/","https:\/\/www.instagram.com\/camposenentrerios\/","https:\/\/www.youtube.com\/channel\/UCg91gblU8Pwy_BNg8pqmDmQ","https:\/\/www.tiktok.com\/@camposenentrerios"]}]}},"uagb_featured_image_src":{"full":["https:\/\/camposenentrerios.com\/wp-content\/uploads\/2025\/10\/1.1_CAMPO-AGRICOLA-HERNANDARIAS.webp",1080,1080,false],"thumbnail":["https:\/\/camposenentrerios.com\/wp-content\/uploads\/2025\/10\/1.1_CAMPO-AGRICOLA-HERNANDARIAS-150x150.webp",150,150,true],"medium":["https:\/\/camposenentrerios.com\/wp-content\/uploads\/2025\/10\/1.1_CAMPO-AGRICOLA-HERNANDARIAS-300x300.webp",300,300,true],"medium_large":["https:\/\/camposenentrerios.com\/wp-content\/uploads\/2025\/10\/1.1_CAMPO-AGRICOLA-HERNANDARIAS-768x768.webp",768,768,true],"large":["https:\/\/camposenentrerios.com\/wp-content\/uploads\/2025\/10\/1.1_CAMPO-AGRICOLA-HERNANDARIAS-1024x1024.webp",1024,1024,true],"1536x1536":["https:\/\/camposenentrerios.com\/wp-content\/uploads\/2025\/10\/1.1_CAMPO-AGRICOLA-HERNANDARIAS.webp",1080,1080,false],"2048x2048":["https:\/\/camposenentrerios.com\/wp-content\/uploads\/2025\/10\/1.1_CAMPO-AGRICOLA-HERNANDARIAS.webp",1080,1080,false],"trp-custom-language-flag":["https:\/\/camposenentrerios.com\/wp-content\/uploads\/2025\/10\/1.1_CAMPO-AGRICOLA-HERNANDARIAS-12x12.webp",12,12,true],"neve-blog":["https:\/\/camposenentrerios.com\/wp-content\/uploads\/2025\/10\/1.1_CAMPO-AGRICOLA-HERNANDARIAS-930x620.webp",930,620,true],"woocommerce_thumbnail":["https:\/\/camposenentrerios.com\/wp-content\/uploads\/2025\/10\/1.1_CAMPO-AGRICOLA-HERNANDARIAS-300x300.webp",300,300,true],"woocommerce_single":["https:\/\/camposenentrerios.com\/wp-content\/uploads\/2025\/10\/1.1_CAMPO-AGRICOLA-HERNANDARIAS-600x600.webp",600,600,true],"woocommerce_gallery_thumbnail":["https:\/\/camposenentrerios.com\/wp-content\/uploads\/2025\/10\/1.1_CAMPO-AGRICOLA-HERNANDARIAS-100x100.webp",100,100,true]},"uagb_author_info":{"display_name":"Campos en Entre Rios","author_link":"https:\/\/camposenentrerios.com\/en\/author\/"},"uagb_comment_info":0,"uagb_excerpt":"&lt;script type=&#8221;application\/ld+json&#8221;&gt; { &#8220;@context&#8221;: &#8220;https:\/\/schema.org\/&#8221;, &#8220;@graph&#8221;: [ { &#8220;@type&#8221;: &#8220;RealEstateAgent&#8221;, &#8220;@id&#8221;: &#8220;https:\/\/camposenentrerios.com\/#organization&#8221;, &#8220;name&#8221;: &#8220;Campos en Entre R\u00edos\u00ae&#8221;, &#8220;legalName&#8221;: &#8220;Campos en Entre R\u00edos\u00ae&#8221;, &#8220;url&#8221;: &#8220;https:\/\/camposenentrerios.com&#8221; }, { &#8220;@type&#8221;: &#8220;RealEstateListing&#8221;, &#8220;@id&#8221;: &#8220;https:\/\/camposenentrerios.com\/producto\/campo-agricola-venta-hernandarias-la-paz\/#listing&#8221;, &#8220;name&#8221;: &#8220;Campo AGR\u00cdCOLA en Venta &#8211; 221 ha &#8211; Hernandarias, Entre R\u00edos&#8221;, &#8220;description&#8221;: &#8220;Campo agr\u00edcola de 221 hect\u00e1reas en Hernandarias, La Paz. Aptitud para rotaci\u00f3n&hellip;&nbsp;Read&hellip;","_links":{"self":[{"href":"https:\/\/camposenentrerios.com\/en\/wp-json\/wp\/v2\/product\/2974","targetHints":{"allow":["GET"]}}],"collection":[{"href":"https:\/\/camposenentrerios.com\/en\/wp-json\/wp\/v2\/product"}],"about":[{"href":"https:\/\/camposenentrerios.com\/en\/wp-json\/wp\/v2\/types\/product"}],"replies":[{"embeddable":true,"href":"https:\/\/camposenentrerios.com\/en\/wp-json\/wp\/v2\/comments?post=2974"}],"wp:featuredmedia":[{"embeddable":true,"href":"https:\/\/camposenentrerios.com\/en\/wp-json\/wp\/v2\/media\/2975"}],"wp:attachment":[{"href":"https:\/\/camposenentrerios.com\/en\/wp-json\/wp\/v2\/media?parent=2974"}],"wp:term":[{"taxonomy":"product_brand","embeddable":true,"href":"https:\/\/camposenentrerios.com\/en\/wp-json\/wp\/v2\/product_brand?post=2974"},{"taxonomy":"product_cat","embeddable":true,"href":"https:\/\/camposenentrerios.com\/en\/wp-json\/wp\/v2\/product_cat?post=2974"},{"taxonomy":"product_tag","embeddable":true,"href":"https:\/\/camposenentrerios.com\/en\/wp-json\/wp\/v2\/product_tag?post=2974"}],"curies":[{"name":"wp","href":"https:\/\/api.w.org\/{rel}","templated":true}]}}