{"id":2958,"date":"2025-10-14T17:26:39","date_gmt":"2025-10-14T20:26:39","guid":{"rendered":"https:\/\/camposenentrerios.com\/?post_type=product&#038;p=2958"},"modified":"2026-03-26T16:19:23","modified_gmt":"2026-03-26T19:19:23","slug":"campo-mixto-en-venta-hernandarias-la-paz-entre-rios","status":"publish","type":"product","link":"https:\/\/camposenentrerios.com\/en\/product\/campo-mixto-en-venta-hernandarias-la-paz-entre-rios\/","title":{"rendered":"Mixed Farm for Sale. 386 hectares. Hernandarias, La Paz, Entre R\u00edos"},"content":{"rendered":"<p><script type=\"application\/ld+json\">\n{\n  \"@context\": \"https:\/\/schema.org\/\",\n  \"@graph\": [\n    {\n      \"@type\": \"RealEstateAgent\",\n      \"@id\": \"https:\/\/camposenentrerios.com\/#organization\",\n      \"name\": \"Campos en Entre R\u00edos\u00ae\",\n      \"legalName\": \"Campos en Entre R\u00edos\u00ae\",\n      \"url\": \"https:\/\/camposenentrerios.com\"\n    },\n    {\n      \"@type\": \"RealEstateListing\",\n      \"@id\": \"https:\/\/camposenentrerios.com\/producto\/campo-mixto-venta-hernandarias-386ha\/#listing\",\n      \"name\": \"Campo Mixto en Venta - 386 ha - Hernandarias\",\n      \"description\": \"Campo mixto de 386 ha en Hernandarias. Valor: USD 3700 por hect\u00e1rea.\",\n      \"url\": \"https:\/\/camposenentrerios.com\/producto\/campo-mixto-venta-hernandarias-386ha\/\",\n      \"image\": \"https:\/\/camposenentrerios.com\/wp-content\/uploads\/2023\/07\/cabecera-1.webp\",\n      \"datePosted\": \"2026-03-26\",\n      \"dateModified\": \"2026-03-26\",\n      \"address\": {\n        \"@type\": \"PostalAddress\",\n        \"addressLocality\": \"Hernandarias\",\n        \"addressRegion\": \"Entre R\u00edos\",\n        \"addressCountry\": \"AR\"\n      },\n      \"offers\": {\n        \"@type\": \"Offer\",\n        \"price\": \"1428200\",\n        \"priceCurrency\": \"USD\",\n        \"priceSpecification\": {\n          \"@type\": \"UnitPriceSpecification\",\n          \"price\": \"3700\",\n          \"priceCurrency\": \"USD\",\n          \"unitText\": \"hect\u00e1rea\"\n        },\n        \"availability\": \"https:\/\/schema.org\/InStock\",\n        \"seller\": {\n          \"@id\": \"https:\/\/camposenentrerios.com\/#organization\"\n        }\n      }\n    }\n  ]\n}\n<\/script><\/p>\n<p>\ud83d\udccd <strong>Caracter\u00edsticas del Campo<\/strong><br \/>\n\ud83d\udccc <strong>Ubicaci\u00f3n<\/strong><br \/>\nHernandarias, Departamento La Paz, Entre R\u00edos<br \/>\n\ud83d\udccf <strong>Distancias<\/strong><br \/>\n\u2022 17 km de Hernandarias<br \/>\n\u2022 19 km de Piedras Blancas<br \/>\n\u2022 110 km de Paran\u00e1<br \/>\n\ud83d\ude9c <strong>Accesos<\/strong><br \/>\n\u2022 Por Ruta Nacional N\u00b012 + 10 km de camino bien afirmado<br \/>\n\u2022 Por Ruta Provincial N\u00b03 + 7 km de camino de tierra<br \/>\n\ud83c\udf3e <strong>Aptitud de uso<\/strong><br \/>\n\u2022 Ganader\u00eda: Pasturas, monte nativo<br \/>\n\u2022 Agricultura: Actualmente en rotaci\u00f3n Trigo \u2013 Soja \u2013 Ma\u00edz<br \/>\n\u2022 Superficie agr\u00edcola potencial: 76% del total<br \/>\n\ud83d\udcca <strong>Campa\u00f1a actual 2025\u20132026<\/strong><br \/>\n\u2022 230 ha agr\u00edcolas sembradas con soja de segunda<br \/>\n\u2022 26 ha implantadas con alfalfa<br \/>\n\u2022 Ganader\u00eda en campo natural, montes y bajos<br \/>\n\ud83d\udcd0 <strong>Superficie total<\/strong><br \/>\n386 hect\u00e1reas<br \/>\n\ud83c\udfd7 <strong>Infraestructura y mejoras<\/strong><br \/>\n\u2022 Alambrados perimetrales<br \/>\n\u2022 Corrales y manga<br \/>\n\u2022 Casa principal habitable<br \/>\n\u2022 Casa de encargado<br \/>\n\u2022 Galp\u00f3n<br \/>\n\ud83d\udcb0 <strong>Formas de pago<\/strong><br \/>\nContado. A convenir.<br \/>\n\ud83d\udcb0 <strong>Valor<\/strong><br \/>\nUS$ 3700 por hect\u00e1rea<br \/>\n\ud83d\udcd1 <strong>Documentaci\u00f3n<\/strong><br \/>\nEn orden. Listo para transferir.<\/p>\n<p>\ud83d\udc49 Quer\u00e9s <strong>\ud835\udc02\ud835\udc0e\ud835\udc0c\ud835\udc0f\ud835\udc11\ud835\udc00\ud835\udc11 \u2013 \ud835\udc15\ud835\udc04\ud835\udc0d\ud835\udc03\ud835\udc04\ud835\udc11<\/strong> un CAMPO o quer\u00e9s saber el <strong>\ud835\udc15\ud835\udc00\ud835\udc0b\ud835\udc0e\ud835\udc11<\/strong> de tu propiedad rural?<br \/>\n<strong>PODEMOS AYUDARTE:<\/strong> \ud83d\udc47\ud83c\udffc<br \/>\n\ud83d\ude00 <strong>\ud835\udc02\ud835\udc28\ud835\udc27\ud835\udc2c\ud835\udc2e\ud835\udc25\ud835\udc2d\ud835\udc1a\ud835\udc27\ud835\udc28\ud835\udc2c: \ud835\udc1e\ud835\udc2c\ud835\udc2d\ud835\udc1a\ud835\udc26\ud835\udc28\ud835\udc2c \ud835\udc1a \ud835\udc2d\ud835\udc2e \ud835\udc1d\ud835\udc22\ud835\udc2c\ud835\udc29\ud835\udc28\ud835\udc2c\ud835\udc22\ud835\udc1c\ud835\udc22\ud835\udc28\ud835\udc27<\/strong><\/p>\n","protected":false},"excerpt":{"rendered":"<p>\ud83d\udccd Caracter\u00edsticas del Campo \ud83d\udccc Ubicaci\u00f3n Hernandarias, Departamento La Paz, Entre R\u00edos \ud83d\udccf Distancias \u2022 17 km de Hernandarias \u2022 19 km de Piedras Blancas \u2022 110 km de Paran\u00e1 \ud83d\ude9c Accesos \u2022 Por Ruta Nacional N\u00b012 + 10 km de camino bien afirmado \u2022 Por Ruta Provincial N\u00b03 + 7 km de camino de&hellip;&nbsp;<a href=\"https:\/\/camposenentrerios.com\/en\/product\/campo-mixto-en-venta-hernandarias-la-paz-entre-rios\/\" rel=\"bookmark\">Read More \u00bb<span class=\"screen-reader-text\">Mixed Farm for Sale. 386 hectares. Hernandarias, La Paz, Entre R\u00edos<\/span><\/a><\/p>","protected":false},"featured_media":2959,"comment_status":"closed","ping_status":"closed","template":"","meta":{"_uag_custom_page_level_css":"","neve_meta_sidebar":"","neve_meta_container":"","neve_meta_enable_content_width":"off","neve_meta_content_width":100,"neve_meta_title_alignment":"","neve_meta_author_avatar":"","neve_post_elements_order":"","neve_meta_disable_header":"","neve_meta_disable_footer":"","neve_meta_disable_title":"","_themeisle_gutenberg_block_has_review":false},"product_brand":[34],"product_cat":[18],"product_tag":[19],"class_list":{"0":"post-2958","1":"product","2":"type-product","3":"status-publish","4":"has-post-thumbnail","6":"product_brand-campos-en-entre-rios","7":"product_cat-campo-mixto","8":"product_tag-campo-mixto","10":"first","11":"instock","12":"shipping-taxable","13":"purchasable","14":"product-type-simple"},"yoast_head":"<!-- This site is optimized with the Yoast SEO plugin v27.4 - https:\/\/yoast.com\/product\/yoast-seo-wordpress\/ -->\n<title>Campo MIXTO en Venta. 386 ha. Hernandarias, La Paz, Entre Rios<\/title>\n<meta name=\"description\" content=\"Excelente campo Mixto en Venta. Ubicado en Hernandarias, La Paz. Con diferentes formas de acceso y muy buena ubiaci\u00f3n. Suelos de buena productividad\" \/>\n<meta name=\"robots\" content=\"index, follow, max-snippet:-1, max-image-preview:large, max-video-preview:-1\" \/>\n<link rel=\"canonical\" href=\"https:\/\/camposenentrerios.com\/en\/product\/campo-mixto-en-venta-hernandarias-la-paz-entre-rios\/\" \/>\n<meta property=\"og:locale\" content=\"en_US\" \/>\n<meta property=\"og:type\" content=\"article\" \/>\n<meta property=\"og:title\" content=\"Campo MIXTO en Venta. 386 ha. Hernandarias, La Paz, Entre Rios\" \/>\n<meta property=\"og:description\" content=\"Excelente campo Mixto en Venta. Ubicado en Hernandarias, La Paz. Con diferentes formas de acceso y muy buena ubiaci\u00f3n. Suelos de buena productividad\" \/>\n<meta property=\"og:url\" content=\"https:\/\/camposenentrerios.com\/en\/product\/campo-mixto-en-venta-hernandarias-la-paz-entre-rios\/\" \/>\n<meta property=\"og:site_name\" content=\"Campos en Entre Rios\" \/>\n<meta property=\"article:publisher\" content=\"https:\/\/www.facebook.com\/camposenentrerios\/\" \/>\n<meta property=\"article:modified_time\" content=\"2026-03-26T19:19:23+00:00\" \/>\n<meta property=\"og:image\" content=\"https:\/\/camposenentrerios.com\/wp-content\/uploads\/2025\/10\/1.1_CAMPO-MIXTO-HERNANDARIAS.webp\" \/>\n\t<meta property=\"og:image:width\" content=\"1080\" \/>\n\t<meta property=\"og:image:height\" content=\"1080\" \/>\n\t<meta property=\"og:image:type\" content=\"image\/webp\" \/>\n<meta name=\"twitter:card\" content=\"summary_large_image\" \/>\n<meta name=\"twitter:label1\" content=\"Est. reading time\" \/>\n\t<meta name=\"twitter:data1\" content=\"2 minutes\" \/>\n<script type=\"application\/ld+json\" class=\"yoast-schema-graph\">{\"@context\":\"https:\\\/\\\/schema.org\",\"@graph\":[{\"@type\":\"WebPage\",\"@id\":\"https:\\\/\\\/camposenentrerios.com\\\/producto\\\/campo-mixto-en-venta-hernandarias-la-paz-entre-rios\\\/\",\"url\":\"https:\\\/\\\/camposenentrerios.com\\\/producto\\\/campo-mixto-en-venta-hernandarias-la-paz-entre-rios\\\/\",\"name\":\"Campo MIXTO en Venta. 386 ha. Hernandarias, La Paz, Entre Rios\",\"isPartOf\":{\"@id\":\"https:\\\/\\\/camposenentrerios.com\\\/#website\"},\"primaryImageOfPage\":{\"@id\":\"https:\\\/\\\/camposenentrerios.com\\\/producto\\\/campo-mixto-en-venta-hernandarias-la-paz-entre-rios\\\/#primaryimage\"},\"image\":{\"@id\":\"https:\\\/\\\/camposenentrerios.com\\\/producto\\\/campo-mixto-en-venta-hernandarias-la-paz-entre-rios\\\/#primaryimage\"},\"thumbnailUrl\":\"https:\\\/\\\/camposenentrerios.com\\\/wp-content\\\/uploads\\\/2025\\\/10\\\/1.1_CAMPO-MIXTO-HERNANDARIAS.webp\",\"datePublished\":\"2025-10-14T20:26:39+00:00\",\"dateModified\":\"2026-03-26T19:19:23+00:00\",\"description\":\"Excelente campo Mixto en Venta. Ubicado en Hernandarias, La Paz. Con diferentes formas de acceso y muy buena ubiaci\u00f3n. Suelos de buena productividad\",\"breadcrumb\":{\"@id\":\"https:\\\/\\\/camposenentrerios.com\\\/producto\\\/campo-mixto-en-venta-hernandarias-la-paz-entre-rios\\\/#breadcrumb\"},\"inLanguage\":\"en-US\",\"potentialAction\":[{\"@type\":\"ReadAction\",\"target\":[\"https:\\\/\\\/camposenentrerios.com\\\/producto\\\/campo-mixto-en-venta-hernandarias-la-paz-entre-rios\\\/\"]}]},{\"@type\":\"ImageObject\",\"inLanguage\":\"en-US\",\"@id\":\"https:\\\/\\\/camposenentrerios.com\\\/producto\\\/campo-mixto-en-venta-hernandarias-la-paz-entre-rios\\\/#primaryimage\",\"url\":\"https:\\\/\\\/camposenentrerios.com\\\/wp-content\\\/uploads\\\/2025\\\/10\\\/1.1_CAMPO-MIXTO-HERNANDARIAS.webp\",\"contentUrl\":\"https:\\\/\\\/camposenentrerios.com\\\/wp-content\\\/uploads\\\/2025\\\/10\\\/1.1_CAMPO-MIXTO-HERNANDARIAS.webp\",\"width\":1080,\"height\":1080,\"caption\":\"Vendemos campo agricola ganadero en Hernandarias\"},{\"@type\":\"BreadcrumbList\",\"@id\":\"https:\\\/\\\/camposenentrerios.com\\\/producto\\\/campo-mixto-en-venta-hernandarias-la-paz-entre-rios\\\/#breadcrumb\",\"itemListElement\":[{\"@type\":\"ListItem\",\"position\":1,\"name\":\"Inicio\",\"item\":\"https:\\\/\\\/camposenentrerios.com\\\/\"},{\"@type\":\"ListItem\",\"position\":2,\"name\":\"Tienda\",\"item\":\"https:\\\/\\\/camposenentrerios.com\\\/tienda\\\/\"},{\"@type\":\"ListItem\",\"position\":3,\"name\":\"Campo MIXTO en Venta. 386 ha. Hernandarias, La Paz, Entre Rios\"}]},{\"@type\":\"WebSite\",\"@id\":\"https:\\\/\\\/camposenentrerios.com\\\/#website\",\"url\":\"https:\\\/\\\/camposenentrerios.com\\\/\",\"name\":\"Campos en Entre R\u00edos\u00ae\",\"description\":\"Inmobiliaria rural l\u00edder en Entre R\u00edos. Venta de campos agr\u00edcolas, mixtos y ganaderos. Asesoramiento t\u00e9cnico especializado. Marca Registrada\u00ae con respaldo profesional.\",\"publisher\":{\"@id\":\"https:\\\/\\\/camposenentrerios.com\\\/#organization\"},\"alternateName\":\"Campos en Entre Rios\",\"potentialAction\":[{\"@type\":\"SearchAction\",\"target\":{\"@type\":\"EntryPoint\",\"urlTemplate\":\"https:\\\/\\\/camposenentrerios.com\\\/?s={search_term_string}\"},\"query-input\":{\"@type\":\"PropertyValueSpecification\",\"valueRequired\":true,\"valueName\":\"search_term_string\"}}],\"inLanguage\":\"en-US\"},{\"@type\":\"Organization\",\"@id\":\"https:\\\/\\\/camposenentrerios.com\\\/#organization\",\"name\":\"Campos en Entre R\u00edos\u00ae\",\"alternateName\":\"Campos en Entre Rios\",\"url\":\"https:\\\/\\\/camposenentrerios.com\\\/\",\"logo\":{\"@type\":\"ImageObject\",\"inLanguage\":\"en-US\",\"@id\":\"https:\\\/\\\/camposenentrerios.com\\\/#\\\/schema\\\/logo\\\/image\\\/\",\"url\":\"https:\\\/\\\/camposenentrerios.com\\\/wp-content\\\/uploads\\\/2025\\\/03\\\/Logo-campos-en-entre-rios.webp\",\"contentUrl\":\"https:\\\/\\\/camposenentrerios.com\\\/wp-content\\\/uploads\\\/2025\\\/03\\\/Logo-campos-en-entre-rios.webp\",\"width\":324,\"height\":324,\"caption\":\"Campos en Entre R\u00edos\u00ae\"},\"image\":{\"@id\":\"https:\\\/\\\/camposenentrerios.com\\\/#\\\/schema\\\/logo\\\/image\\\/\"},\"sameAs\":[\"https:\\\/\\\/www.facebook.com\\\/camposenentrerios\\\/\",\"https:\\\/\\\/www.instagram.com\\\/camposenentrerios\\\/\",\"https:\\\/\\\/www.youtube.com\\\/channel\\\/UCg91gblU8Pwy_BNg8pqmDmQ\",\"https:\\\/\\\/www.tiktok.com\\\/@camposenentrerios\"]}]}<\/script>\n<!-- \/ Yoast SEO plugin. -->","yoast_head_json":{"title":"Mixed Farm for Sale. 386 hectares. Hernandarias, La Paz, Entre R\u00edos","description":"Excelente campo Mixto en Venta. Ubicado en Hernandarias, La Paz. Con diferentes formas de acceso y muy buena ubiaci\u00f3n. Suelos de buena productividad","robots":{"index":"index","follow":"follow","max-snippet":"max-snippet:-1","max-image-preview":"max-image-preview:large","max-video-preview":"max-video-preview:-1"},"canonical":"https:\/\/camposenentrerios.com\/en\/product\/campo-mixto-en-venta-hernandarias-la-paz-entre-rios\/","og_locale":"en_US","og_type":"article","og_title":"Campo MIXTO en Venta. 386 ha. Hernandarias, La Paz, Entre Rios","og_description":"Excelente campo Mixto en Venta. Ubicado en Hernandarias, La Paz. Con diferentes formas de acceso y muy buena ubiaci\u00f3n. Suelos de buena productividad","og_url":"https:\/\/camposenentrerios.com\/en\/product\/campo-mixto-en-venta-hernandarias-la-paz-entre-rios\/","og_site_name":"Campos en Entre Rios","article_publisher":"https:\/\/www.facebook.com\/camposenentrerios\/","article_modified_time":"2026-03-26T19:19:23+00:00","og_image":[{"width":1080,"height":1080,"url":"https:\/\/camposenentrerios.com\/wp-content\/uploads\/2025\/10\/1.1_CAMPO-MIXTO-HERNANDARIAS.webp","type":"image\/webp"}],"twitter_card":"summary_large_image","twitter_misc":{"Est. reading time":"2 minutes"},"schema":{"@context":"https:\/\/schema.org","@graph":[{"@type":"WebPage","@id":"https:\/\/camposenentrerios.com\/producto\/campo-mixto-en-venta-hernandarias-la-paz-entre-rios\/","url":"https:\/\/camposenentrerios.com\/producto\/campo-mixto-en-venta-hernandarias-la-paz-entre-rios\/","name":"Mixed Farm for Sale. 386 hectares. Hernandarias, La Paz, Entre R\u00edos","isPartOf":{"@id":"https:\/\/camposenentrerios.com\/#website"},"primaryImageOfPage":{"@id":"https:\/\/camposenentrerios.com\/producto\/campo-mixto-en-venta-hernandarias-la-paz-entre-rios\/#primaryimage"},"image":{"@id":"https:\/\/camposenentrerios.com\/producto\/campo-mixto-en-venta-hernandarias-la-paz-entre-rios\/#primaryimage"},"thumbnailUrl":"https:\/\/camposenentrerios.com\/wp-content\/uploads\/2025\/10\/1.1_CAMPO-MIXTO-HERNANDARIAS.webp","datePublished":"2025-10-14T20:26:39+00:00","dateModified":"2026-03-26T19:19:23+00:00","description":"Excelente campo Mixto en Venta. Ubicado en Hernandarias, La Paz. Con diferentes formas de acceso y muy buena ubiaci\u00f3n. Suelos de buena productividad","breadcrumb":{"@id":"https:\/\/camposenentrerios.com\/producto\/campo-mixto-en-venta-hernandarias-la-paz-entre-rios\/#breadcrumb"},"inLanguage":"en-US","potentialAction":[{"@type":"ReadAction","target":["https:\/\/camposenentrerios.com\/producto\/campo-mixto-en-venta-hernandarias-la-paz-entre-rios\/"]}]},{"@type":"ImageObject","inLanguage":"en-US","@id":"https:\/\/camposenentrerios.com\/producto\/campo-mixto-en-venta-hernandarias-la-paz-entre-rios\/#primaryimage","url":"https:\/\/camposenentrerios.com\/wp-content\/uploads\/2025\/10\/1.1_CAMPO-MIXTO-HERNANDARIAS.webp","contentUrl":"https:\/\/camposenentrerios.com\/wp-content\/uploads\/2025\/10\/1.1_CAMPO-MIXTO-HERNANDARIAS.webp","width":1080,"height":1080,"caption":"Vendemos campo agricola ganadero en Hernandarias"},{"@type":"BreadcrumbList","@id":"https:\/\/camposenentrerios.com\/producto\/campo-mixto-en-venta-hernandarias-la-paz-entre-rios\/#breadcrumb","itemListElement":[{"@type":"ListItem","position":1,"name":"Inicio","item":"https:\/\/camposenentrerios.com\/"},{"@type":"ListItem","position":2,"name":"Tienda","item":"https:\/\/camposenentrerios.com\/tienda\/"},{"@type":"ListItem","position":3,"name":"Campo MIXTO en Venta. 386 ha. Hernandarias, La Paz, Entre Rios"}]},{"@type":"WebSite","@id":"https:\/\/camposenentrerios.com\/#website","url":"https:\/\/camposenentrerios.com\/","name":"Fields in Entre R\u00edos\u00ae","description":"Leading rural real estate agency in Entre R\u00edos. Sale of agricultural, mixed-use, and livestock properties. Specialized technical advice. Registered Trademark\u00ae with professional support.","publisher":{"@id":"https:\/\/camposenentrerios.com\/#organization"},"alternateName":"Campos en Entre Rios","potentialAction":[{"@type":"SearchAction","target":{"@type":"EntryPoint","urlTemplate":"https:\/\/camposenentrerios.com\/?s={search_term_string}"},"query-input":{"@type":"PropertyValueSpecification","valueRequired":true,"valueName":"search_term_string"}}],"inLanguage":"en-US"},{"@type":"Organization","@id":"https:\/\/camposenentrerios.com\/#organization","name":"Fields in Entre R\u00edos\u00ae","alternateName":"Campos en Entre Rios","url":"https:\/\/camposenentrerios.com\/","logo":{"@type":"ImageObject","inLanguage":"en-US","@id":"https:\/\/camposenentrerios.com\/#\/schema\/logo\/image\/","url":"https:\/\/camposenentrerios.com\/wp-content\/uploads\/2025\/03\/Logo-campos-en-entre-rios.webp","contentUrl":"https:\/\/camposenentrerios.com\/wp-content\/uploads\/2025\/03\/Logo-campos-en-entre-rios.webp","width":324,"height":324,"caption":"Campos en Entre R\u00edos\u00ae"},"image":{"@id":"https:\/\/camposenentrerios.com\/#\/schema\/logo\/image\/"},"sameAs":["https:\/\/www.facebook.com\/camposenentrerios\/","https:\/\/www.instagram.com\/camposenentrerios\/","https:\/\/www.youtube.com\/channel\/UCg91gblU8Pwy_BNg8pqmDmQ","https:\/\/www.tiktok.com\/@camposenentrerios"]}]}},"uagb_featured_image_src":{"full":["https:\/\/camposenentrerios.com\/wp-content\/uploads\/2025\/10\/1.1_CAMPO-MIXTO-HERNANDARIAS.webp",1080,1080,false],"thumbnail":["https:\/\/camposenentrerios.com\/wp-content\/uploads\/2025\/10\/1.1_CAMPO-MIXTO-HERNANDARIAS-150x150.webp",150,150,true],"medium":["https:\/\/camposenentrerios.com\/wp-content\/uploads\/2025\/10\/1.1_CAMPO-MIXTO-HERNANDARIAS-300x300.webp",300,300,true],"medium_large":["https:\/\/camposenentrerios.com\/wp-content\/uploads\/2025\/10\/1.1_CAMPO-MIXTO-HERNANDARIAS-768x768.webp",768,768,true],"large":["https:\/\/camposenentrerios.com\/wp-content\/uploads\/2025\/10\/1.1_CAMPO-MIXTO-HERNANDARIAS-1024x1024.webp",1024,1024,true],"1536x1536":["https:\/\/camposenentrerios.com\/wp-content\/uploads\/2025\/10\/1.1_CAMPO-MIXTO-HERNANDARIAS.webp",1080,1080,false],"2048x2048":["https:\/\/camposenentrerios.com\/wp-content\/uploads\/2025\/10\/1.1_CAMPO-MIXTO-HERNANDARIAS.webp",1080,1080,false],"trp-custom-language-flag":["https:\/\/camposenentrerios.com\/wp-content\/uploads\/2025\/10\/1.1_CAMPO-MIXTO-HERNANDARIAS-12x12.webp",12,12,true],"neve-blog":["https:\/\/camposenentrerios.com\/wp-content\/uploads\/2025\/10\/1.1_CAMPO-MIXTO-HERNANDARIAS-930x620.webp",930,620,true],"woocommerce_thumbnail":["https:\/\/camposenentrerios.com\/wp-content\/uploads\/2025\/10\/1.1_CAMPO-MIXTO-HERNANDARIAS-300x300.webp",300,300,true],"woocommerce_single":["https:\/\/camposenentrerios.com\/wp-content\/uploads\/2025\/10\/1.1_CAMPO-MIXTO-HERNANDARIAS-600x600.webp",600,600,true],"woocommerce_gallery_thumbnail":["https:\/\/camposenentrerios.com\/wp-content\/uploads\/2025\/10\/1.1_CAMPO-MIXTO-HERNANDARIAS-100x100.webp",100,100,true]},"uagb_author_info":{"display_name":"Campos en Entre Rios","author_link":"https:\/\/camposenentrerios.com\/en\/author\/"},"uagb_comment_info":0,"uagb_excerpt":"\ud83d\udccd Caracter\u00edsticas del Campo \ud83d\udccc Ubicaci\u00f3n Hernandarias, Departamento La Paz, Entre R\u00edos \ud83d\udccf Distancias \u2022 17 km de Hernandarias \u2022 19 km de Piedras Blancas \u2022 110 km de Paran\u00e1 \ud83d\ude9c Accesos \u2022 Por Ruta Nacional N\u00b012 + 10 km de camino bien afirmado \u2022 Por Ruta Provincial N\u00b03 + 7 km de camino de&hellip;&nbsp;Read&hellip;","_links":{"self":[{"href":"https:\/\/camposenentrerios.com\/en\/wp-json\/wp\/v2\/product\/2958","targetHints":{"allow":["GET"]}}],"collection":[{"href":"https:\/\/camposenentrerios.com\/en\/wp-json\/wp\/v2\/product"}],"about":[{"href":"https:\/\/camposenentrerios.com\/en\/wp-json\/wp\/v2\/types\/product"}],"replies":[{"embeddable":true,"href":"https:\/\/camposenentrerios.com\/en\/wp-json\/wp\/v2\/comments?post=2958"}],"wp:featuredmedia":[{"embeddable":true,"href":"https:\/\/camposenentrerios.com\/en\/wp-json\/wp\/v2\/media\/2959"}],"wp:attachment":[{"href":"https:\/\/camposenentrerios.com\/en\/wp-json\/wp\/v2\/media?parent=2958"}],"wp:term":[{"taxonomy":"product_brand","embeddable":true,"href":"https:\/\/camposenentrerios.com\/en\/wp-json\/wp\/v2\/product_brand?post=2958"},{"taxonomy":"product_cat","embeddable":true,"href":"https:\/\/camposenentrerios.com\/en\/wp-json\/wp\/v2\/product_cat?post=2958"},{"taxonomy":"product_tag","embeddable":true,"href":"https:\/\/camposenentrerios.com\/en\/wp-json\/wp\/v2\/product_tag?post=2958"}],"curies":[{"name":"wp","href":"https:\/\/api.w.org\/{rel}","templated":true}]}}