{"id":1331,"date":"2024-09-24T21:25:00","date_gmt":"2024-09-25T00:25:00","guid":{"rendered":"https:\/\/camposenentrerios.com\/?post_type=product&#038;p=1331"},"modified":"2026-01-08T16:51:03","modified_gmt":"2026-01-08T19:51:03","slug":"campo-ganadero-en-venta-yeso-oeste-la-paz-entre-rios","status":"publish","type":"product","link":"https:\/\/camposenentrerios.com\/en\/product\/campo-ganadero-en-venta-yeso-oeste-la-paz-entre-rios\/","title":{"rendered":"LIVESTOCK field for sale. 229 ha. Yeso Oeste, La Paz, Entre Rios"},"content":{"rendered":"<p>LOCATION<br \/>\nPlaster West, La Paz, Entre Rios, Argentina<\/p>\n<p>SURFACE<br \/>\n229 hectares in total<\/p>\n<p>DISTANCES<br \/>\n43 km from La Paz<\/p>\n<p>95 km from Federal<\/p>\n<p>170 km from Paran\u00e1<\/p>\n<p>ACCESSES<br \/>\nAccess via asphalt and dirt road. (via Route 6)<\/p>\n<p>FITNESS FOR USE<br \/>\n100% LIVESTOCK under Native Forest<\/p>\n<p>Do you want to \ud835\udc02\ud835\udc0e\ud835\udc0c\ud835\udc0f\ud835\udc11\ud835\udc00\ud835\udc11 \u2013 \ud835\udc15\ud835\udc04\ud835\udc0d\ud835\udc03\ud835\udc04\ud835\udc11 a FIELD or do you want to know the \ud835\udc15\ud835\udc00\ud835\udc0b\ud835\udc0e\ud835\udc11 of your rural property?<\/p>\n<p>WE CAN HELP YOU:<\/p>\n<p>\ud835\udc02\ud835\udc28\ud835\udc27\ud835\udc2c\ud835\udc2e\ud835\udc25\ud835\udc2d\ud835\udc1a\ud835\udc27\ud835\udc2c: \ud835\udc1e\ud835\udc2c\ud835\udc2d\ud835\udc1a\ud835\udc26\ud835\udc28\ud835\udc2c \ud835\udc1a\ud835\udc27\ud835\udc1d \ud835\udc1d\ud835\udc22\ud835\udc2c\ud835\udc29\ud835\udc28\ud835\udc2c\ud835\udc22\ud835\udc1c\ud835\udc22\ud835\udc28\ud835\udc27 \ud835\udc32\ud835\udc28\ud835\udc2e \ud835\udc26\ud835\udc28\ud835\udc2b\ud835\udc1e\ud835\udc2c\ud835\udc22\ud835\udc1c\ud835\udc2d \ud835\udc28\ud835\udc1f \ud835\udc32\ud835\udc28\ud835\udc2e \ud835\udc1d\ud835\udc22\ud835\udc2c\ud835\udc29\ud835\udc28\ud835\udc2c\ud835\udc22\ud835\udc1c\ud835\udc22\ud835\udc28\ud835\udc27<\/p>\n<p>CAMPOS EN ENTRE RIOS<\/p>","protected":false},"excerpt":{"rendered":"<p>LOCATION Yeso Oeste, La Paz, Entre R\u00edos, Argentina AREA 229 total hectares DISTANCES 43 km from La Paz 95 km from Federal 170 km from Paran\u00e1 ACCESS Access by asphalt and dirt road. (via Route 6) SUITABILITY FOR USE 100% LIVESTOCK under Native Forest Quer\u00e9s \ud835\udc02\ud835\udc0e\ud835\udc0c\ud835\udc0f\ud835\udc11\ud835\udc00\ud835\udc11 \u2013 \ud835\udc15\ud835\udc04\ud835\udc0d\ud835\udc03\ud835\udc04\ud835\udc11 a FIELD or\u2026&nbsp;<a href=\"https:\/\/camposenentrerios.com\/en\/product\/campo-ganadero-en-venta-yeso-oeste-la-paz-entre-rios\/\" rel=\"bookmark\">Read More \u00bb<span class=\"screen-reader-text\">LIVESTOCK field for sale. 229 ha. Yeso Oeste, La Paz, Entre Rios<\/span><\/a><\/p>","protected":false},"featured_media":1338,"comment_status":"closed","ping_status":"closed","template":"","meta":{"_uag_custom_page_level_css":"","neve_meta_sidebar":"","neve_meta_container":"","neve_meta_enable_content_width":"off","neve_meta_content_width":100,"neve_meta_title_alignment":"","neve_meta_author_avatar":"","neve_post_elements_order":"","neve_meta_disable_header":"","neve_meta_disable_footer":"","neve_meta_disable_title":"","_themeisle_gutenberg_block_has_review":false},"product_brand":[],"product_cat":[24],"product_tag":[25],"class_list":{"0":"post-1331","1":"product","2":"type-product","3":"status-publish","4":"has-post-thumbnail","6":"product_cat-campo-ganadero","7":"product_tag-campo-ganadero","9":"first","10":"outofstock","11":"shipping-taxable","12":"purchasable","13":"product-type-simple"},"yoast_head":"<!-- This site is optimized with the Yoast SEO plugin v27.4 - https:\/\/yoast.com\/product\/yoast-seo-wordpress\/ -->\n<title>Campo GANADERO en Venta. 229 ha. Yeso Oeste, La Paz, Entre Rios<\/title>\n<meta name=\"description\" content=\"Excelente oportunidad. Campo Ganadero en Venta en Yeso Oeste, La Paz, Entre Rios. Tu proximo proyecto en ganaderia te espera en Campos en Entre Rios.\" \/>\n<meta name=\"robots\" content=\"index, follow, max-snippet:-1, max-image-preview:large, max-video-preview:-1\" \/>\n<link rel=\"canonical\" href=\"https:\/\/camposenentrerios.com\/en\/product\/campo-ganadero-en-venta-yeso-oeste-la-paz-entre-rios\/\" \/>\n<meta property=\"og:locale\" content=\"en_US\" \/>\n<meta property=\"og:type\" content=\"article\" \/>\n<meta property=\"og:title\" content=\"Campo GANADERO en Venta. 229 ha. Yeso Oeste, La Paz, Entre Rios\" \/>\n<meta property=\"og:description\" content=\"Excelente oportunidad. Campo Ganadero en Venta en Yeso Oeste, La Paz, Entre Rios. Tu proximo proyecto en ganaderia te espera en Campos en Entre Rios.\" \/>\n<meta property=\"og:url\" content=\"https:\/\/camposenentrerios.com\/en\/product\/campo-ganadero-en-venta-yeso-oeste-la-paz-entre-rios\/\" \/>\n<meta property=\"og:site_name\" content=\"Campos en Entre Rios\" \/>\n<meta property=\"article:publisher\" content=\"https:\/\/www.facebook.com\/camposenentrerios\/\" \/>\n<meta property=\"article:modified_time\" content=\"2026-01-08T19:51:03+00:00\" \/>\n<meta property=\"og:image\" content=\"https:\/\/camposenentrerios.com\/wp-content\/uploads\/2024\/09\/1.1_Campo-Yeso-Oeste-01.webp\" \/>\n\t<meta property=\"og:image:width\" content=\"540\" \/>\n\t<meta property=\"og:image:height\" content=\"540\" \/>\n\t<meta property=\"og:image:type\" content=\"image\/webp\" \/>\n<meta name=\"twitter:card\" content=\"summary_large_image\" \/>\n<meta name=\"twitter:label1\" content=\"Est. reading time\" \/>\n\t<meta name=\"twitter:data1\" content=\"1 minute\" \/>\n<script type=\"application\/ld+json\" class=\"yoast-schema-graph\">{\"@context\":\"https:\\\/\\\/schema.org\",\"@graph\":[{\"@type\":\"WebPage\",\"@id\":\"https:\\\/\\\/camposenentrerios.com\\\/producto\\\/campo-ganadero-en-venta-yeso-oeste-la-paz-entre-rios\\\/\",\"url\":\"https:\\\/\\\/camposenentrerios.com\\\/producto\\\/campo-ganadero-en-venta-yeso-oeste-la-paz-entre-rios\\\/\",\"name\":\"Campo GANADERO en Venta. 229 ha. Yeso Oeste, La Paz, Entre Rios\",\"isPartOf\":{\"@id\":\"https:\\\/\\\/camposenentrerios.com\\\/#website\"},\"primaryImageOfPage\":{\"@id\":\"https:\\\/\\\/camposenentrerios.com\\\/producto\\\/campo-ganadero-en-venta-yeso-oeste-la-paz-entre-rios\\\/#primaryimage\"},\"image\":{\"@id\":\"https:\\\/\\\/camposenentrerios.com\\\/producto\\\/campo-ganadero-en-venta-yeso-oeste-la-paz-entre-rios\\\/#primaryimage\"},\"thumbnailUrl\":\"https:\\\/\\\/camposenentrerios.com\\\/wp-content\\\/uploads\\\/2024\\\/09\\\/1.1_Campo-Yeso-Oeste-01.webp\",\"datePublished\":\"2024-09-25T00:25:00+00:00\",\"dateModified\":\"2026-01-08T19:51:03+00:00\",\"description\":\"Excelente oportunidad. Campo Ganadero en Venta en Yeso Oeste, La Paz, Entre Rios. Tu proximo proyecto en ganaderia te espera en Campos en Entre Rios.\",\"breadcrumb\":{\"@id\":\"https:\\\/\\\/camposenentrerios.com\\\/producto\\\/campo-ganadero-en-venta-yeso-oeste-la-paz-entre-rios\\\/#breadcrumb\"},\"inLanguage\":\"en-US\",\"potentialAction\":[{\"@type\":\"ReadAction\",\"target\":[\"https:\\\/\\\/camposenentrerios.com\\\/producto\\\/campo-ganadero-en-venta-yeso-oeste-la-paz-entre-rios\\\/\"]}]},{\"@type\":\"ImageObject\",\"inLanguage\":\"en-US\",\"@id\":\"https:\\\/\\\/camposenentrerios.com\\\/producto\\\/campo-ganadero-en-venta-yeso-oeste-la-paz-entre-rios\\\/#primaryimage\",\"url\":\"https:\\\/\\\/camposenentrerios.com\\\/wp-content\\\/uploads\\\/2024\\\/09\\\/1.1_Campo-Yeso-Oeste-01.webp\",\"contentUrl\":\"https:\\\/\\\/camposenentrerios.com\\\/wp-content\\\/uploads\\\/2024\\\/09\\\/1.1_Campo-Yeso-Oeste-01.webp\",\"width\":540,\"height\":540},{\"@type\":\"BreadcrumbList\",\"@id\":\"https:\\\/\\\/camposenentrerios.com\\\/producto\\\/campo-ganadero-en-venta-yeso-oeste-la-paz-entre-rios\\\/#breadcrumb\",\"itemListElement\":[{\"@type\":\"ListItem\",\"position\":1,\"name\":\"Inicio\",\"item\":\"https:\\\/\\\/camposenentrerios.com\\\/\"},{\"@type\":\"ListItem\",\"position\":2,\"name\":\"Tienda\",\"item\":\"https:\\\/\\\/camposenentrerios.com\\\/tienda\\\/\"},{\"@type\":\"ListItem\",\"position\":3,\"name\":\"Campo GANADERO en Venta. 229 ha. Yeso Oeste, La Paz, Entre Rios\"}]},{\"@type\":\"WebSite\",\"@id\":\"https:\\\/\\\/camposenentrerios.com\\\/#website\",\"url\":\"https:\\\/\\\/camposenentrerios.com\\\/\",\"name\":\"Campos en Entre R\u00edos\u00ae\",\"description\":\"Inmobiliaria rural l\u00edder en Entre R\u00edos. Venta de campos agr\u00edcolas, mixtos y ganaderos. Asesoramiento t\u00e9cnico especializado. Marca Registrada\u00ae con respaldo profesional.\",\"publisher\":{\"@id\":\"https:\\\/\\\/camposenentrerios.com\\\/#organization\"},\"alternateName\":\"Campos en Entre Rios\",\"potentialAction\":[{\"@type\":\"SearchAction\",\"target\":{\"@type\":\"EntryPoint\",\"urlTemplate\":\"https:\\\/\\\/camposenentrerios.com\\\/?s={search_term_string}\"},\"query-input\":{\"@type\":\"PropertyValueSpecification\",\"valueRequired\":true,\"valueName\":\"search_term_string\"}}],\"inLanguage\":\"en-US\"},{\"@type\":\"Organization\",\"@id\":\"https:\\\/\\\/camposenentrerios.com\\\/#organization\",\"name\":\"Campos en Entre R\u00edos\u00ae\",\"alternateName\":\"Campos en Entre Rios\",\"url\":\"https:\\\/\\\/camposenentrerios.com\\\/\",\"logo\":{\"@type\":\"ImageObject\",\"inLanguage\":\"en-US\",\"@id\":\"https:\\\/\\\/camposenentrerios.com\\\/#\\\/schema\\\/logo\\\/image\\\/\",\"url\":\"https:\\\/\\\/camposenentrerios.com\\\/wp-content\\\/uploads\\\/2025\\\/03\\\/Logo-campos-en-entre-rios.webp\",\"contentUrl\":\"https:\\\/\\\/camposenentrerios.com\\\/wp-content\\\/uploads\\\/2025\\\/03\\\/Logo-campos-en-entre-rios.webp\",\"width\":324,\"height\":324,\"caption\":\"Campos en Entre R\u00edos\u00ae\"},\"image\":{\"@id\":\"https:\\\/\\\/camposenentrerios.com\\\/#\\\/schema\\\/logo\\\/image\\\/\"},\"sameAs\":[\"https:\\\/\\\/www.facebook.com\\\/camposenentrerios\\\/\",\"https:\\\/\\\/www.instagram.com\\\/camposenentrerios\\\/\",\"https:\\\/\\\/www.youtube.com\\\/channel\\\/UCg91gblU8Pwy_BNg8pqmDmQ\",\"https:\\\/\\\/www.tiktok.com\\\/@camposenentrerios\"]}]}<\/script>\n<!-- \/ Yoast SEO plugin. -->","yoast_head_json":{"title":"LIVESTOCK field for sale. 229 ha. Yeso Oeste, La Paz, Entre Rios","description":"Excellent opportunity. Cattle farm for sale in Yeso Oeste, La Paz, Entre Rios. Your next livestock project awaits you at Campos in Entre Rios.","robots":{"index":"index","follow":"follow","max-snippet":"max-snippet:-1","max-image-preview":"max-image-preview:large","max-video-preview":"max-video-preview:-1"},"canonical":"https:\/\/camposenentrerios.com\/en\/product\/campo-ganadero-en-venta-yeso-oeste-la-paz-entre-rios\/","og_locale":"en_US","og_type":"article","og_title":"Campo GANADERO en Venta. 229 ha. Yeso Oeste, La Paz, Entre Rios","og_description":"Excelente oportunidad. Campo Ganadero en Venta en Yeso Oeste, La Paz, Entre Rios. Tu proximo proyecto en ganaderia te espera en Campos en Entre Rios.","og_url":"https:\/\/camposenentrerios.com\/en\/product\/campo-ganadero-en-venta-yeso-oeste-la-paz-entre-rios\/","og_site_name":"Campos en Entre Rios","article_publisher":"https:\/\/www.facebook.com\/camposenentrerios\/","article_modified_time":"2026-01-08T19:51:03+00:00","og_image":[{"width":540,"height":540,"url":"https:\/\/camposenentrerios.com\/wp-content\/uploads\/2024\/09\/1.1_Campo-Yeso-Oeste-01.webp","type":"image\/webp"}],"twitter_card":"summary_large_image","twitter_misc":{"Est. reading time":"1 minute"},"schema":{"@context":"https:\/\/schema.org","@graph":[{"@type":"WebPage","@id":"https:\/\/camposenentrerios.com\/producto\/campo-ganadero-en-venta-yeso-oeste-la-paz-entre-rios\/","url":"https:\/\/camposenentrerios.com\/producto\/campo-ganadero-en-venta-yeso-oeste-la-paz-entre-rios\/","name":"LIVESTOCK field for sale. 229 ha. Yeso Oeste, La Paz, Entre Rios","isPartOf":{"@id":"https:\/\/camposenentrerios.com\/#website"},"primaryImageOfPage":{"@id":"https:\/\/camposenentrerios.com\/producto\/campo-ganadero-en-venta-yeso-oeste-la-paz-entre-rios\/#primaryimage"},"image":{"@id":"https:\/\/camposenentrerios.com\/producto\/campo-ganadero-en-venta-yeso-oeste-la-paz-entre-rios\/#primaryimage"},"thumbnailUrl":"https:\/\/camposenentrerios.com\/wp-content\/uploads\/2024\/09\/1.1_Campo-Yeso-Oeste-01.webp","datePublished":"2024-09-25T00:25:00+00:00","dateModified":"2026-01-08T19:51:03+00:00","description":"Excellent opportunity. Cattle farm for sale in Yeso Oeste, La Paz, Entre Rios. Your next livestock project awaits you at Campos in Entre Rios.","breadcrumb":{"@id":"https:\/\/camposenentrerios.com\/producto\/campo-ganadero-en-venta-yeso-oeste-la-paz-entre-rios\/#breadcrumb"},"inLanguage":"en-US","potentialAction":[{"@type":"ReadAction","target":["https:\/\/camposenentrerios.com\/producto\/campo-ganadero-en-venta-yeso-oeste-la-paz-entre-rios\/"]}]},{"@type":"ImageObject","inLanguage":"en-US","@id":"https:\/\/camposenentrerios.com\/producto\/campo-ganadero-en-venta-yeso-oeste-la-paz-entre-rios\/#primaryimage","url":"https:\/\/camposenentrerios.com\/wp-content\/uploads\/2024\/09\/1.1_Campo-Yeso-Oeste-01.webp","contentUrl":"https:\/\/camposenentrerios.com\/wp-content\/uploads\/2024\/09\/1.1_Campo-Yeso-Oeste-01.webp","width":540,"height":540},{"@type":"BreadcrumbList","@id":"https:\/\/camposenentrerios.com\/producto\/campo-ganadero-en-venta-yeso-oeste-la-paz-entre-rios\/#breadcrumb","itemListElement":[{"@type":"ListItem","position":1,"name":"Inicio","item":"https:\/\/camposenentrerios.com\/"},{"@type":"ListItem","position":2,"name":"Tienda","item":"https:\/\/camposenentrerios.com\/tienda\/"},{"@type":"ListItem","position":3,"name":"Campo GANADERO en Venta. 229 ha. Yeso Oeste, La Paz, Entre Rios"}]},{"@type":"WebSite","@id":"https:\/\/camposenentrerios.com\/#website","url":"https:\/\/camposenentrerios.com\/","name":"Fields in Entre R\u00edos\u00ae","description":"Leading rural real estate agency in Entre R\u00edos. Sale of agricultural, mixed-use, and livestock properties. Specialized technical advice. Registered Trademark\u00ae with professional support.","publisher":{"@id":"https:\/\/camposenentrerios.com\/#organization"},"alternateName":"Campos en Entre Rios","potentialAction":[{"@type":"SearchAction","target":{"@type":"EntryPoint","urlTemplate":"https:\/\/camposenentrerios.com\/?s={search_term_string}"},"query-input":{"@type":"PropertyValueSpecification","valueRequired":true,"valueName":"search_term_string"}}],"inLanguage":"en-US"},{"@type":"Organization","@id":"https:\/\/camposenentrerios.com\/#organization","name":"Fields in Entre R\u00edos\u00ae","alternateName":"Campos en Entre Rios","url":"https:\/\/camposenentrerios.com\/","logo":{"@type":"ImageObject","inLanguage":"en-US","@id":"https:\/\/camposenentrerios.com\/#\/schema\/logo\/image\/","url":"https:\/\/camposenentrerios.com\/wp-content\/uploads\/2025\/03\/Logo-campos-en-entre-rios.webp","contentUrl":"https:\/\/camposenentrerios.com\/wp-content\/uploads\/2025\/03\/Logo-campos-en-entre-rios.webp","width":324,"height":324,"caption":"Campos en Entre R\u00edos\u00ae"},"image":{"@id":"https:\/\/camposenentrerios.com\/#\/schema\/logo\/image\/"},"sameAs":["https:\/\/www.facebook.com\/camposenentrerios\/","https:\/\/www.instagram.com\/camposenentrerios\/","https:\/\/www.youtube.com\/channel\/UCg91gblU8Pwy_BNg8pqmDmQ","https:\/\/www.tiktok.com\/@camposenentrerios"]}]}},"uagb_featured_image_src":{"full":["https:\/\/camposenentrerios.com\/wp-content\/uploads\/2024\/09\/1.1_Campo-Yeso-Oeste-01.webp",540,540,false],"thumbnail":["https:\/\/camposenentrerios.com\/wp-content\/uploads\/2024\/09\/1.1_Campo-Yeso-Oeste-01-150x150.webp",150,150,true],"medium":["https:\/\/camposenentrerios.com\/wp-content\/uploads\/2024\/09\/1.1_Campo-Yeso-Oeste-01-300x300.webp",300,300,true],"medium_large":["https:\/\/camposenentrerios.com\/wp-content\/uploads\/2024\/09\/1.1_Campo-Yeso-Oeste-01.webp",540,540,false],"large":["https:\/\/camposenentrerios.com\/wp-content\/uploads\/2024\/09\/1.1_Campo-Yeso-Oeste-01.webp",540,540,false],"1536x1536":["https:\/\/camposenentrerios.com\/wp-content\/uploads\/2024\/09\/1.1_Campo-Yeso-Oeste-01.webp",540,540,false],"2048x2048":["https:\/\/camposenentrerios.com\/wp-content\/uploads\/2024\/09\/1.1_Campo-Yeso-Oeste-01.webp",540,540,false],"trp-custom-language-flag":["https:\/\/camposenentrerios.com\/wp-content\/uploads\/2024\/09\/1.1_Campo-Yeso-Oeste-01.webp",12,12,false],"neve-blog":["https:\/\/camposenentrerios.com\/wp-content\/uploads\/2024\/09\/1.1_Campo-Yeso-Oeste-01.webp",540,540,false],"woocommerce_thumbnail":["https:\/\/camposenentrerios.com\/wp-content\/uploads\/2024\/09\/1.1_Campo-Yeso-Oeste-01-300x300.webp",300,300,true],"woocommerce_single":["https:\/\/camposenentrerios.com\/wp-content\/uploads\/2024\/09\/1.1_Campo-Yeso-Oeste-01.webp",540,540,false],"woocommerce_gallery_thumbnail":["https:\/\/camposenentrerios.com\/wp-content\/uploads\/2024\/09\/1.1_Campo-Yeso-Oeste-01-100x100.webp",100,100,true]},"uagb_author_info":{"display_name":"Campos en Entre Rios","author_link":"https:\/\/camposenentrerios.com\/en\/author\/"},"uagb_comment_info":0,"uagb_excerpt":"UBICACI\u00d3N Yeso Oeste, La Paz, Entre R\u00edos, Argentina SUPERFICIE 229 hect\u00e1reas totales DISTANCIAS a 43 Km de la Paz a 95 Km de Federal a 170 km de Paran\u00e1 ACCESOS Acceso por asfalto y calle de tierra. (por Ruta 6) APTITUD DE USO 100% GANADERIA bajo Monte Nativo Quer\u00e9s \ud835\udc02\ud835\udc0e\ud835\udc0c\ud835\udc0f\ud835\udc11\ud835\udc00\ud835\udc11 &#8211; \ud835\udc15\ud835\udc04\ud835\udc0d\ud835\udc03\ud835\udc04\ud835\udc11 un CAMPO o&hellip;&nbsp;Read&hellip;","_links":{"self":[{"href":"https:\/\/camposenentrerios.com\/en\/wp-json\/wp\/v2\/product\/1331","targetHints":{"allow":["GET"]}}],"collection":[{"href":"https:\/\/camposenentrerios.com\/en\/wp-json\/wp\/v2\/product"}],"about":[{"href":"https:\/\/camposenentrerios.com\/en\/wp-json\/wp\/v2\/types\/product"}],"replies":[{"embeddable":true,"href":"https:\/\/camposenentrerios.com\/en\/wp-json\/wp\/v2\/comments?post=1331"}],"wp:featuredmedia":[{"embeddable":true,"href":"https:\/\/camposenentrerios.com\/en\/wp-json\/wp\/v2\/media\/1338"}],"wp:attachment":[{"href":"https:\/\/camposenentrerios.com\/en\/wp-json\/wp\/v2\/media?parent=1331"}],"wp:term":[{"taxonomy":"product_brand","embeddable":true,"href":"https:\/\/camposenentrerios.com\/en\/wp-json\/wp\/v2\/product_brand?post=1331"},{"taxonomy":"product_cat","embeddable":true,"href":"https:\/\/camposenentrerios.com\/en\/wp-json\/wp\/v2\/product_cat?post=1331"},{"taxonomy":"product_tag","embeddable":true,"href":"https:\/\/camposenentrerios.com\/en\/wp-json\/wp\/v2\/product_tag?post=1331"}],"curies":[{"name":"wp","href":"https:\/\/api.w.org\/{rel}","templated":true}]}}