{"id":1308,"date":"2024-09-24T19:34:26","date_gmt":"2024-09-24T22:34:26","guid":{"rendered":"https:\/\/camposenentrerios.com\/?post_type=product&#038;p=1308"},"modified":"2025-09-04T19:09:57","modified_gmt":"2025-09-04T22:09:57","slug":"campo-agricola-ganadero-en-venta-la-paz-entre-rios","status":"publish","type":"product","link":"https:\/\/camposenentrerios.com\/en\/product\/campo-agricola-ganadero-en-venta-la-paz-entre-rios\/","title":{"rendered":"AGRICULTURAL-LIVESTOCK Field for Sale. 48 ha. La Paz, Entre Rios"},"content":{"rendered":"<h2><span style=\"font-family: helvetica;\"><strong>Location:<\/strong><\/span><\/h2>\n<p><span style=\"font-family: helvetica;\">This field is strategically located in <strong>La Paz, Department of La Paz, Province of Entre Rios, Argentina<\/strong>, just\u00a0<strong>3 kilometers from the city of La Paz<\/strong>. <\/span><\/p>\n<p><span style=\"font-family: helvetica;\">This proximity to a major urban center provides access to essential services, infrastructure and connectivity, facilitating logistics and transportation of inputs and production.<\/span><\/p>\n<p><span style=\"font-family: helvetica;\"> In addition, the area has an excellent road network, allowing for quick connections to other towns and regional markets.<\/span><\/p>\n<h2><span style=\"font-family: helvetica;\"><strong>Surface:<\/strong><\/span><\/h2>\n<p><span style=\"font-family: helvetica;\">The field has a total area of\u00a0<strong>48 hectares<\/strong>, making it an ideal-sized property for medium-scale agricultural and livestock projects, with efficient and sustainable management.<\/span><\/p>\n<h2><span style=\"font-family: helvetica;\"><strong>Suitability for Use:<\/strong><\/span><\/h2>\n<h3><span style=\"font-family: helvetica;\"><strong>70% for Agriculture (34 hectares):<\/strong><\/span><\/h3>\n<p><span style=\"font-family: helvetica;\">The field has a\u00a0<strong>70% of its surface area devoted to agriculture<\/strong>, ideal for crop rotation such as soybeans, corn, wheat or sunflowers. <\/span><\/p>\n<p><span style=\"font-family: helvetica;\">The soil is of high quality, with good drainage and fertility, characteristics that guarantee optimal crop yield.<\/span><\/p>\n<p><span style=\"font-family: helvetica;\"> The area is recognized for its agricultural potential, which ensures stable and profitable production.<\/span><\/p>\n<h3><span style=\"font-family: helvetica;\"><strong>30% for Livestock (14 hectares)<\/strong><\/span><\/h3>\n<p><span style=\"font-family: helvetica;\">He\u00a0<strong>30% remaining<\/strong>\u00a0of the field is covered by\u00a0<strong>Native Entre R\u00edos Mountain<\/strong>, a native vegetation that provides an ideal environment for raising livestock. <\/span><\/p>\n<p><span style=\"font-family: helvetica;\">This space is perfect for extensive or semi-intensive livestock farming, with natural pastures that ensure healthy and low-cost food for the livestock. <\/span><\/p>\n<p><span style=\"font-family: helvetica;\">In addition, native forests provide ecological and landscape value, contributing to the conservation of biodiversity and offering the possibility of developing rural tourism or ecotourism projects.<\/span><\/p>\n<h3><\/h3>\n<h2><span style=\"font-family: helvetica;\"><strong>Additional Features:<\/strong><\/span><\/h2>\n<ul>\n<li><span style=\"font-family: helvetica;\"><strong>Access:<\/strong> The field has good access, just a few meters from the road, which facilitates the entry of machinery and vehicles.<\/span><\/li>\n<li><span style=\"font-family: helvetica;\"><strong>Climate:<\/strong>\u00a0The area has a temperate climate, with rainfall well distributed throughout the year, which favors both agriculture and livestock.<\/span><\/li>\n<\/ul>\n<h2><span style=\"font-family: helvetica;\"><strong>Unique Opportunity:<\/strong><\/span><\/h2>\n<p><span style=\"font-family: helvetica;\">This field represents a\u00a0<strong>unique opportunity<\/strong>\u00a0for investors or producers looking for a versatile property, with high agricultural and livestock potential, in an area of great development and with an excellent location.<\/span><\/p>\n<p><span style=\"font-family: helvetica;\"> Its proximity to the city of La Paz, its mixed suitability and its natural environment make it a profitable and sustainable investment.<\/span><\/p>\n<blockquote><p><span style=\"font-family: helvetica;\"><strong>Don&#039;t miss the opportunity to acquire this field in one of the most promising areas of Entre R\u00edos!<\/strong><\/span><br \/>\n<span style=\"font-family: helvetica;\">Contact us today for more information and to schedule a visit.<\/span><\/p><\/blockquote>","protected":false},"excerpt":{"rendered":"<p>Ubicaci\u00f3n: Este campo se encuentra estrat\u00e9gicamente ubicado en La Paz, Departamento de La Paz, Provincia de Entre R\u00edos, Argentina, a tan solo\u00a03 kil\u00f3metros de la ciudad de La Paz. Esta cercan\u00eda a un centro urbano importante brinda acceso a servicios esenciales, infraestructura y conectividad, lo que facilita la log\u00edstica y el transporte de insumos y&hellip;&nbsp;<a href=\"https:\/\/camposenentrerios.com\/en\/product\/campo-agricola-ganadero-en-venta-la-paz-entre-rios\/\" rel=\"bookmark\">Read More \u00bb<span class=\"screen-reader-text\">AGRICULTURAL-LIVESTOCK Field for Sale. 48 ha. La Paz, Entre Rios<\/span><\/a><\/p>","protected":false},"featured_media":1310,"comment_status":"closed","ping_status":"closed","template":"","meta":{"_uag_custom_page_level_css":"","neve_meta_sidebar":"right","neve_meta_container":"","neve_meta_enable_content_width":"off","neve_meta_content_width":100,"neve_meta_title_alignment":"","neve_meta_author_avatar":"","neve_post_elements_order":"","neve_meta_disable_header":"","neve_meta_disable_footer":"","neve_meta_disable_title":"","_themeisle_gutenberg_block_has_review":false},"product_brand":[],"product_cat":[18],"product_tag":[19],"class_list":{"0":"post-1308","1":"product","2":"type-product","3":"status-publish","4":"has-post-thumbnail","6":"product_cat-campo-mixto","7":"product_tag-campo-mixto","9":"first","10":"outofstock","11":"shipping-taxable","12":"purchasable","13":"product-type-simple"},"yoast_head":"<!-- This site is optimized with the Yoast SEO plugin v27.3 - https:\/\/yoast.com\/product\/yoast-seo-wordpress\/ -->\n<title>Campo AGRICOLA-GANADERO en Venta. 48 ha. La Paz, Entre Rios<\/title>\n<meta name=\"description\" content=\"Campo Agricola Ganadero en Venta cerca de la ciudad de La Paz, Entre Rios. 48 ha para tu proximo proyecto en Campos en Entre Rios. Consultanos.\" \/>\n<meta name=\"robots\" content=\"index, follow, max-snippet:-1, max-image-preview:large, max-video-preview:-1\" \/>\n<link rel=\"canonical\" href=\"https:\/\/camposenentrerios.com\/en\/product\/campo-agricola-ganadero-en-venta-la-paz-entre-rios\/\" \/>\n<meta property=\"og:locale\" content=\"en_US\" \/>\n<meta property=\"og:type\" content=\"article\" \/>\n<meta property=\"og:title\" content=\"Campo AGRICOLA-GANADERO en Venta. 48 ha. La Paz, Entre Rios\" \/>\n<meta property=\"og:description\" content=\"Campo Agricola Ganadero en Venta cerca de la ciudad de La Paz, Entre Rios. 48 ha para tu proximo proyecto en Campos en Entre Rios. Consultanos.\" \/>\n<meta property=\"og:url\" content=\"https:\/\/camposenentrerios.com\/en\/product\/campo-agricola-ganadero-en-venta-la-paz-entre-rios\/\" \/>\n<meta property=\"og:site_name\" content=\"Campos en Entre Rios\" \/>\n<meta property=\"article:publisher\" content=\"https:\/\/www.facebook.com\/camposenentrerios\/\" \/>\n<meta property=\"article:modified_time\" content=\"2025-09-04T22:09:57+00:00\" \/>\n<meta property=\"og:image\" content=\"https:\/\/camposenentrerios.com\/wp-content\/uploads\/2024\/09\/Campo-La-Paz-01.webp\" \/>\n\t<meta property=\"og:image:width\" content=\"540\" \/>\n\t<meta property=\"og:image:height\" content=\"540\" \/>\n\t<meta property=\"og:image:type\" content=\"image\/webp\" \/>\n<meta name=\"twitter:card\" content=\"summary_large_image\" \/>\n<meta name=\"twitter:label1\" content=\"Est. reading time\" \/>\n\t<meta name=\"twitter:data1\" content=\"2 minutes\" \/>\n<script type=\"application\/ld+json\" class=\"yoast-schema-graph\">{\"@context\":\"https:\\\/\\\/schema.org\",\"@graph\":[{\"@type\":\"WebPage\",\"@id\":\"https:\\\/\\\/camposenentrerios.com\\\/producto\\\/campo-agricola-ganadero-en-venta-la-paz-entre-rios\\\/\",\"url\":\"https:\\\/\\\/camposenentrerios.com\\\/producto\\\/campo-agricola-ganadero-en-venta-la-paz-entre-rios\\\/\",\"name\":\"Campo AGRICOLA-GANADERO en Venta. 48 ha. La Paz, Entre Rios\",\"isPartOf\":{\"@id\":\"https:\\\/\\\/camposenentrerios.com\\\/#website\"},\"primaryImageOfPage\":{\"@id\":\"https:\\\/\\\/camposenentrerios.com\\\/producto\\\/campo-agricola-ganadero-en-venta-la-paz-entre-rios\\\/#primaryimage\"},\"image\":{\"@id\":\"https:\\\/\\\/camposenentrerios.com\\\/producto\\\/campo-agricola-ganadero-en-venta-la-paz-entre-rios\\\/#primaryimage\"},\"thumbnailUrl\":\"https:\\\/\\\/camposenentrerios.com\\\/wp-content\\\/uploads\\\/2024\\\/09\\\/Campo-La-Paz-01.webp\",\"datePublished\":\"2024-09-24T22:34:26+00:00\",\"dateModified\":\"2025-09-04T22:09:57+00:00\",\"description\":\"Campo Agricola Ganadero en Venta cerca de la ciudad de La Paz, Entre Rios. 48 ha para tu proximo proyecto en Campos en Entre Rios. Consultanos.\",\"breadcrumb\":{\"@id\":\"https:\\\/\\\/camposenentrerios.com\\\/producto\\\/campo-agricola-ganadero-en-venta-la-paz-entre-rios\\\/#breadcrumb\"},\"inLanguage\":\"en-US\",\"potentialAction\":[{\"@type\":\"ReadAction\",\"target\":[\"https:\\\/\\\/camposenentrerios.com\\\/producto\\\/campo-agricola-ganadero-en-venta-la-paz-entre-rios\\\/\"]}]},{\"@type\":\"ImageObject\",\"inLanguage\":\"en-US\",\"@id\":\"https:\\\/\\\/camposenentrerios.com\\\/producto\\\/campo-agricola-ganadero-en-venta-la-paz-entre-rios\\\/#primaryimage\",\"url\":\"https:\\\/\\\/camposenentrerios.com\\\/wp-content\\\/uploads\\\/2024\\\/09\\\/Campo-La-Paz-01.webp\",\"contentUrl\":\"https:\\\/\\\/camposenentrerios.com\\\/wp-content\\\/uploads\\\/2024\\\/09\\\/Campo-La-Paz-01.webp\",\"width\":540,\"height\":540},{\"@type\":\"BreadcrumbList\",\"@id\":\"https:\\\/\\\/camposenentrerios.com\\\/producto\\\/campo-agricola-ganadero-en-venta-la-paz-entre-rios\\\/#breadcrumb\",\"itemListElement\":[{\"@type\":\"ListItem\",\"position\":1,\"name\":\"Inicio\",\"item\":\"https:\\\/\\\/camposenentrerios.com\\\/\"},{\"@type\":\"ListItem\",\"position\":2,\"name\":\"Tienda\",\"item\":\"https:\\\/\\\/camposenentrerios.com\\\/tienda\\\/\"},{\"@type\":\"ListItem\",\"position\":3,\"name\":\"Campo AGRICOLA-GANADERO en Venta. 48 ha. La Paz, Entre Rios\"}]},{\"@type\":\"WebSite\",\"@id\":\"https:\\\/\\\/camposenentrerios.com\\\/#website\",\"url\":\"https:\\\/\\\/camposenentrerios.com\\\/\",\"name\":\"Campos en Entre R\u00edos\u00ae\",\"description\":\"Inmobiliaria rural l\u00edder en Entre R\u00edos. Venta de campos agr\u00edcolas, mixtos y ganaderos. Asesoramiento t\u00e9cnico especializado. Marca Registrada\u00ae con respaldo profesional.\",\"publisher\":{\"@id\":\"https:\\\/\\\/camposenentrerios.com\\\/#organization\"},\"alternateName\":\"Campos en Entre Rios\",\"potentialAction\":[{\"@type\":\"SearchAction\",\"target\":{\"@type\":\"EntryPoint\",\"urlTemplate\":\"https:\\\/\\\/camposenentrerios.com\\\/?s={search_term_string}\"},\"query-input\":{\"@type\":\"PropertyValueSpecification\",\"valueRequired\":true,\"valueName\":\"search_term_string\"}}],\"inLanguage\":\"en-US\"},{\"@type\":\"Organization\",\"@id\":\"https:\\\/\\\/camposenentrerios.com\\\/#organization\",\"name\":\"Campos en Entre R\u00edos\u00ae\",\"alternateName\":\"Campos en Entre Rios\",\"url\":\"https:\\\/\\\/camposenentrerios.com\\\/\",\"logo\":{\"@type\":\"ImageObject\",\"inLanguage\":\"en-US\",\"@id\":\"https:\\\/\\\/camposenentrerios.com\\\/#\\\/schema\\\/logo\\\/image\\\/\",\"url\":\"https:\\\/\\\/camposenentrerios.com\\\/wp-content\\\/uploads\\\/2025\\\/03\\\/Logo-campos-en-entre-rios.webp\",\"contentUrl\":\"https:\\\/\\\/camposenentrerios.com\\\/wp-content\\\/uploads\\\/2025\\\/03\\\/Logo-campos-en-entre-rios.webp\",\"width\":324,\"height\":324,\"caption\":\"Campos en Entre R\u00edos\u00ae\"},\"image\":{\"@id\":\"https:\\\/\\\/camposenentrerios.com\\\/#\\\/schema\\\/logo\\\/image\\\/\"},\"sameAs\":[\"https:\\\/\\\/www.facebook.com\\\/camposenentrerios\\\/\",\"https:\\\/\\\/www.instagram.com\\\/camposenentrerios\\\/\",\"https:\\\/\\\/www.youtube.com\\\/channel\\\/UCg91gblU8Pwy_BNg8pqmDmQ\",\"https:\\\/\\\/www.tiktok.com\\\/@camposenentrerios\"]}]}<\/script>\n<!-- \/ Yoast SEO plugin. -->","yoast_head_json":{"title":"AGRICULTURAL-LIVESTOCK Field for Sale. 48 ha. La Paz, Entre Rios","description":"Campo Agricola Ganadero en Venta cerca de la ciudad de La Paz, Entre Rios. 48 ha para tu proximo proyecto en Campos en Entre Rios. Consultanos.","robots":{"index":"index","follow":"follow","max-snippet":"max-snippet:-1","max-image-preview":"max-image-preview:large","max-video-preview":"max-video-preview:-1"},"canonical":"https:\/\/camposenentrerios.com\/en\/product\/campo-agricola-ganadero-en-venta-la-paz-entre-rios\/","og_locale":"en_US","og_type":"article","og_title":"Campo AGRICOLA-GANADERO en Venta. 48 ha. La Paz, Entre Rios","og_description":"Campo Agricola Ganadero en Venta cerca de la ciudad de La Paz, Entre Rios. 48 ha para tu proximo proyecto en Campos en Entre Rios. Consultanos.","og_url":"https:\/\/camposenentrerios.com\/en\/product\/campo-agricola-ganadero-en-venta-la-paz-entre-rios\/","og_site_name":"Campos en Entre Rios","article_publisher":"https:\/\/www.facebook.com\/camposenentrerios\/","article_modified_time":"2025-09-04T22:09:57+00:00","og_image":[{"width":540,"height":540,"url":"https:\/\/camposenentrerios.com\/wp-content\/uploads\/2024\/09\/Campo-La-Paz-01.webp","type":"image\/webp"}],"twitter_card":"summary_large_image","twitter_misc":{"Est. reading time":"2 minutes"},"schema":{"@context":"https:\/\/schema.org","@graph":[{"@type":"WebPage","@id":"https:\/\/camposenentrerios.com\/producto\/campo-agricola-ganadero-en-venta-la-paz-entre-rios\/","url":"https:\/\/camposenentrerios.com\/producto\/campo-agricola-ganadero-en-venta-la-paz-entre-rios\/","name":"AGRICULTURAL-LIVESTOCK Field for Sale. 48 ha. La Paz, Entre Rios","isPartOf":{"@id":"https:\/\/camposenentrerios.com\/#website"},"primaryImageOfPage":{"@id":"https:\/\/camposenentrerios.com\/producto\/campo-agricola-ganadero-en-venta-la-paz-entre-rios\/#primaryimage"},"image":{"@id":"https:\/\/camposenentrerios.com\/producto\/campo-agricola-ganadero-en-venta-la-paz-entre-rios\/#primaryimage"},"thumbnailUrl":"https:\/\/camposenentrerios.com\/wp-content\/uploads\/2024\/09\/Campo-La-Paz-01.webp","datePublished":"2024-09-24T22:34:26+00:00","dateModified":"2025-09-04T22:09:57+00:00","description":"Campo Agricola Ganadero en Venta cerca de la ciudad de La Paz, Entre Rios. 48 ha para tu proximo proyecto en Campos en Entre Rios. Consultanos.","breadcrumb":{"@id":"https:\/\/camposenentrerios.com\/producto\/campo-agricola-ganadero-en-venta-la-paz-entre-rios\/#breadcrumb"},"inLanguage":"en-US","potentialAction":[{"@type":"ReadAction","target":["https:\/\/camposenentrerios.com\/producto\/campo-agricola-ganadero-en-venta-la-paz-entre-rios\/"]}]},{"@type":"ImageObject","inLanguage":"en-US","@id":"https:\/\/camposenentrerios.com\/producto\/campo-agricola-ganadero-en-venta-la-paz-entre-rios\/#primaryimage","url":"https:\/\/camposenentrerios.com\/wp-content\/uploads\/2024\/09\/Campo-La-Paz-01.webp","contentUrl":"https:\/\/camposenentrerios.com\/wp-content\/uploads\/2024\/09\/Campo-La-Paz-01.webp","width":540,"height":540},{"@type":"BreadcrumbList","@id":"https:\/\/camposenentrerios.com\/producto\/campo-agricola-ganadero-en-venta-la-paz-entre-rios\/#breadcrumb","itemListElement":[{"@type":"ListItem","position":1,"name":"Inicio","item":"https:\/\/camposenentrerios.com\/"},{"@type":"ListItem","position":2,"name":"Tienda","item":"https:\/\/camposenentrerios.com\/tienda\/"},{"@type":"ListItem","position":3,"name":"Campo AGRICOLA-GANADERO en Venta. 48 ha. La Paz, Entre Rios"}]},{"@type":"WebSite","@id":"https:\/\/camposenentrerios.com\/#website","url":"https:\/\/camposenentrerios.com\/","name":"Fields in Entre R\u00edos\u00ae","description":"Leading rural real estate agency in Entre R\u00edos. Sale of agricultural, mixed-use, and livestock properties. Specialized technical advice. Registered Trademark\u00ae with professional support.","publisher":{"@id":"https:\/\/camposenentrerios.com\/#organization"},"alternateName":"Campos en Entre Rios","potentialAction":[{"@type":"SearchAction","target":{"@type":"EntryPoint","urlTemplate":"https:\/\/camposenentrerios.com\/?s={search_term_string}"},"query-input":{"@type":"PropertyValueSpecification","valueRequired":true,"valueName":"search_term_string"}}],"inLanguage":"en-US"},{"@type":"Organization","@id":"https:\/\/camposenentrerios.com\/#organization","name":"Fields in Entre R\u00edos\u00ae","alternateName":"Campos en Entre Rios","url":"https:\/\/camposenentrerios.com\/","logo":{"@type":"ImageObject","inLanguage":"en-US","@id":"https:\/\/camposenentrerios.com\/#\/schema\/logo\/image\/","url":"https:\/\/camposenentrerios.com\/wp-content\/uploads\/2025\/03\/Logo-campos-en-entre-rios.webp","contentUrl":"https:\/\/camposenentrerios.com\/wp-content\/uploads\/2025\/03\/Logo-campos-en-entre-rios.webp","width":324,"height":324,"caption":"Campos en Entre R\u00edos\u00ae"},"image":{"@id":"https:\/\/camposenentrerios.com\/#\/schema\/logo\/image\/"},"sameAs":["https:\/\/www.facebook.com\/camposenentrerios\/","https:\/\/www.instagram.com\/camposenentrerios\/","https:\/\/www.youtube.com\/channel\/UCg91gblU8Pwy_BNg8pqmDmQ","https:\/\/www.tiktok.com\/@camposenentrerios"]}]}},"uagb_featured_image_src":{"full":["https:\/\/camposenentrerios.com\/wp-content\/uploads\/2024\/09\/Campo-La-Paz-01.webp",540,540,false],"thumbnail":["https:\/\/camposenentrerios.com\/wp-content\/uploads\/2024\/09\/Campo-La-Paz-01-150x150.webp",150,150,true],"medium":["https:\/\/camposenentrerios.com\/wp-content\/uploads\/2024\/09\/Campo-La-Paz-01-300x300.webp",300,300,true],"medium_large":["https:\/\/camposenentrerios.com\/wp-content\/uploads\/2024\/09\/Campo-La-Paz-01.webp",540,540,false],"large":["https:\/\/camposenentrerios.com\/wp-content\/uploads\/2024\/09\/Campo-La-Paz-01.webp",540,540,false],"1536x1536":["https:\/\/camposenentrerios.com\/wp-content\/uploads\/2024\/09\/Campo-La-Paz-01.webp",540,540,false],"2048x2048":["https:\/\/camposenentrerios.com\/wp-content\/uploads\/2024\/09\/Campo-La-Paz-01.webp",540,540,false],"trp-custom-language-flag":["https:\/\/camposenentrerios.com\/wp-content\/uploads\/2024\/09\/Campo-La-Paz-01.webp",12,12,false],"neve-blog":["https:\/\/camposenentrerios.com\/wp-content\/uploads\/2024\/09\/Campo-La-Paz-01.webp",540,540,false],"woocommerce_thumbnail":["https:\/\/camposenentrerios.com\/wp-content\/uploads\/2024\/09\/Campo-La-Paz-01-300x300.webp",300,300,true],"woocommerce_single":["https:\/\/camposenentrerios.com\/wp-content\/uploads\/2024\/09\/Campo-La-Paz-01.webp",540,540,false],"woocommerce_gallery_thumbnail":["https:\/\/camposenentrerios.com\/wp-content\/uploads\/2024\/09\/Campo-La-Paz-01-100x100.webp",100,100,true]},"uagb_author_info":{"display_name":"Campos en Entre Rios","author_link":"https:\/\/camposenentrerios.com\/en\/author\/"},"uagb_comment_info":0,"uagb_excerpt":"Ubicaci\u00f3n: Este campo se encuentra estrat\u00e9gicamente ubicado en La Paz, Departamento de La Paz, Provincia de Entre R\u00edos, Argentina, a tan solo\u00a03 kil\u00f3metros de la ciudad de La Paz. Esta cercan\u00eda a un centro urbano importante brinda acceso a servicios esenciales, infraestructura y conectividad, lo que facilita la log\u00edstica y el transporte de insumos y&hellip;&nbsp;Read&hellip;","_links":{"self":[{"href":"https:\/\/camposenentrerios.com\/en\/wp-json\/wp\/v2\/product\/1308","targetHints":{"allow":["GET"]}}],"collection":[{"href":"https:\/\/camposenentrerios.com\/en\/wp-json\/wp\/v2\/product"}],"about":[{"href":"https:\/\/camposenentrerios.com\/en\/wp-json\/wp\/v2\/types\/product"}],"replies":[{"embeddable":true,"href":"https:\/\/camposenentrerios.com\/en\/wp-json\/wp\/v2\/comments?post=1308"}],"wp:featuredmedia":[{"embeddable":true,"href":"https:\/\/camposenentrerios.com\/en\/wp-json\/wp\/v2\/media\/1310"}],"wp:attachment":[{"href":"https:\/\/camposenentrerios.com\/en\/wp-json\/wp\/v2\/media?parent=1308"}],"wp:term":[{"taxonomy":"product_brand","embeddable":true,"href":"https:\/\/camposenentrerios.com\/en\/wp-json\/wp\/v2\/product_brand?post=1308"},{"taxonomy":"product_cat","embeddable":true,"href":"https:\/\/camposenentrerios.com\/en\/wp-json\/wp\/v2\/product_cat?post=1308"},{"taxonomy":"product_tag","embeddable":true,"href":"https:\/\/camposenentrerios.com\/en\/wp-json\/wp\/v2\/product_tag?post=1308"}],"curies":[{"name":"wp","href":"https:\/\/api.w.org\/{rel}","templated":true}]}}