{"id":1293,"date":"2024-09-23T20:22:32","date_gmt":"2024-09-23T23:22:32","guid":{"rendered":"https:\/\/camposenentrerios.com\/?post_type=product&#038;p=1293"},"modified":"2025-09-04T19:12:28","modified_gmt":"2025-09-04T22:12:28","slug":"campo-agricola-en-venta-el-pingo","status":"publish","type":"product","link":"https:\/\/camposenentrerios.com\/en\/product\/campo-agricola-en-venta-el-pingo\/","title":{"rendered":"Agricultural Field for sale. 8 ha. El Pingo. Parana. Entre Rios"},"content":{"rendered":"<p>LOCATION<br \/>\nThe Pingo, Parana, Entre Rios, Argentina<\/p>\n<p>SURFACE<br \/>\n8 hectares in total<\/p>\n<p>DISTANCES<br \/>\n75 km from Paran\u00e1<br \/>\n25 km from Cerrito<br \/>\n15 km from Maria Grande<br \/>\n15 km from Hasenkamp<\/p>\n<p>ACCESSES<br \/>\nAccess via asphalt and dirt road. (via Route 32 or Route 127)<\/p>\n<p>FITNESS FOR USE<br \/>\nAGRICULTURE suitable for extensive crop rotation, Wheat \/ Soy, Corn.<br \/>\n95% use for AGRICULTURE (Agricultural crop rotation)<\/p>\n<p>FINANCING: Delivery + 12 installments<\/p>\n<p>Do you want to \ud835\udc02\ud835\udc0e\ud835\udc0c\ud835\udc0f\ud835\udc11\ud835\udc00\ud835\udc11 \u2013 \ud835\udc15\ud835\udc04\ud835\udc0d\ud835\udc03\ud835\udc04\ud835\udc11 a FIELD or do you want to know the \ud835\udc15\ud835\udc00\ud835\udc0b\ud835\udc0e\ud835\udc11 of your rural property?<\/p>\n<p>WE CAN HELP YOU:<\/p>\n<p>\ud835\udc02\ud835\udc28\ud835\udc27\ud835\udc2c\ud835\udc2e\ud835\udc25\ud835\udc2d\ud835\udc1a\ud835\udc27\ud835\udc2c: \ud835\udc1e\ud835\udc2c\ud835\udc2d\ud835\udc1a\ud835\udc26\ud835\udc28\ud835\udc2c \ud835\udc1a\ud835\udc27\ud835\udc1d \ud835\udc1d\ud835\udc22\ud835\udc2c\ud835\udc29\ud835\udc28\ud835\udc2c\ud835\udc22\ud835\udc1c\ud835\udc22\ud835\udc28\ud835\udc27 \ud835\udc32\ud835\udc28\ud835\udc2e \ud835\udc26\ud835\udc28\ud835\udc2b\ud835\udc1e\ud835\udc2c\ud835\udc22\ud835\udc1c\ud835\udc2d \ud835\udc28\ud835\udc1f \ud835\udc32\ud835\udc28\ud835\udc2e \ud835\udc1d\ud835\udc22\ud835\udc2c\ud835\udc29\ud835\udc28\ud835\udc2c\ud835\udc22\ud835\udc1c\ud835\udc22\ud835\udc28\ud835\udc27<\/p>\n<p>CAMPOS EN ENTRE RIOS<\/p>","protected":false},"excerpt":{"rendered":"<p>LOCATION El Pingo, PARAN\u00c1, Entre R\u00edos, Argentina AREA 8 hectares total DISTANCES 75 km from Paran\u00e1 25 km from Cerrito 15 km from Maria Grande 15 km from Hasenkamp ACCESS Access via asphalt and dirt road (via Route 32 or Route 127) SUITABLE FOR AGRICULTURAL USE suitable for crop rotation\u2026&nbsp;<a href=\"https:\/\/camposenentrerios.com\/en\/product\/campo-agricola-en-venta-el-pingo\/\" rel=\"bookmark\">Read More \u00bb<span class=\"screen-reader-text\">Agricultural Field for sale. 8 ha. El Pingo. Parana. Entre Rios<\/span><\/a><\/p>","protected":false},"featured_media":1294,"comment_status":"closed","ping_status":"closed","template":"","meta":{"_uag_custom_page_level_css":"","neve_meta_sidebar":"","neve_meta_container":"","neve_meta_enable_content_width":"off","neve_meta_content_width":100,"neve_meta_title_alignment":"","neve_meta_author_avatar":"","neve_post_elements_order":"","neve_meta_disable_header":"","neve_meta_disable_footer":"","neve_meta_disable_title":"","_themeisle_gutenberg_block_has_review":false},"product_brand":[],"product_cat":[26],"product_tag":[27],"class_list":{"0":"post-1293","1":"product","2":"type-product","3":"status-publish","4":"has-post-thumbnail","6":"product_cat-campo-agricola","7":"product_tag-campo-agricola","9":"first","10":"outofstock","11":"shipping-taxable","12":"purchasable","13":"product-type-simple"},"yoast_head":"<!-- This site is optimized with the Yoast SEO plugin v27.4 - https:\/\/yoast.com\/product\/yoast-seo-wordpress\/ -->\n<title>Campo AGR\u00cdCOLA en venta. 8 ha. El Pingo. Paran\u00e1. Entre Rios<\/title>\n<meta name=\"description\" content=\"Excelente Campo Agricola en Venta en el Pingo, Paran\u00e1, Entre Rios. 8 hect\u00e1eas para tu nuevo proyecto en Campos en Entre Rios\" \/>\n<meta name=\"robots\" content=\"index, follow, max-snippet:-1, max-image-preview:large, max-video-preview:-1\" \/>\n<link rel=\"canonical\" href=\"https:\/\/camposenentrerios.com\/en\/product\/campo-agricola-en-venta-el-pingo\/\" \/>\n<meta property=\"og:locale\" content=\"en_US\" \/>\n<meta property=\"og:type\" content=\"article\" \/>\n<meta property=\"og:title\" content=\"Campo AGR\u00cdCOLA en venta. 8 ha. El Pingo. Paran\u00e1. Entre Rios\" \/>\n<meta property=\"og:description\" content=\"Excelente Campo Agricola en Venta en el Pingo, Paran\u00e1, Entre Rios. 8 hect\u00e1eas para tu nuevo proyecto en Campos en Entre Rios\" \/>\n<meta property=\"og:url\" content=\"https:\/\/camposenentrerios.com\/en\/product\/campo-agricola-en-venta-el-pingo\/\" \/>\n<meta property=\"og:site_name\" content=\"Campos en Entre Rios\" \/>\n<meta property=\"article:publisher\" content=\"https:\/\/www.facebook.com\/camposenentrerios\/\" \/>\n<meta property=\"article:modified_time\" content=\"2025-09-04T22:12:28+00:00\" \/>\n<meta property=\"og:image\" content=\"https:\/\/camposenentrerios.com\/wp-content\/uploads\/2024\/09\/Campo-El-Pingo-Portada.webp\" \/>\n\t<meta property=\"og:image:width\" content=\"540\" \/>\n\t<meta property=\"og:image:height\" content=\"540\" \/>\n\t<meta property=\"og:image:type\" content=\"image\/webp\" \/>\n<meta name=\"twitter:card\" content=\"summary_large_image\" \/>\n<meta name=\"twitter:label1\" content=\"Est. reading time\" \/>\n\t<meta name=\"twitter:data1\" content=\"1 minute\" \/>\n<script type=\"application\/ld+json\" class=\"yoast-schema-graph\">{\"@context\":\"https:\\\/\\\/schema.org\",\"@graph\":[{\"@type\":\"WebPage\",\"@id\":\"https:\\\/\\\/camposenentrerios.com\\\/producto\\\/campo-agricola-en-venta-el-pingo\\\/\",\"url\":\"https:\\\/\\\/camposenentrerios.com\\\/producto\\\/campo-agricola-en-venta-el-pingo\\\/\",\"name\":\"Campo AGR\u00cdCOLA en venta. 8 ha. El Pingo. Paran\u00e1. Entre Rios\",\"isPartOf\":{\"@id\":\"https:\\\/\\\/camposenentrerios.com\\\/#website\"},\"primaryImageOfPage\":{\"@id\":\"https:\\\/\\\/camposenentrerios.com\\\/producto\\\/campo-agricola-en-venta-el-pingo\\\/#primaryimage\"},\"image\":{\"@id\":\"https:\\\/\\\/camposenentrerios.com\\\/producto\\\/campo-agricola-en-venta-el-pingo\\\/#primaryimage\"},\"thumbnailUrl\":\"https:\\\/\\\/camposenentrerios.com\\\/wp-content\\\/uploads\\\/2024\\\/09\\\/Campo-El-Pingo-Portada.webp\",\"datePublished\":\"2024-09-23T23:22:32+00:00\",\"dateModified\":\"2025-09-04T22:12:28+00:00\",\"description\":\"Excelente Campo Agricola en Venta en el Pingo, Paran\u00e1, Entre Rios. 8 hect\u00e1eas para tu nuevo proyecto en Campos en Entre Rios\",\"breadcrumb\":{\"@id\":\"https:\\\/\\\/camposenentrerios.com\\\/producto\\\/campo-agricola-en-venta-el-pingo\\\/#breadcrumb\"},\"inLanguage\":\"en-US\",\"potentialAction\":[{\"@type\":\"ReadAction\",\"target\":[\"https:\\\/\\\/camposenentrerios.com\\\/producto\\\/campo-agricola-en-venta-el-pingo\\\/\"]}]},{\"@type\":\"ImageObject\",\"inLanguage\":\"en-US\",\"@id\":\"https:\\\/\\\/camposenentrerios.com\\\/producto\\\/campo-agricola-en-venta-el-pingo\\\/#primaryimage\",\"url\":\"https:\\\/\\\/camposenentrerios.com\\\/wp-content\\\/uploads\\\/2024\\\/09\\\/Campo-El-Pingo-Portada.webp\",\"contentUrl\":\"https:\\\/\\\/camposenentrerios.com\\\/wp-content\\\/uploads\\\/2024\\\/09\\\/Campo-El-Pingo-Portada.webp\",\"width\":540,\"height\":540},{\"@type\":\"BreadcrumbList\",\"@id\":\"https:\\\/\\\/camposenentrerios.com\\\/producto\\\/campo-agricola-en-venta-el-pingo\\\/#breadcrumb\",\"itemListElement\":[{\"@type\":\"ListItem\",\"position\":1,\"name\":\"Inicio\",\"item\":\"https:\\\/\\\/camposenentrerios.com\\\/\"},{\"@type\":\"ListItem\",\"position\":2,\"name\":\"Tienda\",\"item\":\"https:\\\/\\\/camposenentrerios.com\\\/tienda\\\/\"},{\"@type\":\"ListItem\",\"position\":3,\"name\":\"Campo AGR\u00cdCOLA en venta. 8 ha. El Pingo. Paran\u00e1. Entre Rios\"}]},{\"@type\":\"WebSite\",\"@id\":\"https:\\\/\\\/camposenentrerios.com\\\/#website\",\"url\":\"https:\\\/\\\/camposenentrerios.com\\\/\",\"name\":\"Campos en Entre R\u00edos\u00ae\",\"description\":\"Inmobiliaria rural l\u00edder en Entre R\u00edos. Venta de campos agr\u00edcolas, mixtos y ganaderos. Asesoramiento t\u00e9cnico especializado. Marca Registrada\u00ae con respaldo profesional.\",\"publisher\":{\"@id\":\"https:\\\/\\\/camposenentrerios.com\\\/#organization\"},\"alternateName\":\"Campos en Entre Rios\",\"potentialAction\":[{\"@type\":\"SearchAction\",\"target\":{\"@type\":\"EntryPoint\",\"urlTemplate\":\"https:\\\/\\\/camposenentrerios.com\\\/?s={search_term_string}\"},\"query-input\":{\"@type\":\"PropertyValueSpecification\",\"valueRequired\":true,\"valueName\":\"search_term_string\"}}],\"inLanguage\":\"en-US\"},{\"@type\":\"Organization\",\"@id\":\"https:\\\/\\\/camposenentrerios.com\\\/#organization\",\"name\":\"Campos en Entre R\u00edos\u00ae\",\"alternateName\":\"Campos en Entre Rios\",\"url\":\"https:\\\/\\\/camposenentrerios.com\\\/\",\"logo\":{\"@type\":\"ImageObject\",\"inLanguage\":\"en-US\",\"@id\":\"https:\\\/\\\/camposenentrerios.com\\\/#\\\/schema\\\/logo\\\/image\\\/\",\"url\":\"https:\\\/\\\/camposenentrerios.com\\\/wp-content\\\/uploads\\\/2025\\\/03\\\/Logo-campos-en-entre-rios.webp\",\"contentUrl\":\"https:\\\/\\\/camposenentrerios.com\\\/wp-content\\\/uploads\\\/2025\\\/03\\\/Logo-campos-en-entre-rios.webp\",\"width\":324,\"height\":324,\"caption\":\"Campos en Entre R\u00edos\u00ae\"},\"image\":{\"@id\":\"https:\\\/\\\/camposenentrerios.com\\\/#\\\/schema\\\/logo\\\/image\\\/\"},\"sameAs\":[\"https:\\\/\\\/www.facebook.com\\\/camposenentrerios\\\/\",\"https:\\\/\\\/www.instagram.com\\\/camposenentrerios\\\/\",\"https:\\\/\\\/www.youtube.com\\\/channel\\\/UCg91gblU8Pwy_BNg8pqmDmQ\",\"https:\\\/\\\/www.tiktok.com\\\/@camposenentrerios\"]}]}<\/script>\n<!-- \/ Yoast SEO plugin. -->","yoast_head_json":{"title":"Agricultural Field for sale. 8 ha. El Pingo. Parana. Entre Rios","description":"Excellent Agricultural Land for Sale in Pingo, Paran\u00e1, Entre Rios. 8 hectares for your new project in Entre Rios.","robots":{"index":"index","follow":"follow","max-snippet":"max-snippet:-1","max-image-preview":"max-image-preview:large","max-video-preview":"max-video-preview:-1"},"canonical":"https:\/\/camposenentrerios.com\/en\/product\/campo-agricola-en-venta-el-pingo\/","og_locale":"en_US","og_type":"article","og_title":"Campo AGR\u00cdCOLA en venta. 8 ha. El Pingo. Paran\u00e1. Entre Rios","og_description":"Excelente Campo Agricola en Venta en el Pingo, Paran\u00e1, Entre Rios. 8 hect\u00e1eas para tu nuevo proyecto en Campos en Entre Rios","og_url":"https:\/\/camposenentrerios.com\/en\/product\/campo-agricola-en-venta-el-pingo\/","og_site_name":"Campos en Entre Rios","article_publisher":"https:\/\/www.facebook.com\/camposenentrerios\/","article_modified_time":"2025-09-04T22:12:28+00:00","og_image":[{"width":540,"height":540,"url":"https:\/\/camposenentrerios.com\/wp-content\/uploads\/2024\/09\/Campo-El-Pingo-Portada.webp","type":"image\/webp"}],"twitter_card":"summary_large_image","twitter_misc":{"Est. reading time":"1 minute"},"schema":{"@context":"https:\/\/schema.org","@graph":[{"@type":"WebPage","@id":"https:\/\/camposenentrerios.com\/producto\/campo-agricola-en-venta-el-pingo\/","url":"https:\/\/camposenentrerios.com\/producto\/campo-agricola-en-venta-el-pingo\/","name":"Agricultural Field for sale. 8 ha. El Pingo. Parana. Entre Rios","isPartOf":{"@id":"https:\/\/camposenentrerios.com\/#website"},"primaryImageOfPage":{"@id":"https:\/\/camposenentrerios.com\/producto\/campo-agricola-en-venta-el-pingo\/#primaryimage"},"image":{"@id":"https:\/\/camposenentrerios.com\/producto\/campo-agricola-en-venta-el-pingo\/#primaryimage"},"thumbnailUrl":"https:\/\/camposenentrerios.com\/wp-content\/uploads\/2024\/09\/Campo-El-Pingo-Portada.webp","datePublished":"2024-09-23T23:22:32+00:00","dateModified":"2025-09-04T22:12:28+00:00","description":"Excellent Agricultural Land for Sale in Pingo, Paran\u00e1, Entre Rios. 8 hectares for your new project in Entre Rios.","breadcrumb":{"@id":"https:\/\/camposenentrerios.com\/producto\/campo-agricola-en-venta-el-pingo\/#breadcrumb"},"inLanguage":"en-US","potentialAction":[{"@type":"ReadAction","target":["https:\/\/camposenentrerios.com\/producto\/campo-agricola-en-venta-el-pingo\/"]}]},{"@type":"ImageObject","inLanguage":"en-US","@id":"https:\/\/camposenentrerios.com\/producto\/campo-agricola-en-venta-el-pingo\/#primaryimage","url":"https:\/\/camposenentrerios.com\/wp-content\/uploads\/2024\/09\/Campo-El-Pingo-Portada.webp","contentUrl":"https:\/\/camposenentrerios.com\/wp-content\/uploads\/2024\/09\/Campo-El-Pingo-Portada.webp","width":540,"height":540},{"@type":"BreadcrumbList","@id":"https:\/\/camposenentrerios.com\/producto\/campo-agricola-en-venta-el-pingo\/#breadcrumb","itemListElement":[{"@type":"ListItem","position":1,"name":"Inicio","item":"https:\/\/camposenentrerios.com\/"},{"@type":"ListItem","position":2,"name":"Tienda","item":"https:\/\/camposenentrerios.com\/tienda\/"},{"@type":"ListItem","position":3,"name":"Campo AGR\u00cdCOLA en venta. 8 ha. El Pingo. Paran\u00e1. Entre Rios"}]},{"@type":"WebSite","@id":"https:\/\/camposenentrerios.com\/#website","url":"https:\/\/camposenentrerios.com\/","name":"Fields in Entre R\u00edos\u00ae","description":"Leading rural real estate agency in Entre R\u00edos. Sale of agricultural, mixed-use, and livestock properties. Specialized technical advice. Registered Trademark\u00ae with professional support.","publisher":{"@id":"https:\/\/camposenentrerios.com\/#organization"},"alternateName":"Campos en Entre Rios","potentialAction":[{"@type":"SearchAction","target":{"@type":"EntryPoint","urlTemplate":"https:\/\/camposenentrerios.com\/?s={search_term_string}"},"query-input":{"@type":"PropertyValueSpecification","valueRequired":true,"valueName":"search_term_string"}}],"inLanguage":"en-US"},{"@type":"Organization","@id":"https:\/\/camposenentrerios.com\/#organization","name":"Fields in Entre R\u00edos\u00ae","alternateName":"Campos en Entre Rios","url":"https:\/\/camposenentrerios.com\/","logo":{"@type":"ImageObject","inLanguage":"en-US","@id":"https:\/\/camposenentrerios.com\/#\/schema\/logo\/image\/","url":"https:\/\/camposenentrerios.com\/wp-content\/uploads\/2025\/03\/Logo-campos-en-entre-rios.webp","contentUrl":"https:\/\/camposenentrerios.com\/wp-content\/uploads\/2025\/03\/Logo-campos-en-entre-rios.webp","width":324,"height":324,"caption":"Campos en Entre R\u00edos\u00ae"},"image":{"@id":"https:\/\/camposenentrerios.com\/#\/schema\/logo\/image\/"},"sameAs":["https:\/\/www.facebook.com\/camposenentrerios\/","https:\/\/www.instagram.com\/camposenentrerios\/","https:\/\/www.youtube.com\/channel\/UCg91gblU8Pwy_BNg8pqmDmQ","https:\/\/www.tiktok.com\/@camposenentrerios"]}]}},"uagb_featured_image_src":{"full":["https:\/\/camposenentrerios.com\/wp-content\/uploads\/2024\/09\/Campo-El-Pingo-Portada.webp",540,540,false],"thumbnail":["https:\/\/camposenentrerios.com\/wp-content\/uploads\/2024\/09\/Campo-El-Pingo-Portada-150x150.webp",150,150,true],"medium":["https:\/\/camposenentrerios.com\/wp-content\/uploads\/2024\/09\/Campo-El-Pingo-Portada-300x300.webp",300,300,true],"medium_large":["https:\/\/camposenentrerios.com\/wp-content\/uploads\/2024\/09\/Campo-El-Pingo-Portada.webp",540,540,false],"large":["https:\/\/camposenentrerios.com\/wp-content\/uploads\/2024\/09\/Campo-El-Pingo-Portada.webp",540,540,false],"1536x1536":["https:\/\/camposenentrerios.com\/wp-content\/uploads\/2024\/09\/Campo-El-Pingo-Portada.webp",540,540,false],"2048x2048":["https:\/\/camposenentrerios.com\/wp-content\/uploads\/2024\/09\/Campo-El-Pingo-Portada.webp",540,540,false],"trp-custom-language-flag":["https:\/\/camposenentrerios.com\/wp-content\/uploads\/2024\/09\/Campo-El-Pingo-Portada.webp",12,12,false],"neve-blog":["https:\/\/camposenentrerios.com\/wp-content\/uploads\/2024\/09\/Campo-El-Pingo-Portada.webp",540,540,false],"woocommerce_thumbnail":["https:\/\/camposenentrerios.com\/wp-content\/uploads\/2024\/09\/Campo-El-Pingo-Portada-300x300.webp",300,300,true],"woocommerce_single":["https:\/\/camposenentrerios.com\/wp-content\/uploads\/2024\/09\/Campo-El-Pingo-Portada.webp",540,540,false],"woocommerce_gallery_thumbnail":["https:\/\/camposenentrerios.com\/wp-content\/uploads\/2024\/09\/Campo-El-Pingo-Portada-100x100.webp",100,100,true]},"uagb_author_info":{"display_name":"Campos en Entre Rios","author_link":"https:\/\/camposenentrerios.com\/en\/author\/"},"uagb_comment_info":0,"uagb_excerpt":"UBICACI\u00d3N El Pingo, PARAN\u00c1, Entre R\u00edos, Argentina SUPERFICIE 8 hect\u00e1reas totales DISTANCIAS a 75 km de Paran\u00e1 a 25 Km de Cerrito a 15 Km de Maria Grande a 15 Km de Hasenkamp ACCESOS Acceso por asfalto y calle de tierra. (por Ruta 32 o Ruta 127) APTITUD DE USO AGRICULTURA apto rotaci\u00f3n de cultivos&hellip;&nbsp;Read&hellip;","_links":{"self":[{"href":"https:\/\/camposenentrerios.com\/en\/wp-json\/wp\/v2\/product\/1293","targetHints":{"allow":["GET"]}}],"collection":[{"href":"https:\/\/camposenentrerios.com\/en\/wp-json\/wp\/v2\/product"}],"about":[{"href":"https:\/\/camposenentrerios.com\/en\/wp-json\/wp\/v2\/types\/product"}],"replies":[{"embeddable":true,"href":"https:\/\/camposenentrerios.com\/en\/wp-json\/wp\/v2\/comments?post=1293"}],"wp:featuredmedia":[{"embeddable":true,"href":"https:\/\/camposenentrerios.com\/en\/wp-json\/wp\/v2\/media\/1294"}],"wp:attachment":[{"href":"https:\/\/camposenentrerios.com\/en\/wp-json\/wp\/v2\/media?parent=1293"}],"wp:term":[{"taxonomy":"product_brand","embeddable":true,"href":"https:\/\/camposenentrerios.com\/en\/wp-json\/wp\/v2\/product_brand?post=1293"},{"taxonomy":"product_cat","embeddable":true,"href":"https:\/\/camposenentrerios.com\/en\/wp-json\/wp\/v2\/product_cat?post=1293"},{"taxonomy":"product_tag","embeddable":true,"href":"https:\/\/camposenentrerios.com\/en\/wp-json\/wp\/v2\/product_tag?post=1293"}],"curies":[{"name":"wp","href":"https:\/\/api.w.org\/{rel}","templated":true}]}}