{"id":1256,"date":"2024-05-03T18:51:15","date_gmt":"2024-05-03T21:51:15","guid":{"rendered":"https:\/\/camposenentrerios.com\/?post_type=product&#038;p=1256"},"modified":"2024-11-01T19:31:41","modified_gmt":"2024-11-01T22:31:41","slug":"campo-agricola-chico-venta-13-ha-aldea-reffino-parana-ruta-18","status":"publish","type":"product","link":"https:\/\/camposenentrerios.com\/en\/product\/campo-agricola-chico-venta-13-ha-aldea-reffino-parana-ruta-18\/","title":{"rendered":"Agricultural land for sale. 13 ha. Reffino Village. Paran\u00e1. Route 18"},"content":{"rendered":"<p>Location<br \/>\nReffino Village, Paran\u00e1, Entre Rios, Argentina<\/p>\n<p>DISTANCES<br \/>\n30 km from Paran\u00e1<\/p>\n<p>25 km from Viale<\/p>\n<p>ACCESSES<br \/>\nAccess via asphalt and gravel. (Reference Route 18)<\/p>\n<p>FITNESS FOR USE<br \/>\nAGRICULTURE suitable for extensive crop rotation, Wheat \/ Soy, Corn.<br \/>\n75% use for AGRICULTURE (Agricultural crop rotation)<\/p>\n<p>SURFACE<br \/>\n13 total hectares<\/p>\n<p>Do you want to BUY \u2013 SELL your FIELD or do you want to know the VALUE of your property?<\/p>\n<p>WE CAN HELP YOU:<br \/>\nContact us: we are at your disposal<\/p>\n<p>FIELDS IN ENTRE RIOS.<\/p>","protected":false},"excerpt":{"rendered":"<p>Ubicaci\u00f3n Aldea Reffino, PARAN\u00c1, Entre R\u00edos, Argentina DISTANCIAS a 30 km de Paran\u00e1 a 25 Km de Viale ACCESOS Acceso por asfalto y broza. (Referencia Ruta 18) APTITUD DE USO AGRICULTURA apto rotaci\u00f3n de cultivos extensivos, Trigo \/ Soja, Ma\u00edz. 75% uso para AGRICULTURA (Rotaci\u00f3n de cultivos agr\u00edcolas) SUPERFICIE 13 Hect\u00e1reas totales Queres COMPRAR \u2013&hellip;&nbsp;<a href=\"https:\/\/camposenentrerios.com\/en\/product\/campo-agricola-chico-venta-13-ha-aldea-reffino-parana-ruta-18\/\" rel=\"bookmark\">Read More \u00bb<span class=\"screen-reader-text\">Agricultural land for sale. 13 ha. Reffino Village. Paran\u00e1. Route 18<\/span><\/a><\/p>","protected":false},"featured_media":1257,"comment_status":"closed","ping_status":"closed","template":"","meta":{"_uag_custom_page_level_css":"","neve_meta_sidebar":"","neve_meta_container":"","neve_meta_enable_content_width":"off","neve_meta_content_width":100,"neve_meta_title_alignment":"","neve_meta_author_avatar":"","neve_post_elements_order":"","neve_meta_disable_header":"","neve_meta_disable_footer":"","neve_meta_disable_title":"","_themeisle_gutenberg_block_has_review":false},"product_brand":[],"product_cat":[26],"product_tag":[],"class_list":{"0":"post-1256","1":"product","2":"type-product","3":"status-publish","4":"has-post-thumbnail","6":"product_cat-campo-agricola","8":"first","9":"outofstock","10":"shipping-taxable","11":"purchasable","12":"product-type-simple"},"yoast_head":"<!-- This site is optimized with the Yoast SEO plugin v27.4 - https:\/\/yoast.com\/product\/yoast-seo-wordpress\/ -->\n<title>Campo AGR\u00cdCOLA en venta. 13 ha. Aldea Reffino. Paran\u00e1. Ruta 18<\/title>\n<meta name=\"description\" content=\"Ofrecemos un excelente campo chico a la venta en Paran\u00e1 Entre Rios. Excelente Aptitud Agr\u00edcola. Buena Ubicaci\u00f3n. Acceso Ruta 18\" \/>\n<meta name=\"robots\" content=\"index, follow, max-snippet:-1, max-image-preview:large, max-video-preview:-1\" \/>\n<link rel=\"canonical\" href=\"https:\/\/camposenentrerios.com\/en\/product\/campo-agricola-chico-venta-13-ha-aldea-reffino-parana-ruta-18\/\" \/>\n<meta property=\"og:locale\" content=\"en_US\" \/>\n<meta property=\"og:type\" content=\"article\" \/>\n<meta property=\"og:title\" content=\"Campo AGR\u00cdCOLA en venta. 13 ha. Aldea Reffino. Paran\u00e1. Ruta 18\" \/>\n<meta property=\"og:description\" content=\"Ofrecemos un excelente campo chico a la venta en Paran\u00e1 Entre Rios. Excelente Aptitud Agr\u00edcola. Buena Ubicaci\u00f3n. Acceso Ruta 18\" \/>\n<meta property=\"og:url\" content=\"https:\/\/camposenentrerios.com\/en\/product\/campo-agricola-chico-venta-13-ha-aldea-reffino-parana-ruta-18\/\" \/>\n<meta property=\"og:site_name\" content=\"Campos en Entre Rios\" \/>\n<meta property=\"article:publisher\" content=\"https:\/\/www.facebook.com\/camposenentrerios\/\" \/>\n<meta property=\"article:modified_time\" content=\"2024-11-01T22:31:41+00:00\" \/>\n<meta property=\"og:image\" content=\"https:\/\/camposenentrerios.com\/wp-content\/uploads\/2024\/05\/campos-en-entre-rios_1.1_DESCRIPCION_VENTAS_2024.webp\" \/>\n\t<meta property=\"og:image:width\" content=\"1080\" \/>\n\t<meta property=\"og:image:height\" content=\"1080\" \/>\n\t<meta property=\"og:image:type\" content=\"image\/webp\" \/>\n<meta name=\"twitter:card\" content=\"summary_large_image\" \/>\n<meta name=\"twitter:label1\" content=\"Est. reading time\" \/>\n\t<meta name=\"twitter:data1\" content=\"1 minute\" \/>\n<script type=\"application\/ld+json\" class=\"yoast-schema-graph\">{\"@context\":\"https:\\\/\\\/schema.org\",\"@graph\":[{\"@type\":\"WebPage\",\"@id\":\"https:\\\/\\\/camposenentrerios.com\\\/producto\\\/campo-agricola-chico-venta-13-ha-aldea-reffino-parana-ruta-18\\\/\",\"url\":\"https:\\\/\\\/camposenentrerios.com\\\/producto\\\/campo-agricola-chico-venta-13-ha-aldea-reffino-parana-ruta-18\\\/\",\"name\":\"Campo AGR\u00cdCOLA en venta. 13 ha. Aldea Reffino. Paran\u00e1. Ruta 18\",\"isPartOf\":{\"@id\":\"https:\\\/\\\/camposenentrerios.com\\\/#website\"},\"primaryImageOfPage\":{\"@id\":\"https:\\\/\\\/camposenentrerios.com\\\/producto\\\/campo-agricola-chico-venta-13-ha-aldea-reffino-parana-ruta-18\\\/#primaryimage\"},\"image\":{\"@id\":\"https:\\\/\\\/camposenentrerios.com\\\/producto\\\/campo-agricola-chico-venta-13-ha-aldea-reffino-parana-ruta-18\\\/#primaryimage\"},\"thumbnailUrl\":\"https:\\\/\\\/camposenentrerios.com\\\/wp-content\\\/uploads\\\/2024\\\/05\\\/campos-en-entre-rios_1.1_DESCRIPCION_VENTAS_2024.webp\",\"datePublished\":\"2024-05-03T21:51:15+00:00\",\"dateModified\":\"2024-11-01T22:31:41+00:00\",\"description\":\"Ofrecemos un excelente campo chico a la venta en Paran\u00e1 Entre Rios. Excelente Aptitud Agr\u00edcola. Buena Ubicaci\u00f3n. Acceso Ruta 18\",\"breadcrumb\":{\"@id\":\"https:\\\/\\\/camposenentrerios.com\\\/producto\\\/campo-agricola-chico-venta-13-ha-aldea-reffino-parana-ruta-18\\\/#breadcrumb\"},\"inLanguage\":\"en-US\",\"potentialAction\":[{\"@type\":\"ReadAction\",\"target\":[\"https:\\\/\\\/camposenentrerios.com\\\/producto\\\/campo-agricola-chico-venta-13-ha-aldea-reffino-parana-ruta-18\\\/\"]}]},{\"@type\":\"ImageObject\",\"inLanguage\":\"en-US\",\"@id\":\"https:\\\/\\\/camposenentrerios.com\\\/producto\\\/campo-agricola-chico-venta-13-ha-aldea-reffino-parana-ruta-18\\\/#primaryimage\",\"url\":\"https:\\\/\\\/camposenentrerios.com\\\/wp-content\\\/uploads\\\/2024\\\/05\\\/campos-en-entre-rios_1.1_DESCRIPCION_VENTAS_2024.webp\",\"contentUrl\":\"https:\\\/\\\/camposenentrerios.com\\\/wp-content\\\/uploads\\\/2024\\\/05\\\/campos-en-entre-rios_1.1_DESCRIPCION_VENTAS_2024.webp\",\"width\":1080,\"height\":1080},{\"@type\":\"BreadcrumbList\",\"@id\":\"https:\\\/\\\/camposenentrerios.com\\\/producto\\\/campo-agricola-chico-venta-13-ha-aldea-reffino-parana-ruta-18\\\/#breadcrumb\",\"itemListElement\":[{\"@type\":\"ListItem\",\"position\":1,\"name\":\"Inicio\",\"item\":\"https:\\\/\\\/camposenentrerios.com\\\/\"},{\"@type\":\"ListItem\",\"position\":2,\"name\":\"Tienda\",\"item\":\"https:\\\/\\\/camposenentrerios.com\\\/tienda\\\/\"},{\"@type\":\"ListItem\",\"position\":3,\"name\":\"Campo AGR\u00cdCOLA en venta. 13 ha. Aldea Reffino. Paran\u00e1. Ruta 18\"}]},{\"@type\":\"WebSite\",\"@id\":\"https:\\\/\\\/camposenentrerios.com\\\/#website\",\"url\":\"https:\\\/\\\/camposenentrerios.com\\\/\",\"name\":\"Campos en Entre R\u00edos\u00ae\",\"description\":\"Inmobiliaria rural l\u00edder en Entre R\u00edos. Venta de campos agr\u00edcolas, mixtos y ganaderos. Asesoramiento t\u00e9cnico especializado. Marca Registrada\u00ae con respaldo profesional.\",\"publisher\":{\"@id\":\"https:\\\/\\\/camposenentrerios.com\\\/#organization\"},\"alternateName\":\"Campos en Entre Rios\",\"potentialAction\":[{\"@type\":\"SearchAction\",\"target\":{\"@type\":\"EntryPoint\",\"urlTemplate\":\"https:\\\/\\\/camposenentrerios.com\\\/?s={search_term_string}\"},\"query-input\":{\"@type\":\"PropertyValueSpecification\",\"valueRequired\":true,\"valueName\":\"search_term_string\"}}],\"inLanguage\":\"en-US\"},{\"@type\":\"Organization\",\"@id\":\"https:\\\/\\\/camposenentrerios.com\\\/#organization\",\"name\":\"Campos en Entre R\u00edos\u00ae\",\"alternateName\":\"Campos en Entre Rios\",\"url\":\"https:\\\/\\\/camposenentrerios.com\\\/\",\"logo\":{\"@type\":\"ImageObject\",\"inLanguage\":\"en-US\",\"@id\":\"https:\\\/\\\/camposenentrerios.com\\\/#\\\/schema\\\/logo\\\/image\\\/\",\"url\":\"https:\\\/\\\/camposenentrerios.com\\\/wp-content\\\/uploads\\\/2025\\\/03\\\/Logo-campos-en-entre-rios.webp\",\"contentUrl\":\"https:\\\/\\\/camposenentrerios.com\\\/wp-content\\\/uploads\\\/2025\\\/03\\\/Logo-campos-en-entre-rios.webp\",\"width\":324,\"height\":324,\"caption\":\"Campos en Entre R\u00edos\u00ae\"},\"image\":{\"@id\":\"https:\\\/\\\/camposenentrerios.com\\\/#\\\/schema\\\/logo\\\/image\\\/\"},\"sameAs\":[\"https:\\\/\\\/www.facebook.com\\\/camposenentrerios\\\/\",\"https:\\\/\\\/www.instagram.com\\\/camposenentrerios\\\/\",\"https:\\\/\\\/www.youtube.com\\\/channel\\\/UCg91gblU8Pwy_BNg8pqmDmQ\",\"https:\\\/\\\/www.tiktok.com\\\/@camposenentrerios\"]}]}<\/script>\n<!-- \/ Yoast SEO plugin. -->","yoast_head_json":{"title":"Agricultural land for sale. 13 ha. Reffino Village. Paran\u00e1. Route 18","description":"Ofrecemos un excelente campo chico a la venta en Paran\u00e1 Entre Rios. Excelente Aptitud Agr\u00edcola. Buena Ubicaci\u00f3n. Acceso Ruta 18","robots":{"index":"index","follow":"follow","max-snippet":"max-snippet:-1","max-image-preview":"max-image-preview:large","max-video-preview":"max-video-preview:-1"},"canonical":"https:\/\/camposenentrerios.com\/en\/product\/campo-agricola-chico-venta-13-ha-aldea-reffino-parana-ruta-18\/","og_locale":"en_US","og_type":"article","og_title":"Campo AGR\u00cdCOLA en venta. 13 ha. Aldea Reffino. Paran\u00e1. Ruta 18","og_description":"Ofrecemos un excelente campo chico a la venta en Paran\u00e1 Entre Rios. Excelente Aptitud Agr\u00edcola. Buena Ubicaci\u00f3n. Acceso Ruta 18","og_url":"https:\/\/camposenentrerios.com\/en\/product\/campo-agricola-chico-venta-13-ha-aldea-reffino-parana-ruta-18\/","og_site_name":"Campos en Entre Rios","article_publisher":"https:\/\/www.facebook.com\/camposenentrerios\/","article_modified_time":"2024-11-01T22:31:41+00:00","og_image":[{"width":1080,"height":1080,"url":"https:\/\/camposenentrerios.com\/wp-content\/uploads\/2024\/05\/campos-en-entre-rios_1.1_DESCRIPCION_VENTAS_2024.webp","type":"image\/webp"}],"twitter_card":"summary_large_image","twitter_misc":{"Est. reading time":"1 minute"},"schema":{"@context":"https:\/\/schema.org","@graph":[{"@type":"WebPage","@id":"https:\/\/camposenentrerios.com\/producto\/campo-agricola-chico-venta-13-ha-aldea-reffino-parana-ruta-18\/","url":"https:\/\/camposenentrerios.com\/producto\/campo-agricola-chico-venta-13-ha-aldea-reffino-parana-ruta-18\/","name":"Agricultural land for sale. 13 ha. Reffino Village. Paran\u00e1. Route 18","isPartOf":{"@id":"https:\/\/camposenentrerios.com\/#website"},"primaryImageOfPage":{"@id":"https:\/\/camposenentrerios.com\/producto\/campo-agricola-chico-venta-13-ha-aldea-reffino-parana-ruta-18\/#primaryimage"},"image":{"@id":"https:\/\/camposenentrerios.com\/producto\/campo-agricola-chico-venta-13-ha-aldea-reffino-parana-ruta-18\/#primaryimage"},"thumbnailUrl":"https:\/\/camposenentrerios.com\/wp-content\/uploads\/2024\/05\/campos-en-entre-rios_1.1_DESCRIPCION_VENTAS_2024.webp","datePublished":"2024-05-03T21:51:15+00:00","dateModified":"2024-11-01T22:31:41+00:00","description":"Ofrecemos un excelente campo chico a la venta en Paran\u00e1 Entre Rios. Excelente Aptitud Agr\u00edcola. Buena Ubicaci\u00f3n. Acceso Ruta 18","breadcrumb":{"@id":"https:\/\/camposenentrerios.com\/producto\/campo-agricola-chico-venta-13-ha-aldea-reffino-parana-ruta-18\/#breadcrumb"},"inLanguage":"en-US","potentialAction":[{"@type":"ReadAction","target":["https:\/\/camposenentrerios.com\/producto\/campo-agricola-chico-venta-13-ha-aldea-reffino-parana-ruta-18\/"]}]},{"@type":"ImageObject","inLanguage":"en-US","@id":"https:\/\/camposenentrerios.com\/producto\/campo-agricola-chico-venta-13-ha-aldea-reffino-parana-ruta-18\/#primaryimage","url":"https:\/\/camposenentrerios.com\/wp-content\/uploads\/2024\/05\/campos-en-entre-rios_1.1_DESCRIPCION_VENTAS_2024.webp","contentUrl":"https:\/\/camposenentrerios.com\/wp-content\/uploads\/2024\/05\/campos-en-entre-rios_1.1_DESCRIPCION_VENTAS_2024.webp","width":1080,"height":1080},{"@type":"BreadcrumbList","@id":"https:\/\/camposenentrerios.com\/producto\/campo-agricola-chico-venta-13-ha-aldea-reffino-parana-ruta-18\/#breadcrumb","itemListElement":[{"@type":"ListItem","position":1,"name":"Inicio","item":"https:\/\/camposenentrerios.com\/"},{"@type":"ListItem","position":2,"name":"Tienda","item":"https:\/\/camposenentrerios.com\/tienda\/"},{"@type":"ListItem","position":3,"name":"Campo AGR\u00cdCOLA en venta. 13 ha. Aldea Reffino. Paran\u00e1. Ruta 18"}]},{"@type":"WebSite","@id":"https:\/\/camposenentrerios.com\/#website","url":"https:\/\/camposenentrerios.com\/","name":"Fields in Entre R\u00edos\u00ae","description":"Leading rural real estate agency in Entre R\u00edos. Sale of agricultural, mixed-use, and livestock properties. Specialized technical advice. Registered Trademark\u00ae with professional support.","publisher":{"@id":"https:\/\/camposenentrerios.com\/#organization"},"alternateName":"Campos en Entre Rios","potentialAction":[{"@type":"SearchAction","target":{"@type":"EntryPoint","urlTemplate":"https:\/\/camposenentrerios.com\/?s={search_term_string}"},"query-input":{"@type":"PropertyValueSpecification","valueRequired":true,"valueName":"search_term_string"}}],"inLanguage":"en-US"},{"@type":"Organization","@id":"https:\/\/camposenentrerios.com\/#organization","name":"Fields in Entre R\u00edos\u00ae","alternateName":"Campos en Entre Rios","url":"https:\/\/camposenentrerios.com\/","logo":{"@type":"ImageObject","inLanguage":"en-US","@id":"https:\/\/camposenentrerios.com\/#\/schema\/logo\/image\/","url":"https:\/\/camposenentrerios.com\/wp-content\/uploads\/2025\/03\/Logo-campos-en-entre-rios.webp","contentUrl":"https:\/\/camposenentrerios.com\/wp-content\/uploads\/2025\/03\/Logo-campos-en-entre-rios.webp","width":324,"height":324,"caption":"Campos en Entre R\u00edos\u00ae"},"image":{"@id":"https:\/\/camposenentrerios.com\/#\/schema\/logo\/image\/"},"sameAs":["https:\/\/www.facebook.com\/camposenentrerios\/","https:\/\/www.instagram.com\/camposenentrerios\/","https:\/\/www.youtube.com\/channel\/UCg91gblU8Pwy_BNg8pqmDmQ","https:\/\/www.tiktok.com\/@camposenentrerios"]}]}},"uagb_featured_image_src":{"full":["https:\/\/camposenentrerios.com\/wp-content\/uploads\/2024\/05\/campos-en-entre-rios_1.1_DESCRIPCION_VENTAS_2024.webp",1080,1080,false],"thumbnail":["https:\/\/camposenentrerios.com\/wp-content\/uploads\/2024\/05\/campos-en-entre-rios_1.1_DESCRIPCION_VENTAS_2024-150x150.webp",150,150,true],"medium":["https:\/\/camposenentrerios.com\/wp-content\/uploads\/2024\/05\/campos-en-entre-rios_1.1_DESCRIPCION_VENTAS_2024-300x300.webp",300,300,true],"medium_large":["https:\/\/camposenentrerios.com\/wp-content\/uploads\/2024\/05\/campos-en-entre-rios_1.1_DESCRIPCION_VENTAS_2024-768x768.webp",768,768,true],"large":["https:\/\/camposenentrerios.com\/wp-content\/uploads\/2024\/05\/campos-en-entre-rios_1.1_DESCRIPCION_VENTAS_2024-1024x1024.webp",1024,1024,true],"1536x1536":["https:\/\/camposenentrerios.com\/wp-content\/uploads\/2024\/05\/campos-en-entre-rios_1.1_DESCRIPCION_VENTAS_2024.webp",1080,1080,false],"2048x2048":["https:\/\/camposenentrerios.com\/wp-content\/uploads\/2024\/05\/campos-en-entre-rios_1.1_DESCRIPCION_VENTAS_2024.webp",1080,1080,false],"trp-custom-language-flag":["https:\/\/camposenentrerios.com\/wp-content\/uploads\/2024\/05\/campos-en-entre-rios_1.1_DESCRIPCION_VENTAS_2024.webp",12,12,false],"neve-blog":["https:\/\/camposenentrerios.com\/wp-content\/uploads\/2024\/05\/campos-en-entre-rios_1.1_DESCRIPCION_VENTAS_2024-930x620.webp",930,620,true],"woocommerce_thumbnail":["https:\/\/camposenentrerios.com\/wp-content\/uploads\/2024\/05\/campos-en-entre-rios_1.1_DESCRIPCION_VENTAS_2024-300x300.webp",300,300,true],"woocommerce_single":["https:\/\/camposenentrerios.com\/wp-content\/uploads\/2024\/05\/campos-en-entre-rios_1.1_DESCRIPCION_VENTAS_2024-600x600.webp",600,600,true],"woocommerce_gallery_thumbnail":["https:\/\/camposenentrerios.com\/wp-content\/uploads\/2024\/05\/campos-en-entre-rios_1.1_DESCRIPCION_VENTAS_2024-100x100.webp",100,100,true]},"uagb_author_info":{"display_name":"Campos en Entre Rios","author_link":"https:\/\/camposenentrerios.com\/en\/author\/"},"uagb_comment_info":0,"uagb_excerpt":"Ubicaci\u00f3n Aldea Reffino, PARAN\u00c1, Entre R\u00edos, Argentina DISTANCIAS a 30 km de Paran\u00e1 a 25 Km de Viale ACCESOS Acceso por asfalto y broza. (Referencia Ruta 18) APTITUD DE USO AGRICULTURA apto rotaci\u00f3n de cultivos extensivos, Trigo \/ Soja, Ma\u00edz. 75% uso para AGRICULTURA (Rotaci\u00f3n de cultivos agr\u00edcolas) SUPERFICIE 13 Hect\u00e1reas totales Queres COMPRAR \u2013&hellip;&nbsp;Read&hellip;","_links":{"self":[{"href":"https:\/\/camposenentrerios.com\/en\/wp-json\/wp\/v2\/product\/1256","targetHints":{"allow":["GET"]}}],"collection":[{"href":"https:\/\/camposenentrerios.com\/en\/wp-json\/wp\/v2\/product"}],"about":[{"href":"https:\/\/camposenentrerios.com\/en\/wp-json\/wp\/v2\/types\/product"}],"replies":[{"embeddable":true,"href":"https:\/\/camposenentrerios.com\/en\/wp-json\/wp\/v2\/comments?post=1256"}],"wp:featuredmedia":[{"embeddable":true,"href":"https:\/\/camposenentrerios.com\/en\/wp-json\/wp\/v2\/media\/1257"}],"wp:attachment":[{"href":"https:\/\/camposenentrerios.com\/en\/wp-json\/wp\/v2\/media?parent=1256"}],"wp:term":[{"taxonomy":"product_brand","embeddable":true,"href":"https:\/\/camposenentrerios.com\/en\/wp-json\/wp\/v2\/product_brand?post=1256"},{"taxonomy":"product_cat","embeddable":true,"href":"https:\/\/camposenentrerios.com\/en\/wp-json\/wp\/v2\/product_cat?post=1256"},{"taxonomy":"product_tag","embeddable":true,"href":"https:\/\/camposenentrerios.com\/en\/wp-json\/wp\/v2\/product_tag?post=1256"}],"curies":[{"name":"wp","href":"https:\/\/api.w.org\/{rel}","templated":true}]}}