{"id":2296,"date":"2025-03-03T00:19:25","date_gmt":"2025-03-03T03:19:25","guid":{"rendered":"https:\/\/camposenentrerios.com\/?page_id=2296"},"modified":"2025-03-03T15:45:56","modified_gmt":"2025-03-03T18:45:56","slug":"noticias-del-campo","status":"publish","type":"page","link":"https:\/\/camposenentrerios.com\/en\/noticias-del-campo\/","title":{"rendered":"News from the Field"},"content":{"rendered":"<h2 class=\"wp-block-heading\">Latest News<\/h2>\n\n\n<div class=\"is-style-boxed has-dark-bg wp-block-themeisle-blocks-posts-grid\" id=\"wp-block-themeisle-blocks-posts-grid-571f0528\"><div class=\"is-grid o-posts-grid-columns-3\"><div class=\"o-posts-grid-post-blog o-posts-grid-post-plain\"><div class=\"o-posts-grid-post\"><div class=\"o-posts-grid-post-image\"><a href=\"https:\/\/camposenentrerios.com\/en\/innovacion-cordobesa-revoluciona-control-de-malezas-ecocaio\/\"><img loading=\"lazy\" decoding=\"async\" width=\"599\" height=\"337\" src=\"https:\/\/camposenentrerios.com\/wp-content\/uploads\/2025\/02\/ecocaio-2_2025.webp\" class=\"attachment-full size-full\" alt=\"Una Innovaci\u00f3n Cordobesa que Revoluciona el Control de Malezas: As\u00ed es ECOCAIO\" srcset=\"https:\/\/camposenentrerios.com\/wp-content\/uploads\/2025\/02\/ecocaio-2_2025.webp 599w, https:\/\/camposenentrerios.com\/wp-content\/uploads\/2025\/02\/ecocaio-2_2025-300x169.webp 300w\" sizes=\"(max-width: 599px) 100vw, 599px\" \/><\/a><\/div><div class=\"o-posts-grid-post-body\"><span class=\"o-posts-grid-post-category\"><a href=\"https:\/\/camposenentrerios.com\/en\/category\/maquinaria\/\">Machinery<\/a><\/span><h4 class=\"o-posts-grid-post-title\"><a href=\"https:\/\/camposenentrerios.com\/en\/innovacion-cordobesa-revoluciona-control-de-malezas-ecocaio\/\">A Cordoban Innovation that Revolutionizes Weed Control: This is ECOCAIO<\/a><\/h4><p class=\"o-posts-grid-post-meta\">Posted on <time datetime=\"2025-03-02T23:36:54-03:00\">March 2, 2025<\/time> by <a href=\"https:\/\/camposenentrerios.com\/en\/author\/noticias-del-campo\/\">News from the Field<\/a><\/p><div class=\"o-posts-grid-post-description\"><p>In a country where agriculture is synonymous with tradition, a family from Cordoba managed to transform a\u2026<\/p><\/div><\/div><\/div><\/div><div class=\"o-posts-grid-post-blog o-posts-grid-post-plain\"><div class=\"o-posts-grid-post\"><div class=\"o-posts-grid-post-image\"><a href=\"https:\/\/camposenentrerios.com\/en\/abel-pintos-revolucion-agroecologica-e-mendoza\/\"><img loading=\"lazy\" decoding=\"async\" width=\"1023\" height=\"576\" src=\"https:\/\/camposenentrerios.com\/wp-content\/uploads\/2025\/02\/Abel-pintos-microfono-sombrero-de-paja.webp\" class=\"attachment-full size-full\" alt=\"Abel Pintos: El Artista que Cambi\u00f3 el Micr\u00f3fono por el Sombrero de Paja\" srcset=\"https:\/\/camposenentrerios.com\/wp-content\/uploads\/2025\/02\/Abel-pintos-microfono-sombrero-de-paja.webp 1023w, https:\/\/camposenentrerios.com\/wp-content\/uploads\/2025\/02\/Abel-pintos-microfono-sombrero-de-paja-300x169.webp 300w, https:\/\/camposenentrerios.com\/wp-content\/uploads\/2025\/02\/Abel-pintos-microfono-sombrero-de-paja-600x338.webp 600w, https:\/\/camposenentrerios.com\/wp-content\/uploads\/2025\/02\/Abel-pintos-microfono-sombrero-de-paja-768x432.webp 768w\" sizes=\"(max-width: 1023px) 100vw, 1023px\" \/><\/a><\/div><div class=\"o-posts-grid-post-body\"><span class=\"o-posts-grid-post-category\"><a href=\"https:\/\/camposenentrerios.com\/en\/category\/economia-regional\/\">Regional Economy<\/a><\/span><h4 class=\"o-posts-grid-post-title\"><a href=\"https:\/\/camposenentrerios.com\/en\/abel-pintos-revolucion-agroecologica-e-mendoza\/\">Abel Pintos and his Agroecological Revolution in Mendoza<\/a><\/h4><p class=\"o-posts-grid-post-meta\">Posted on <time datetime=\"2025-03-02T23:28:06-03:00\">March 2, 2025<\/time> by <a href=\"https:\/\/camposenentrerios.com\/en\/author\/noticias-del-campo\/\">News from the Field<\/a><\/p><div class=\"o-posts-grid-post-description\"><p>Renowned Argentine artist Abel Pintos is making people talk, but this time it&#039;s not for his music...<\/p><\/div><\/div><\/div><\/div><\/div> <\/div>\n\n\n<div style=\"height:78px\" aria-hidden=\"true\" class=\"wp-block-spacer\"><\/div>\n\n\n<p class=\"is-style-outline wp-block-tag-cloud\"><a href=\"https:\/\/camposenentrerios.com\/en\/tag\/cordoba\/\" class=\"tag-cloud-link tag-link-36 tag-link-position-1\" style=\"font-size: 8pt;\" aria-label=\"Cordoba (1 item)\">Cordova<\/a>\n<a href=\"https:\/\/camposenentrerios.com\/en\/tag\/mendoza\/\" class=\"tag-cloud-link tag-link-37 tag-link-position-2\" style=\"font-size: 8pt;\" aria-label=\"Mendoza (1 item)\">Mendoza<\/a><\/p>\n\n\n<div class=\"wp-block-group is-nowrap is-layout-flex wp-container-core-group-is-layout-ad2f72ca wp-block-group-is-layout-flex\"><div class=\"wp-block-avatar\"><a href=\"https:\/\/camposenentrerios.com\/en\/author\/noticias-del-campo\/\" target=\"_self\"  class=\"wp-block-avatar__link\"><img alt='Noticias del Campo Avatar' src='https:\/\/secure.gravatar.com\/avatar\/4144c35e8338e935b749f812a16d30d5269aa5f28259d32cf8aeb518c8ba94c9?s=96&#038;r=g' srcset='https:\/\/secure.gravatar.com\/avatar\/4144c35e8338e935b749f812a16d30d5269aa5f28259d32cf8aeb518c8ba94c9?s=192&#038;r=g 2x' class='avatar avatar-96 photo wp-block-avatar__image' height='96' width='96' \/><\/a><\/div>\n\n\n<p class=\"has-neve-text-color-color has-text-color has-link-color has-cardo-font-family wp-elements-e89ef29cc88c0005331ff3a18cacc8a6\"><strong>By<\/strong><\/p>\n\n\n\n<p class=\"has-text-color has-link-color has-cardo-font-family wp-elements-40e872571a11cc784e216b02c19f15b4\" style=\"color:#92825f\"><strong>Fields in Entre Rios<\/strong><\/p>\n\n\n\n<p>|<\/p>\n\n\n\n<p><a href=\"https:\/\/camposenentrerios.com\/en\/noticias-del-campo\/\">News from the Field<\/a><\/p>\n<\/div>\n\n\n\n<p><\/p>","protected":false},"excerpt":{"rendered":"<p>Latest News<\/p>","protected":false},"author":3,"featured_media":2298,"parent":0,"menu_order":0,"comment_status":"closed","ping_status":"closed","template":"","meta":{"_uag_custom_page_level_css":"","neve_meta_sidebar":"right","neve_meta_container":"contained","neve_meta_enable_content_width":"on","neve_meta_content_width":70,"neve_meta_title_alignment":"","neve_meta_author_avatar":"","neve_post_elements_order":"","neve_meta_disable_header":"","neve_meta_disable_footer":"","neve_meta_disable_title":"","_themeisle_gutenberg_block_has_review":false,"footnotes":""},"class_list":["post-2296","page","type-page","status-publish","has-post-thumbnail","hentry"],"yoast_head":"<!-- This site is optimized with the Yoast SEO plugin v27.4 - https:\/\/yoast.com\/product\/yoast-seo-wordpress\/ -->\n<title>Noticias del Campo - Campos en Entre Rios<\/title>\n<meta name=\"robots\" content=\"index, follow, max-snippet:-1, max-image-preview:large, max-video-preview:-1\" \/>\n<link rel=\"canonical\" href=\"https:\/\/camposenentrerios.com\/en\/noticias-del-campo\/\" \/>\n<meta property=\"og:locale\" content=\"en_US\" \/>\n<meta property=\"og:type\" content=\"article\" \/>\n<meta property=\"og:title\" content=\"Noticias del Campo - Campos en Entre Rios\" \/>\n<meta property=\"og:description\" content=\"Ultimas Noticias\" \/>\n<meta property=\"og:url\" content=\"https:\/\/camposenentrerios.com\/en\/noticias-del-campo\/\" \/>\n<meta property=\"og:site_name\" content=\"Campos en Entre Rios\" \/>\n<meta property=\"article:publisher\" content=\"https:\/\/www.facebook.com\/camposenentrerios\/\" \/>\n<meta property=\"article:modified_time\" content=\"2025-03-03T18:45:56+00:00\" \/>\n<meta property=\"og:image\" content=\"https:\/\/camposenentrerios.com\/wp-content\/uploads\/2025\/03\/pexels-photo-26763424-26763424-scaled.jpg\" \/>\n\t<meta property=\"og:image:width\" content=\"1707\" \/>\n\t<meta property=\"og:image:height\" content=\"2560\" \/>\n\t<meta property=\"og:image:type\" content=\"image\/jpeg\" \/>\n<meta name=\"twitter:card\" content=\"summary_large_image\" \/>\n<meta name=\"twitter:label1\" content=\"Est. reading time\" \/>\n\t<meta name=\"twitter:data1\" content=\"1 minute\" \/>\n<script type=\"application\/ld+json\" class=\"yoast-schema-graph\">{\"@context\":\"https:\\\/\\\/schema.org\",\"@graph\":[{\"@type\":\"Article\",\"@id\":\"https:\\\/\\\/camposenentrerios.com\\\/noticias-del-campo\\\/#article\",\"isPartOf\":{\"@id\":\"https:\\\/\\\/camposenentrerios.com\\\/noticias-del-campo\\\/\"},\"author\":{\"name\":\"Noticias del Campo\",\"@id\":\"https:\\\/\\\/camposenentrerios.com\\\/#\\\/schema\\\/person\\\/5fade47f1ada92a01b1f37fb2912b2ba\"},\"headline\":\"Noticias del Campo\",\"datePublished\":\"2025-03-03T03:19:25+00:00\",\"dateModified\":\"2025-03-03T18:45:56+00:00\",\"mainEntityOfPage\":{\"@id\":\"https:\\\/\\\/camposenentrerios.com\\\/noticias-del-campo\\\/\"},\"wordCount\":5,\"publisher\":{\"@id\":\"https:\\\/\\\/camposenentrerios.com\\\/#organization\"},\"image\":{\"@id\":\"https:\\\/\\\/camposenentrerios.com\\\/noticias-del-campo\\\/#primaryimage\"},\"thumbnailUrl\":\"https:\\\/\\\/camposenentrerios.com\\\/wp-content\\\/uploads\\\/2025\\\/03\\\/pexels-photo-26763424-26763424-scaled.jpg\",\"inLanguage\":\"en-US\"},{\"@type\":\"WebPage\",\"@id\":\"https:\\\/\\\/camposenentrerios.com\\\/noticias-del-campo\\\/\",\"url\":\"https:\\\/\\\/camposenentrerios.com\\\/noticias-del-campo\\\/\",\"name\":\"Noticias del Campo - Campos en Entre Rios\",\"isPartOf\":{\"@id\":\"https:\\\/\\\/camposenentrerios.com\\\/#website\"},\"primaryImageOfPage\":{\"@id\":\"https:\\\/\\\/camposenentrerios.com\\\/noticias-del-campo\\\/#primaryimage\"},\"image\":{\"@id\":\"https:\\\/\\\/camposenentrerios.com\\\/noticias-del-campo\\\/#primaryimage\"},\"thumbnailUrl\":\"https:\\\/\\\/camposenentrerios.com\\\/wp-content\\\/uploads\\\/2025\\\/03\\\/pexels-photo-26763424-26763424-scaled.jpg\",\"datePublished\":\"2025-03-03T03:19:25+00:00\",\"dateModified\":\"2025-03-03T18:45:56+00:00\",\"breadcrumb\":{\"@id\":\"https:\\\/\\\/camposenentrerios.com\\\/noticias-del-campo\\\/#breadcrumb\"},\"inLanguage\":\"en-US\",\"potentialAction\":[{\"@type\":\"ReadAction\",\"target\":[\"https:\\\/\\\/camposenentrerios.com\\\/noticias-del-campo\\\/\"]}]},{\"@type\":\"ImageObject\",\"inLanguage\":\"en-US\",\"@id\":\"https:\\\/\\\/camposenentrerios.com\\\/noticias-del-campo\\\/#primaryimage\",\"url\":\"https:\\\/\\\/camposenentrerios.com\\\/wp-content\\\/uploads\\\/2025\\\/03\\\/pexels-photo-26763424-26763424-scaled.jpg\",\"contentUrl\":\"https:\\\/\\\/camposenentrerios.com\\\/wp-content\\\/uploads\\\/2025\\\/03\\\/pexels-photo-26763424-26763424-scaled.jpg\",\"width\":1707,\"height\":2560,\"caption\":\"Golden wheat field illuminated by the soft light of dawn or dusk, evoking a serene rural atmosphere.\"},{\"@type\":\"BreadcrumbList\",\"@id\":\"https:\\\/\\\/camposenentrerios.com\\\/noticias-del-campo\\\/#breadcrumb\",\"itemListElement\":[{\"@type\":\"ListItem\",\"position\":1,\"name\":\"Inicio\",\"item\":\"https:\\\/\\\/camposenentrerios.com\\\/\"},{\"@type\":\"ListItem\",\"position\":2,\"name\":\"Noticias del Campo\"}]},{\"@type\":\"WebSite\",\"@id\":\"https:\\\/\\\/camposenentrerios.com\\\/#website\",\"url\":\"https:\\\/\\\/camposenentrerios.com\\\/\",\"name\":\"Campos en Entre R\u00edos\u00ae\",\"description\":\"Inmobiliaria rural l\u00edder en Entre R\u00edos. Venta de campos agr\u00edcolas, mixtos y ganaderos. Asesoramiento t\u00e9cnico especializado. Marca Registrada\u00ae con respaldo profesional.\",\"publisher\":{\"@id\":\"https:\\\/\\\/camposenentrerios.com\\\/#organization\"},\"alternateName\":\"Campos en Entre Rios\",\"potentialAction\":[{\"@type\":\"SearchAction\",\"target\":{\"@type\":\"EntryPoint\",\"urlTemplate\":\"https:\\\/\\\/camposenentrerios.com\\\/?s={search_term_string}\"},\"query-input\":{\"@type\":\"PropertyValueSpecification\",\"valueRequired\":true,\"valueName\":\"search_term_string\"}}],\"inLanguage\":\"en-US\"},{\"@type\":\"Organization\",\"@id\":\"https:\\\/\\\/camposenentrerios.com\\\/#organization\",\"name\":\"Campos en Entre R\u00edos\u00ae\",\"alternateName\":\"Campos en Entre Rios\",\"url\":\"https:\\\/\\\/camposenentrerios.com\\\/\",\"logo\":{\"@type\":\"ImageObject\",\"inLanguage\":\"en-US\",\"@id\":\"https:\\\/\\\/camposenentrerios.com\\\/#\\\/schema\\\/logo\\\/image\\\/\",\"url\":\"https:\\\/\\\/camposenentrerios.com\\\/wp-content\\\/uploads\\\/2025\\\/03\\\/Logo-campos-en-entre-rios.webp\",\"contentUrl\":\"https:\\\/\\\/camposenentrerios.com\\\/wp-content\\\/uploads\\\/2025\\\/03\\\/Logo-campos-en-entre-rios.webp\",\"width\":324,\"height\":324,\"caption\":\"Campos en Entre R\u00edos\u00ae\"},\"image\":{\"@id\":\"https:\\\/\\\/camposenentrerios.com\\\/#\\\/schema\\\/logo\\\/image\\\/\"},\"sameAs\":[\"https:\\\/\\\/www.facebook.com\\\/camposenentrerios\\\/\",\"https:\\\/\\\/www.instagram.com\\\/camposenentrerios\\\/\",\"https:\\\/\\\/www.youtube.com\\\/channel\\\/UCg91gblU8Pwy_BNg8pqmDmQ\",\"https:\\\/\\\/www.tiktok.com\\\/@camposenentrerios\"]},{\"@type\":\"Person\",\"@id\":\"https:\\\/\\\/camposenentrerios.com\\\/#\\\/schema\\\/person\\\/5fade47f1ada92a01b1f37fb2912b2ba\",\"name\":\"Noticias del Campo\",\"image\":{\"@type\":\"ImageObject\",\"inLanguage\":\"en-US\",\"@id\":\"https:\\\/\\\/secure.gravatar.com\\\/avatar\\\/4144c35e8338e935b749f812a16d30d5269aa5f28259d32cf8aeb518c8ba94c9?s=96&r=g\",\"url\":\"https:\\\/\\\/secure.gravatar.com\\\/avatar\\\/4144c35e8338e935b749f812a16d30d5269aa5f28259d32cf8aeb518c8ba94c9?s=96&r=g\",\"contentUrl\":\"https:\\\/\\\/secure.gravatar.com\\\/avatar\\\/4144c35e8338e935b749f812a16d30d5269aa5f28259d32cf8aeb518c8ba94c9?s=96&r=g\",\"caption\":\"Noticias del Campo\"},\"url\":\"https:\\\/\\\/camposenentrerios.com\\\/en\\\/author\\\/noticias-del-campo\\\/\"}]}<\/script>\n<!-- \/ Yoast SEO plugin. -->","yoast_head_json":{"title":"Rural News - Fields in Entre Rios","robots":{"index":"index","follow":"follow","max-snippet":"max-snippet:-1","max-image-preview":"max-image-preview:large","max-video-preview":"max-video-preview:-1"},"canonical":"https:\/\/camposenentrerios.com\/en\/noticias-del-campo\/","og_locale":"en_US","og_type":"article","og_title":"Noticias del Campo - Campos en Entre Rios","og_description":"Ultimas Noticias","og_url":"https:\/\/camposenentrerios.com\/en\/noticias-del-campo\/","og_site_name":"Campos en Entre Rios","article_publisher":"https:\/\/www.facebook.com\/camposenentrerios\/","article_modified_time":"2025-03-03T18:45:56+00:00","og_image":[{"width":1707,"height":2560,"url":"https:\/\/camposenentrerios.com\/wp-content\/uploads\/2025\/03\/pexels-photo-26763424-26763424-scaled.jpg","type":"image\/jpeg"}],"twitter_card":"summary_large_image","twitter_misc":{"Est. reading time":"1 minute"},"schema":{"@context":"https:\/\/schema.org","@graph":[{"@type":"Article","@id":"https:\/\/camposenentrerios.com\/noticias-del-campo\/#article","isPartOf":{"@id":"https:\/\/camposenentrerios.com\/noticias-del-campo\/"},"author":{"name":"Noticias del Campo","@id":"https:\/\/camposenentrerios.com\/#\/schema\/person\/5fade47f1ada92a01b1f37fb2912b2ba"},"headline":"Noticias del Campo","datePublished":"2025-03-03T03:19:25+00:00","dateModified":"2025-03-03T18:45:56+00:00","mainEntityOfPage":{"@id":"https:\/\/camposenentrerios.com\/noticias-del-campo\/"},"wordCount":5,"publisher":{"@id":"https:\/\/camposenentrerios.com\/#organization"},"image":{"@id":"https:\/\/camposenentrerios.com\/noticias-del-campo\/#primaryimage"},"thumbnailUrl":"https:\/\/camposenentrerios.com\/wp-content\/uploads\/2025\/03\/pexels-photo-26763424-26763424-scaled.jpg","inLanguage":"en-US"},{"@type":"WebPage","@id":"https:\/\/camposenentrerios.com\/noticias-del-campo\/","url":"https:\/\/camposenentrerios.com\/noticias-del-campo\/","name":"Rural News - Fields in Entre Rios","isPartOf":{"@id":"https:\/\/camposenentrerios.com\/#website"},"primaryImageOfPage":{"@id":"https:\/\/camposenentrerios.com\/noticias-del-campo\/#primaryimage"},"image":{"@id":"https:\/\/camposenentrerios.com\/noticias-del-campo\/#primaryimage"},"thumbnailUrl":"https:\/\/camposenentrerios.com\/wp-content\/uploads\/2025\/03\/pexels-photo-26763424-26763424-scaled.jpg","datePublished":"2025-03-03T03:19:25+00:00","dateModified":"2025-03-03T18:45:56+00:00","breadcrumb":{"@id":"https:\/\/camposenentrerios.com\/noticias-del-campo\/#breadcrumb"},"inLanguage":"en-US","potentialAction":[{"@type":"ReadAction","target":["https:\/\/camposenentrerios.com\/noticias-del-campo\/"]}]},{"@type":"ImageObject","inLanguage":"en-US","@id":"https:\/\/camposenentrerios.com\/noticias-del-campo\/#primaryimage","url":"https:\/\/camposenentrerios.com\/wp-content\/uploads\/2025\/03\/pexels-photo-26763424-26763424-scaled.jpg","contentUrl":"https:\/\/camposenentrerios.com\/wp-content\/uploads\/2025\/03\/pexels-photo-26763424-26763424-scaled.jpg","width":1707,"height":2560,"caption":"Golden wheat field illuminated by the soft light of dawn or dusk, evoking a serene rural atmosphere."},{"@type":"BreadcrumbList","@id":"https:\/\/camposenentrerios.com\/noticias-del-campo\/#breadcrumb","itemListElement":[{"@type":"ListItem","position":1,"name":"Inicio","item":"https:\/\/camposenentrerios.com\/"},{"@type":"ListItem","position":2,"name":"Noticias del Campo"}]},{"@type":"WebSite","@id":"https:\/\/camposenentrerios.com\/#website","url":"https:\/\/camposenentrerios.com\/","name":"Fields in Entre R\u00edos\u00ae","description":"Leading rural real estate agency in Entre R\u00edos. Sale of agricultural, mixed-use, and livestock properties. Specialized technical advice. Registered Trademark\u00ae with professional support.","publisher":{"@id":"https:\/\/camposenentrerios.com\/#organization"},"alternateName":"Campos en Entre Rios","potentialAction":[{"@type":"SearchAction","target":{"@type":"EntryPoint","urlTemplate":"https:\/\/camposenentrerios.com\/?s={search_term_string}"},"query-input":{"@type":"PropertyValueSpecification","valueRequired":true,"valueName":"search_term_string"}}],"inLanguage":"en-US"},{"@type":"Organization","@id":"https:\/\/camposenentrerios.com\/#organization","name":"Fields in Entre R\u00edos\u00ae","alternateName":"Campos en Entre Rios","url":"https:\/\/camposenentrerios.com\/","logo":{"@type":"ImageObject","inLanguage":"en-US","@id":"https:\/\/camposenentrerios.com\/#\/schema\/logo\/image\/","url":"https:\/\/camposenentrerios.com\/wp-content\/uploads\/2025\/03\/Logo-campos-en-entre-rios.webp","contentUrl":"https:\/\/camposenentrerios.com\/wp-content\/uploads\/2025\/03\/Logo-campos-en-entre-rios.webp","width":324,"height":324,"caption":"Campos en Entre R\u00edos\u00ae"},"image":{"@id":"https:\/\/camposenentrerios.com\/#\/schema\/logo\/image\/"},"sameAs":["https:\/\/www.facebook.com\/camposenentrerios\/","https:\/\/www.instagram.com\/camposenentrerios\/","https:\/\/www.youtube.com\/channel\/UCg91gblU8Pwy_BNg8pqmDmQ","https:\/\/www.tiktok.com\/@camposenentrerios"]},{"@type":"Person","@id":"https:\/\/camposenentrerios.com\/#\/schema\/person\/5fade47f1ada92a01b1f37fb2912b2ba","name":"News from the Field","image":{"@type":"ImageObject","inLanguage":"en-US","@id":"https:\/\/secure.gravatar.com\/avatar\/4144c35e8338e935b749f812a16d30d5269aa5f28259d32cf8aeb518c8ba94c9?s=96&r=g","url":"https:\/\/secure.gravatar.com\/avatar\/4144c35e8338e935b749f812a16d30d5269aa5f28259d32cf8aeb518c8ba94c9?s=96&r=g","contentUrl":"https:\/\/secure.gravatar.com\/avatar\/4144c35e8338e935b749f812a16d30d5269aa5f28259d32cf8aeb518c8ba94c9?s=96&r=g","caption":"Noticias del Campo"},"url":"https:\/\/camposenentrerios.com\/en\/author\/noticias-del-campo\/"}]}},"uagb_featured_image_src":{"full":["https:\/\/camposenentrerios.com\/wp-content\/uploads\/2025\/03\/pexels-photo-26763424-26763424-scaled.jpg",1707,2560,false],"thumbnail":["https:\/\/camposenentrerios.com\/wp-content\/uploads\/2025\/03\/pexels-photo-26763424-26763424-150x150.jpg",150,150,true],"medium":["https:\/\/camposenentrerios.com\/wp-content\/uploads\/2025\/03\/pexels-photo-26763424-26763424-200x300.jpg",200,300,true],"medium_large":["https:\/\/camposenentrerios.com\/wp-content\/uploads\/2025\/03\/pexels-photo-26763424-26763424-768x1152.jpg",768,1152,true],"large":["https:\/\/camposenentrerios.com\/wp-content\/uploads\/2025\/03\/pexels-photo-26763424-26763424-683x1024.jpg",683,1024,true],"1536x1536":["https:\/\/camposenentrerios.com\/wp-content\/uploads\/2025\/03\/pexels-photo-26763424-26763424-1024x1536.jpg",1024,1536,true],"2048x2048":["https:\/\/camposenentrerios.com\/wp-content\/uploads\/2025\/03\/pexels-photo-26763424-26763424-1365x2048.jpg",1365,2048,true],"trp-custom-language-flag":["https:\/\/camposenentrerios.com\/wp-content\/uploads\/2025\/03\/pexels-photo-26763424-26763424-8x12.jpg",8,12,true],"neve-blog":["https:\/\/camposenentrerios.com\/wp-content\/uploads\/2025\/03\/pexels-photo-26763424-26763424-930x620.jpg",930,620,true],"woocommerce_thumbnail":["https:\/\/camposenentrerios.com\/wp-content\/uploads\/2025\/03\/pexels-photo-26763424-26763424-300x450.jpg",300,450,true],"woocommerce_single":["https:\/\/camposenentrerios.com\/wp-content\/uploads\/2025\/03\/pexels-photo-26763424-26763424-600x900.jpg",600,900,true],"woocommerce_gallery_thumbnail":["https:\/\/camposenentrerios.com\/wp-content\/uploads\/2025\/03\/pexels-photo-26763424-26763424-100x100.jpg",100,100,true]},"uagb_author_info":{"display_name":"Noticias del Campo","author_link":"https:\/\/camposenentrerios.com\/en\/author\/noticias-del-campo\/"},"uagb_comment_info":0,"uagb_excerpt":"Ultimas Noticias","_links":{"self":[{"href":"https:\/\/camposenentrerios.com\/en\/wp-json\/wp\/v2\/pages\/2296","targetHints":{"allow":["GET"]}}],"collection":[{"href":"https:\/\/camposenentrerios.com\/en\/wp-json\/wp\/v2\/pages"}],"about":[{"href":"https:\/\/camposenentrerios.com\/en\/wp-json\/wp\/v2\/types\/page"}],"author":[{"embeddable":true,"href":"https:\/\/camposenentrerios.com\/en\/wp-json\/wp\/v2\/users\/3"}],"replies":[{"embeddable":true,"href":"https:\/\/camposenentrerios.com\/en\/wp-json\/wp\/v2\/comments?post=2296"}],"version-history":[{"count":27,"href":"https:\/\/camposenentrerios.com\/en\/wp-json\/wp\/v2\/pages\/2296\/revisions"}],"predecessor-version":[{"id":2448,"href":"https:\/\/camposenentrerios.com\/en\/wp-json\/wp\/v2\/pages\/2296\/revisions\/2448"}],"wp:featuredmedia":[{"embeddable":true,"href":"https:\/\/camposenentrerios.com\/en\/wp-json\/wp\/v2\/media\/2298"}],"wp:attachment":[{"href":"https:\/\/camposenentrerios.com\/en\/wp-json\/wp\/v2\/media?parent=2296"}],"curies":[{"name":"wp","href":"https:\/\/api.w.org\/{rel}","templated":true}]}}